{"id":9781,"date":"2022-01-17T18:34:09","date_gmt":"2022-01-17T18:34:09","guid":{"rendered":"https:\/\/sea-sa.com.mx\/site\/?post_type=product&#038;p=9781"},"modified":"2022-01-17T19:05:33","modified_gmt":"2022-01-17T19:05:33","slug":"linea-phoenix-xq-soldadura-mig-mag","status":"publish","type":"product","link":"https:\/\/sea-sa.com.mx\/site\/producto\/linea-phoenix-xq-soldadura-mig-mag\/","title":{"rendered":"L\u00ednea Phoenix XQ"},"content":{"rendered":"<p><strong>Cat\u00e1logo de productos de la l\u00ednea\u00a0 Phoenix XQ:<\/strong><\/p>\n<p>M\u00e1quinas de soldadura inverter MIG\/MAG, arco pulsado, con alimentador de hilo separado.<\/p>\n<ul>\n<li style=\"font-weight: 400;\">Phoenix XQ 350 puls DW<\/li>\n<li>Phoenix XQ 350 puls DW EX<\/li>\n<li>Phoenix XQ 400 puls DW<\/li>\n<li>Phoenix XQ 400 puls DW EX<\/li>\n<li>Phoenix XQ 500 puls DW<\/li>\n<li>Phoenix XQ 500 puls DW EX<\/li>\n<li>Phoenix XQ 600 puls DW<\/li>\n<li>Phoenix XQ 600 puls DW EX<\/li>\n<\/ul>\n<p>M\u00e1quinas de soldadura inverter MIG\/MAG, arco pulsado, con alimentador de hilo integrado.<\/p>\n<ul>\n<li>Phoenix XQ 355 puls D<\/li>\n<li>Phoenix XQ 355 puls D EX<\/li>\n<li>Phoenix XQ 405 puls D<\/li>\n<li>Phoenix XQ 405 puls D EX<\/li>\n<li>Phoenix XQ 505 puls D<\/li>\n<li>Phoenix XQ 505 puls D EX<\/li>\n<li>Phoenix XQ 350 puls CG EX Wifi 8 pol<\/li>\n<li>Phoenix XQ 350 puls CG HP<\/li>\n<li>Phoenix XQ 350 puls CW EX<\/li>\n<li>Phoenix XQ 350 puls CW HP<\/li>\n<li>Phoenix XQ 350 puls CW LP<\/li>\n<li>Phoenix XQ 400 puls CW HP<\/li>\n<li>Phoenix XQ 400 puls CW LP<\/li>\n<\/ul>\n","protected":false},"excerpt":{"rendered":"<p>M\u00e1quinas de soldadura de la l\u00ednea Phoenix XQ<\/p>\n<p>Equipos de soldadura MIG\/MAG con l\u00edneas de caracter\u00edsticas innovadoras rootArc\u00ae XQ \/ rootArc\u00ae puls XQ, forceArc\u00ae XQ \/ forceArc\u00ae puls XQ, arco pulsado \/ superPuls y Positionweld para aluminio.<\/p>\n<p>Con variedad de equipos en:<\/p>\n<ul class=\"bgrd description_list\">\n<li class=\"first-item\" data-sortnum=\"1,00\" data-textid=\"7413259\">M\u00e1quinas de soldadura inverter MIG\/MAG, arco pulsado, con alimentador de hilo separado<\/li>\n<li class=\"first-item\" data-sortnum=\"1,00\" data-textid=\"7413269\">M\u00e1quinas de soldadura inverter MIG\/MAG, arco pulsado, con alimentador de hilo integrado<\/li>\n<\/ul>\n<p>\u00a1Solicita informaci\u00f3n sin compromiso!<\/p>\n[fusion_button link=\"https:\/\/sea-sa.com.mx\/site\/contacto-empresa-soldadura-equipos-antorchas\/?interes=Tetrix 230 Comfort 2.0 puls 5P TM\" text_transform=\"\" title=\"Cont\u00e1ctanos para asesorarte\" target=\"_self\" link_attributes=\"\" alignment=\"center\" modal=\"\" hide_on_mobile=\"small-visibility,medium-visibility,large-visibility\" class=\"\" id=\"\" color=\"custom\" button_gradient_top_color=\"#ba0000\" button_gradient_bottom_color=\"#a50000\" button_gradient_top_color_hover=\"#a50000\" button_gradient_bottom_color_hover=\"#ba0000\" accent_color=\"#ffffff\" accent_hover_color=\"#eaeaea\" type=\"\" bevel_color=\"\" border_width=\"\" size=\"large\" stretch=\"default\" shape=\"pill\" icon=\"fa-info-circle fas\" icon_position=\"left\" icon_divider=\"yes\" animation_type=\"\" animation_direction=\"left\" animation_speed=\"0.3\" animation_offset=\"\"]SOLICITAR INFORMACI\u00d3N[\/fusion_button]\n","protected":false},"featured_media":9784,"template":"","meta":{"ngg_post_thumbnail":0},"product_brand":[],"product_cat":[62],"product_tag":[],"class_list":{"0":"post-9781","1":"product","2":"type-product","3":"status-publish","4":"has-post-thumbnail","6":"product_cat-maquina-soldadura-ewm-group-mig-pulso-multiproceso-titan-xq","7":"product-grid-view","9":"first","10":"instock","11":"shipping-taxable","12":"product-type-simple"},"aioseo_notices":[],"_links":{"self":[{"href":"https:\/\/sea-sa.com.mx\/site\/wp-json\/wp\/v2\/product\/9781","targetHints":{"allow":["GET"]}}],"collection":[{"href":"https:\/\/sea-sa.com.mx\/site\/wp-json\/wp\/v2\/product"}],"about":[{"href":"https:\/\/sea-sa.com.mx\/site\/wp-json\/wp\/v2\/types\/product"}],"wp:featuredmedia":[{"embeddable":true,"href":"https:\/\/sea-sa.com.mx\/site\/wp-json\/wp\/v2\/media\/9784"}],"wp:attachment":[{"href":"https:\/\/sea-sa.com.mx\/site\/wp-json\/wp\/v2\/media?parent=9781"}],"wp:term":[{"taxonomy":"product_brand","embeddable":true,"href":"https:\/\/sea-sa.com.mx\/site\/wp-json\/wp\/v2\/product_brand?post=9781"},{"taxonomy":"product_cat","embeddable":true,"href":"https:\/\/sea-sa.com.mx\/site\/wp-json\/wp\/v2\/product_cat?post=9781"},{"taxonomy":"product_tag","embeddable":true,"href":"https:\/\/sea-sa.com.mx\/site\/wp-json\/wp\/v2\/product_tag?post=9781"}],"curies":[{"name":"wp","href":"https:\/\/api.w.org\/{rel}","templated":true}]}}