{"id":9772,"date":"2022-01-17T17:12:15","date_gmt":"2022-01-17T17:12:15","guid":{"rendered":"https:\/\/sea-sa.com.mx\/site\/?post_type=product&#038;p=9772"},"modified":"2022-01-17T17:54:22","modified_gmt":"2022-01-17T17:54:22","slug":"taurus-xq-soldadura-mig-mag","status":"publish","type":"product","link":"https:\/\/sea-sa.com.mx\/site\/producto\/taurus-xq-soldadura-mig-mag\/","title":{"rendered":"L\u00ednea Taurus XQ"},"content":{"rendered":"<p><strong>Cat\u00e1logo de productos de la l\u00ednea\u00a0 Taurus:<\/strong><\/p>\n<p>M\u00e1quinas de soldadura inverter MIG\/MAG con alimentador de hilo separado.<\/p>\n<ul>\n<li style=\"font-weight: 400;\"><span style=\"font-weight: 400;\">Taurus XQ 350 Synergic DW<\/span><\/li>\n<li>Taurus XQ 350 Synergic DW EX<\/li>\n<li>Taurus XQ 400 Synergic DW<\/li>\n<li>Taurus XQ 400 Synergic DW EX<\/li>\n<li>Taurus XQ 500 Synergic DW<\/li>\n<li>Taurus XQ 500 Synergic DW EX<\/li>\n<li>Taurus XQ 600 Synergic DW<\/li>\n<li>Taurus XQ 600 Synergic DW EX<\/li>\n<\/ul>\n<p>M\u00e1quinas de soldadura inverter MIG\/MAG con alimentaci\u00f3n de hilo integrada.<\/p>\n<ul>\n<li>Taurus XQ 350 Synergic CG R1 LP<\/li>\n<li>Taurus XQ 350 Synergic CW R1 LP<\/li>\n<li>Taurus XQ 400 Synergic CW HP<\/li>\n<li>Taurus XQ 400 Synergic CW EX Wifi<\/li>\n<\/ul>\n<p>M\u00e1quinas de soldadura inverter MIG\/MAG con control Expert XQ incluido, con alimentador de hilo aparte.<\/p>\n<ul>\n<li>Taurus XQ 355 Synergic D EX<\/li>\n<li>Taurus XQ 405 Synergic D EX<\/li>\n<li>Taurus XQ 505 Synergic D EX<\/li>\n<\/ul>\n","protected":false},"excerpt":{"rendered":"<p>M\u00e1quinas de soldadura de la l\u00ednea Taurus XQ<\/p>\n<p>Equipos de soldadura MIG\/MAG con l\u00edneas de caracter\u00edsticas adaptables como Synergic para soldadura est\u00e1ndar GMAW de acero, CrNi,\u00a0 aluminio, Synergic de EWM rootArc\u00ae XQ, forceArc\u00ae XQ y superPuls.<\/p>\n<p>Con variedad de equipos en:<\/p>\n<ul class=\"bgrd description_list\">\n<li class=\"first-item\" data-sortnum=\"1,00\" data-textid=\"7413296\">M\u00e1quinas de soldadura inverter MIG\/MAG con alimentador de hilo separado.<\/li>\n<li data-sortnum=\"1,00\" data-textid=\"7413296\">M\u00e1quinas de soldadura inverter MIG\/MAG con alimentaci\u00f3n de hilo integrada.<\/li>\n<li data-sortnum=\"1,00\" data-textid=\"7413296\">M\u00e1quinas de soldadura inverter MIG\/MAG con control Expert XQ incluido, con alimentador de hilo aparte.<\/li>\n<\/ul>\n<p>\u00a1Solicita informaci\u00f3n sin compromiso!<\/p>\n[fusion_button link=\"https:\/\/sea-sa.com.mx\/site\/contacto-empresa-soldadura-equipos-antorchas\/?interes=Tetrix 230 Comfort 2.0 puls 5P TM\" text_transform=\"\" title=\"Cont\u00e1ctanos para asesorarte\" target=\"_self\" link_attributes=\"\" alignment=\"center\" modal=\"\" hide_on_mobile=\"small-visibility,medium-visibility,large-visibility\" class=\"\" id=\"\" color=\"custom\" button_gradient_top_color=\"#ba0000\" button_gradient_bottom_color=\"#a50000\" button_gradient_top_color_hover=\"#a50000\" button_gradient_bottom_color_hover=\"#ba0000\" accent_color=\"#ffffff\" accent_hover_color=\"#eaeaea\" type=\"\" bevel_color=\"\" border_width=\"\" size=\"large\" stretch=\"default\" shape=\"pill\" icon=\"fa-info-circle fas\" icon_position=\"left\" icon_divider=\"yes\" animation_type=\"\" animation_direction=\"left\" animation_speed=\"0.3\" animation_offset=\"\"]SOLICITAR INFORMACI\u00d3N[\/fusion_button]\n","protected":false},"featured_media":9777,"template":"","meta":{"ngg_post_thumbnail":0},"product_brand":[],"product_cat":[62],"product_tag":[],"class_list":{"0":"post-9772","1":"product","2":"type-product","3":"status-publish","4":"has-post-thumbnail","6":"product_cat-maquina-soldadura-ewm-group-mig-pulso-multiproceso-titan-xq","7":"product-grid-view","9":"first","10":"instock","11":"shipping-taxable","12":"product-type-simple"},"aioseo_notices":[],"_links":{"self":[{"href":"https:\/\/sea-sa.com.mx\/site\/wp-json\/wp\/v2\/product\/9772","targetHints":{"allow":["GET"]}}],"collection":[{"href":"https:\/\/sea-sa.com.mx\/site\/wp-json\/wp\/v2\/product"}],"about":[{"href":"https:\/\/sea-sa.com.mx\/site\/wp-json\/wp\/v2\/types\/product"}],"wp:featuredmedia":[{"embeddable":true,"href":"https:\/\/sea-sa.com.mx\/site\/wp-json\/wp\/v2\/media\/9777"}],"wp:attachment":[{"href":"https:\/\/sea-sa.com.mx\/site\/wp-json\/wp\/v2\/media?parent=9772"}],"wp:term":[{"taxonomy":"product_brand","embeddable":true,"href":"https:\/\/sea-sa.com.mx\/site\/wp-json\/wp\/v2\/product_brand?post=9772"},{"taxonomy":"product_cat","embeddable":true,"href":"https:\/\/sea-sa.com.mx\/site\/wp-json\/wp\/v2\/product_cat?post=9772"},{"taxonomy":"product_tag","embeddable":true,"href":"https:\/\/sea-sa.com.mx\/site\/wp-json\/wp\/v2\/product_tag?post=9772"}],"curies":[{"name":"wp","href":"https:\/\/api.w.org\/{rel}","templated":true}]}}