{"id":9735,"date":"2022-01-13T19:05:07","date_gmt":"2022-01-13T19:05:07","guid":{"rendered":"https:\/\/sea-sa.com.mx\/site\/?post_type=product&#038;p=9735"},"modified":"2023-02-13T18:13:15","modified_gmt":"2023-02-13T18:13:15","slug":"escape-quemador-vacufil-125","status":"publish","type":"product","link":"https:\/\/sea-sa.com.mx\/site\/producto\/escape-quemador-vacufil-125\/","title":{"rendered":"Escape del quemador VacuFil 125i &#8211; Kemper"},"content":{"rendered":"<p><strong>APLICACIONES<\/strong><\/p>\n<ul>\n<li>Cantidades grandes de humo\/polvo<\/li>\n<li>Uso continuo<\/li>\n<li>Antorchas con aspiraci\u00f3n<\/li>\n<\/ul>\n<p><strong>VENTAJAS<\/strong><\/p>\n<ul>\n<li>M\u00e1xima protecci\u00f3n de la salud de los operarios gracias al uso de cartuchos de filtro KemTex\u00ae de ePTFE con filtrado de superficie<\/li>\n<li>Preselecci\u00f3n sin escalonamiento de velocidad del compresor de canal lateral<\/li>\n<li>Funcionamiento continuo ininterrumpido gracias a la limpieza autom\u00e1tica del filtro<\/li>\n<\/ul>\n<p><strong>CARACTER\u00cdSTICAS<\/strong><\/p>\n<ul>\n<li>Limpieza autom\u00e1tica accionada por presi\u00f3n diferencial<\/li>\n<li>Compresor de canal lateral<\/li>\n<li>Cartucho de filtro KemTex\u00ae de ePTFE<\/li>\n<li>Control de velocidad mediante potenci\u00f3metro<\/li>\n<li>Eliminaci\u00f3n de polvo libre de contaminaci\u00f3n en cubos de un solo uso<\/li>\n<\/ul>\n<p><strong>Filtro<\/strong><br \/>\nNiveles de filtraci\u00f3n \u2013 2<br \/>\nM\u00e9todo de filtraci\u00f3n \u2013 Filtro de limpieza<br \/>\nSuperficie del filtro \u2013 4 m\u00b2<br \/>\nTipo de filtro \u2013 Cartucho de filtraci\u00f3n<br \/>\nGrado de filtraci\u00f3n \u2013 &gt; 99.99 %<br \/>\nClasificaci\u00f3n de polvo \u2013 M<\/p>\n<p><strong>Datos b\u00e1sicos<\/strong><br \/>\nPotencia \u2013 125 m\u00b3\/h<br \/>\nMedidas (A x A x E) \u2013 635 x 885 x 1160 mm<br \/>\nPeso \u2013 130 kg<br \/>\nMotor \u2013 1.5 kW<br \/>\nVoltaje \u2013 1 x 230 V \/ 50 Hz<br \/>\nCorriente nominal \u2013 13 A<br \/>\nNivel sonoro \u2013 66 dB(A)<\/p>\n","protected":false},"excerpt":{"rendered":"<p>Para uso permanente para la extracci\u00f3n de humos de soldadura directamente en la fuente.<\/p>\n<p>La unidad de aspiraci\u00f3n de alto vac\u00edo VacuFil 125\u00a0de un solo puesto para grandes cantidades de humos y polvo de soldadura es ideal para el uso permanente en la extracci\u00f3n integrada en antorcha durante la soldadura debido a su limpieza autom\u00e1tica del filtro. Un compresor de canal lateral para la generaci\u00f3n de vac\u00edo proporciona un rendimiento robusto para los usuarios industriales.<\/p>\n[fusion_button link=\"https:\/\/sea-sa.com.mx\/site\/contacto-empresa-soldadura-equipos-antorchas\/?interes=AirCO2NTROL Kemper\" text_transform=\"\" title=\"Cont\u00e1ctanos para asesorarte\" target=\"_self\" link_attributes=\"\" alignment=\"center\" modal=\"\" hide_on_mobile=\"small-visibility,medium-visibility,large-visibility\" class=\"\" id=\"\" color=\"custom\" button_gradient_top_color=\"#ba0000\" button_gradient_bottom_color=\"#a50000\" button_gradient_top_color_hover=\"#a50000\" button_gradient_bottom_color_hover=\"#ba0000\" accent_color=\"#ffffff\" accent_hover_color=\"#eaeaea\" type=\"\" bevel_color=\"\" border_width=\"\" size=\"large\" stretch=\"default\" shape=\"pill\" icon=\"fa-info-circle fas\" icon_position=\"left\" icon_divider=\"yes\" animation_type=\"\" animation_direction=\"left\" animation_speed=\"0.3\" animation_offset=\"\"]SOLICITAR INFORMACI\u00d3N[\/fusion_button]\n<p>&nbsp;<\/p>\n","protected":false},"featured_media":11782,"template":"","meta":{"ngg_post_thumbnail":0},"product_brand":[],"product_cat":[55,73],"product_tag":[],"class_list":{"0":"post-9735","1":"product","2":"type-product","3":"status-publish","4":"has-post-thumbnail","6":"product_cat-unidad-movil-extractor-humo-mexico-soldadura-antorchas","7":"product_cat-novedades-equipos-soldadura-welding-news","8":"product-grid-view","10":"first","11":"instock","12":"shipping-taxable","13":"product-type-simple"},"aioseo_notices":[],"_links":{"self":[{"href":"https:\/\/sea-sa.com.mx\/site\/wp-json\/wp\/v2\/product\/9735","targetHints":{"allow":["GET"]}}],"collection":[{"href":"https:\/\/sea-sa.com.mx\/site\/wp-json\/wp\/v2\/product"}],"about":[{"href":"https:\/\/sea-sa.com.mx\/site\/wp-json\/wp\/v2\/types\/product"}],"wp:featuredmedia":[{"embeddable":true,"href":"https:\/\/sea-sa.com.mx\/site\/wp-json\/wp\/v2\/media\/11782"}],"wp:attachment":[{"href":"https:\/\/sea-sa.com.mx\/site\/wp-json\/wp\/v2\/media?parent=9735"}],"wp:term":[{"taxonomy":"product_brand","embeddable":true,"href":"https:\/\/sea-sa.com.mx\/site\/wp-json\/wp\/v2\/product_brand?post=9735"},{"taxonomy":"product_cat","embeddable":true,"href":"https:\/\/sea-sa.com.mx\/site\/wp-json\/wp\/v2\/product_cat?post=9735"},{"taxonomy":"product_tag","embeddable":true,"href":"https:\/\/sea-sa.com.mx\/site\/wp-json\/wp\/v2\/product_tag?post=9735"}],"curies":[{"name":"wp","href":"https:\/\/api.w.org\/{rel}","templated":true}]}}