{"id":9543,"date":"2021-12-09T18:26:03","date_gmt":"2021-12-09T18:26:03","guid":{"rendered":"https:\/\/sea-sa.com.mx\/site\/?post_type=product&#038;p=9543"},"modified":"2021-12-10T15:46:34","modified_gmt":"2021-12-10T15:46:34","slug":"drive-xq-ic-200","status":"publish","type":"product","link":"https:\/\/sea-sa.com.mx\/site\/producto\/drive-xq-ic-200\/","title":{"rendered":"Drive XQ IC 200"},"content":{"rendered":"<p><iframe loading=\"lazy\" src=\"https:\/\/www.youtube.com\/embed\/qeFW0p8MNhs\" width=\"100%\" height=\"500\" frameborder=\"0\" allowfullscreen=\"allowfullscreen\"><\/iframe><\/p>\n","protected":false},"excerpt":{"rendered":"<ul>\n<li>Configuraci\u00f3n de f\u00e1brica: Mando LP-XQ-S con lente de cobertura montada, refrigeraci\u00f3n por agua, toma de conexi\u00f3n del portaelectrodos y asa de transporte.<\/li>\n<li>Soporte para bobinas de hilo D200 de 5 kg.<\/li>\n<li>Dise\u00f1o ligero y robusto, ideal para aplicaciones en astilleros.<\/li>\n<li>F\u00e1cil transporte gracias a su bajo peso y dise\u00f1o compacto.<\/li>\n<li>Iluminaci\u00f3n interior.<\/li>\n<li>Construcci\u00f3n estable de la base (aluminio de fundici\u00f3n continua) con ra\u00edles deslizantes de serie.<\/li>\n<li>Electr\u00f3nica robusta en una zona libre de polvo.<\/li>\n<li>Disposici\u00f3n protegida de las conexiones para los paquetes de mangueras intermedias y los cables de control.<\/li>\n<li>El personal no especializado puede cambiar los paquetes de mangueras sin herramientas.<\/li>\n<li>eFeed: Innovador accionamiento de 4 rodillos (engranaje cu\u00e1druple).<\/li>\n<li>Doble rodamiento de bolas por eje.<\/li>\n<li>Cambio de rodillos sin herramientas, cierres de rodillos permanentemente asegurados.<\/li>\n<li>Presi\u00f3n de contacto ajustable para cada par de rodillos.<\/li>\n<li>Rodillos codificados por colores seg\u00fan el di\u00e1metro del cable y el material.<\/li>\n<li>Equipada con rodillos UNI de 1,0-1,2 mm para acero de baja a alta aleaci\u00f3n.<\/li>\n<li>Opcional con caudal\u00edmetro integrado.<\/li>\n<li>Accionamiento de 4 rodillos Equipado para alambres de acero de 1,0 mm + 1,2 mm.<\/li>\n<\/ul>\n<p>&nbsp;<\/p>\n[fusion_button link=\"https:\/\/sea-sa.com.mx\/site\/contacto-empresa-soldadura-equipos-antorchas\/\" text_transform=\"\" title=\"Cont\u00e1ctanos para asesorarte\" target=\"_self\" link_attributes=\"\" alignment=\"center\" modal=\"\" hide_on_mobile=\"small-visibility,medium-visibility,large-visibility\" class=\"\" id=\"\" color=\"custom\" button_gradient_top_color=\"#ba0000\" button_gradient_bottom_color=\"#a50000\" button_gradient_top_color_hover=\"#a50000\" button_gradient_bottom_color_hover=\"#ba0000\" accent_color=\"#ffffff\" accent_hover_color=\"#eaeaea\" type=\"\" bevel_color=\"\" border_width=\"\" size=\"large\" stretch=\"default\" shape=\"pill\" icon=\"fa-info-circle fas\" icon_position=\"left\" icon_divider=\"yes\" animation_type=\"\" animation_direction=\"left\" animation_speed=\"0.3\" animation_offset=\"\"]SOLICITAR INFORMACI\u00d3N[\/fusion_button]\n<p>&nbsp;<\/p>\n<p>&nbsp;<\/p>\n","protected":false},"featured_media":9544,"template":"","meta":{"ngg_post_thumbnail":0},"product_brand":[],"product_cat":[51],"product_tag":[],"class_list":{"0":"post-9543","1":"product","2":"type-product","3":"status-publish","4":"has-post-thumbnail","6":"product_cat-alimentadores-mexico-soldadura-industrial-mig-mag","7":"product-grid-view","9":"first","10":"instock","11":"shipping-taxable","12":"product-type-simple"},"aioseo_notices":[],"_links":{"self":[{"href":"https:\/\/sea-sa.com.mx\/site\/wp-json\/wp\/v2\/product\/9543","targetHints":{"allow":["GET"]}}],"collection":[{"href":"https:\/\/sea-sa.com.mx\/site\/wp-json\/wp\/v2\/product"}],"about":[{"href":"https:\/\/sea-sa.com.mx\/site\/wp-json\/wp\/v2\/types\/product"}],"wp:featuredmedia":[{"embeddable":true,"href":"https:\/\/sea-sa.com.mx\/site\/wp-json\/wp\/v2\/media\/9544"}],"wp:attachment":[{"href":"https:\/\/sea-sa.com.mx\/site\/wp-json\/wp\/v2\/media?parent=9543"}],"wp:term":[{"taxonomy":"product_brand","embeddable":true,"href":"https:\/\/sea-sa.com.mx\/site\/wp-json\/wp\/v2\/product_brand?post=9543"},{"taxonomy":"product_cat","embeddable":true,"href":"https:\/\/sea-sa.com.mx\/site\/wp-json\/wp\/v2\/product_cat?post=9543"},{"taxonomy":"product_tag","embeddable":true,"href":"https:\/\/sea-sa.com.mx\/site\/wp-json\/wp\/v2\/product_tag?post=9543"}],"curies":[{"name":"wp","href":"https:\/\/api.w.org\/{rel}","templated":true}]}}