{"id":9349,"date":"2021-10-26T15:41:15","date_gmt":"2021-10-26T15:41:15","guid":{"rendered":"https:\/\/sea-sa.com.mx\/site\/?post_type=product&#038;p=9349"},"modified":"2023-02-13T18:30:14","modified_gmt":"2023-02-13T18:30:14","slug":"tbi-arcvisor-clarc","status":"publish","type":"product","link":"https:\/\/sea-sa.com.mx\/site\/producto\/tbi-arcvisor-clarc\/","title":{"rendered":"TBi ArcVisor Clarc"},"content":{"rendered":"<p><strong>Informaci\u00f3n t\u00e9cnica:<\/strong><\/p>\n<ul>\n<li style=\"list-style-type: none;\">\n<ul>\n<li>Nivel de oscurecimiento DIN 9-13.<\/li>\n<li>\u00c1rea de visi\u00f3n 100 x 50 mm.<\/li>\n<li>Tiempo oscurecimiento 0.06 ms \/ 23\u00b0C.<\/li>\n<li>Retraso de apertura 0.1 \u2013 1.0 sec, ajustable.<\/li>\n<li>Calidad del filtro 1\/1\/1\/2.<\/li>\n<\/ul>\n<\/li>\n<\/ul>\n","protected":false},"excerpt":{"rendered":"<p>El <strong>TBi ArcVisor Clarc, <\/strong>gracias a la tecnolog\u00eda True Color, ofrece una visi\u00f3n m\u00e1s clara del entorno, la pieza de trabajo y el ba\u00f1o de soldadura. Los cuatro sensores aseguran que el oscurecimiento autom\u00e1tico se active r\u00e1pidamente, especialmente cuando se trabaja en una posici\u00f3n dif\u00edcil.<\/p>\n[fusion_button link=\"https:\/\/sea-sa.com.mx\/site\/contacto-empresa-soldadura-equipos-antorchas\/?interes=Tbi ArcVisor Plus\" text_transform=\"\" title=\"Cont\u00e1ctanos para asesorarte\" target=\"_self\" link_attributes=\"\" alignment=\"center\" modal=\"\" hide_on_mobile=\"small-visibility,medium-visibility,large-visibility\" class=\"\" id=\"\" color=\"custom\" button_gradient_top_color=\"#ba0000\" button_gradient_bottom_color=\"#a50000\" button_gradient_top_color_hover=\"#a50000\" button_gradient_bottom_color_hover=\"#ba0000\" accent_color=\"#ffffff\" accent_hover_color=\"#eaeaea\" type=\"\" bevel_color=\"\" border_width=\"\" size=\"large\" stretch=\"default\" shape=\"pill\" icon=\"fa-info-circle fas\" icon_position=\"left\" icon_divider=\"yes\" animation_type=\"\" animation_direction=\"left\" animation_speed=\"0.3\" animation_offset=\"\"]SOLICITAR INFORMACI\u00d3N[\/fusion_button]\n","protected":false},"featured_media":11786,"template":"","meta":{"ngg_post_thumbnail":0},"product_brand":[],"product_cat":[58,56],"product_tag":[],"class_list":{"0":"post-9349","1":"product","2":"type-product","3":"status-publish","4":"has-post-thumbnail","6":"product_cat-accesorios-mexico-soldadura-industrial-antorchas","7":"product_cat-consumibles-accesorios-mexico-soldadura-industrial-antorchas","8":"product-grid-view","10":"first","11":"instock","12":"shipping-taxable","13":"product-type-simple"},"aioseo_notices":[],"_links":{"self":[{"href":"https:\/\/sea-sa.com.mx\/site\/wp-json\/wp\/v2\/product\/9349","targetHints":{"allow":["GET"]}}],"collection":[{"href":"https:\/\/sea-sa.com.mx\/site\/wp-json\/wp\/v2\/product"}],"about":[{"href":"https:\/\/sea-sa.com.mx\/site\/wp-json\/wp\/v2\/types\/product"}],"wp:featuredmedia":[{"embeddable":true,"href":"https:\/\/sea-sa.com.mx\/site\/wp-json\/wp\/v2\/media\/11786"}],"wp:attachment":[{"href":"https:\/\/sea-sa.com.mx\/site\/wp-json\/wp\/v2\/media?parent=9349"}],"wp:term":[{"taxonomy":"product_brand","embeddable":true,"href":"https:\/\/sea-sa.com.mx\/site\/wp-json\/wp\/v2\/product_brand?post=9349"},{"taxonomy":"product_cat","embeddable":true,"href":"https:\/\/sea-sa.com.mx\/site\/wp-json\/wp\/v2\/product_cat?post=9349"},{"taxonomy":"product_tag","embeddable":true,"href":"https:\/\/sea-sa.com.mx\/site\/wp-json\/wp\/v2\/product_tag?post=9349"}],"curies":[{"name":"wp","href":"https:\/\/api.w.org\/{rel}","templated":true}]}}