{"id":8728,"date":"2021-05-07T00:53:10","date_gmt":"2021-05-07T00:53:10","guid":{"rendered":"https:\/\/sea-sa.com.mx\/site\/?post_type=product&#038;p=8728"},"modified":"2021-05-08T04:41:09","modified_gmt":"2021-05-08T04:41:09","slug":"purificador-aire-elimina-virus-airco2ntrol","status":"publish","type":"product","link":"https:\/\/sea-sa.com.mx\/site\/producto\/purificador-aire-elimina-virus-airco2ntrol\/","title":{"rendered":"Purificador de Aire  &#8211; Kemper AirCO2NTROL"},"content":{"rendered":"<p><iframe loading=\"lazy\" title=\"YouTube video player\" src=\"https:\/\/www.youtube.com\/embed\/Uj0_7iHOOg4\" width=\"100%\" height=\"515\" frameborder=\"0\" allowfullscreen=\"allowfullscreen\"><\/iframe><\/p>\n<p><strong>APLICACIONES<\/strong><\/p>\n<ul>\n<li>Escuelas, guarder\u00edas, instituciones p\u00fablicas<\/li>\n<li>Hoteles y pensiones<\/li>\n<li>Bistros, restaurantes, bares y caf\u00e9s<\/li>\n<li>Centros deportivos y de entretenimiento<\/li>\n<li>Centros de salud, consultorios y los hospitales<\/li>\n<li>Servicios, venta al por menor y comercio<\/li>\n<\/ul>\n<p><strong>VENTAJAS<\/strong><\/p>\n<ul>\n<li>Encendido y apagado autom\u00e1tico gracias al detector de presencia<\/li>\n<li>\u00a0Funcionamiento continuo silencioso debido al bajo nivel de ruido<\/li>\n<li>\u00a0Monitoreo de filtro separado para el prefiltro y el filtro principal para una m\u00e1xima vida \u00fatil del filtro y reemplazo seg\u00fan sea necesario<\/li>\n<li>\u00a0El filtro XXL HEPA-H14 asegura una separaci\u00f3n fiable de aerosoles, virus y bacterias<\/li>\n<li>\u00a0Gran movilidad con ruedas giratorias robustas. Plug &amp; Play &#8211; completamente premontado<\/li>\n<li>\u00a0Control del flujo de volumen de aire constante, independiente de la saturaci\u00f3n del filtro<\/li>\n<li>\u00a0Protecci\u00f3n contra la manipulaci\u00f3n gracias a los cierres de seguridad en las trampillas de mantenimiento<\/li>\n<li>\u00a0Seis renovaciones de aire por hora en salas de 100 m\u00b2 o hasta 250 m\u00b3 de tama\u00f1o<\/li>\n<\/ul>\n<p><strong>CARACTER\u00cdSTICAS<\/strong><\/p>\n<ul>\n<li>Aspiraci\u00f3n de 360\u00b0<\/li>\n<li>\u00a0Detecci\u00f3n de presencia<\/li>\n<li>\u00a0Filtro HEPA H14 con prefiltro F7<\/li>\n<li>\u00a0Ruedas giratorias<\/li>\n<li>\u00a0Flujo de aire entre 300 m\u00b3\/h &#8211; 1500 m\u00b3\/h<\/li>\n<li>\u00a0Nivel sonoro a 1.200 m\u00b3\/h 49 dB(A)<\/li>\n<li>\u00a0Trampilla de mantenimiento con cierre<\/li>\n<\/ul>\n<p><strong>Filtro<\/strong><br \/>\nNiveles de filtraci\u00f3n \u2013 2<br \/>\nM\u00e9todo de filtraci\u00f3n \u2013 Filtro de almacenamiento<br \/>\nSuperficie del filtro \u2013 20 m\u00b2<br \/>\nTipo de filtro \u2013 Casete de filtraci\u00f3n<br \/>\nGrado de filtraci\u00f3n \u2013 &gt; 99.99 %<br \/>\nClase de filtro \u2013 Filtro HEPA H14<br \/>\nFiltros adicionales \u2013 ePM1, 50% (F7)<\/p>\n<p><strong>Datos b\u00e1sicos<\/strong><br \/>\nFlujo volum\u00e9trico m\u00e1x. \u2013 1500 m\u00b3\/h<br \/>\nFlujo de volumen de aire (min.) \u2013 300 m\u00b3\/h<br \/>\nMedidas (A x A x E) \u2013 793 x 836 x 1660 mm<br \/>\nPeso \u2013 148 kg<br \/>\nMotor \u2013 0.75 kW<br \/>\nVoltaje \u2013 1 x 230 V \/ 50 Hz<br \/>\nConsumo de energ\u00eda en vatios por m\u00b3\/h \u2013 0,3 W\/m\u00b3\/h<br \/>\nCorriente nominal \u2013 6 A<br \/>\nNivel sonoro a 1.200 m\u00b3\/h \u2013 49 dB(A)<br \/>\nTecnolog\u00eda de sensores \u2013 Detecci\u00f3n de presencia<\/p>\n","protected":false},"excerpt":{"rendered":"<p>Equipo totalmente Plug and play &#8211; Solo ajuste el purificador de aire AirC02NTROL una vez y de forma permanente y sin dudar limpia el aire de la habitaci\u00f3n con la mejor tecnolog\u00eda de filtro y rayos ultravioleta. Gracias a su control de flujo de volumen permanente, el AirCO2NTROL garantiza cambios de aire de seis veces por hora. Y esto en habitaciones de hasta 100m2 en un funcionamiento continuo y silencioso. Adem\u00e1s cuenta con un sensor de detecci\u00f3n autom\u00e1tica de presencia que permite un uso sin preocupaciones sin tener que pensar en encender y apagar la m\u00e1quina.<\/p>\n[fusion_button link=\"https:\/\/sea-sa.com.mx\/site\/contacto-empresa-soldadura-equipos-antorchas\/?interes=AirCO2NTROL Kemper\" text_transform=\"\" title=\"Cont\u00e1ctanos para asesorarte\" target=\"_self\" link_attributes=\"\" alignment=\"center\" modal=\"\" hide_on_mobile=\"small-visibility,medium-visibility,large-visibility\" class=\"\" id=\"\" color=\"custom\" button_gradient_top_color=\"#ba0000\" button_gradient_bottom_color=\"#a50000\" button_gradient_top_color_hover=\"#a50000\" button_gradient_bottom_color_hover=\"#ba0000\" accent_color=\"#ffffff\" accent_hover_color=\"#eaeaea\" type=\"\" bevel_color=\"\" border_width=\"\" size=\"large\" stretch=\"default\" shape=\"pill\" icon=\"fa-info-circle fas\" icon_position=\"left\" icon_divider=\"yes\" animation_type=\"\" animation_direction=\"left\" animation_speed=\"0.3\" animation_offset=\"\"]SOLICITAR INFORMACI\u00d3N[\/fusion_button]\n<p>&nbsp;<\/p>\n","protected":false},"featured_media":8730,"template":"","meta":{"ngg_post_thumbnail":0},"product_brand":[],"product_cat":[49,73,88],"product_tag":[],"class_list":{"0":"post-8728","1":"product","2":"type-product","3":"status-publish","4":"has-post-thumbnail","6":"product_cat-equipos-mexico-soldadura-industrial-perifericos","7":"product_cat-novedades-equipos-soldadura-welding-news","8":"product_cat-purificador-airco2control","9":"product-grid-view","11":"first","12":"instock","13":"shipping-taxable","14":"product-type-simple"},"aioseo_notices":[],"_links":{"self":[{"href":"https:\/\/sea-sa.com.mx\/site\/wp-json\/wp\/v2\/product\/8728","targetHints":{"allow":["GET"]}}],"collection":[{"href":"https:\/\/sea-sa.com.mx\/site\/wp-json\/wp\/v2\/product"}],"about":[{"href":"https:\/\/sea-sa.com.mx\/site\/wp-json\/wp\/v2\/types\/product"}],"wp:featuredmedia":[{"embeddable":true,"href":"https:\/\/sea-sa.com.mx\/site\/wp-json\/wp\/v2\/media\/8730"}],"wp:attachment":[{"href":"https:\/\/sea-sa.com.mx\/site\/wp-json\/wp\/v2\/media?parent=8728"}],"wp:term":[{"taxonomy":"product_brand","embeddable":true,"href":"https:\/\/sea-sa.com.mx\/site\/wp-json\/wp\/v2\/product_brand?post=8728"},{"taxonomy":"product_cat","embeddable":true,"href":"https:\/\/sea-sa.com.mx\/site\/wp-json\/wp\/v2\/product_cat?post=8728"},{"taxonomy":"product_tag","embeddable":true,"href":"https:\/\/sea-sa.com.mx\/site\/wp-json\/wp\/v2\/product_tag?post=8728"}],"curies":[{"name":"wp","href":"https:\/\/api.w.org\/{rel}","templated":true}]}}