{"id":8478,"date":"2020-10-15T03:24:23","date_gmt":"2020-10-15T03:24:23","guid":{"rendered":"https:\/\/sea-sa.com.mx\/site\/?post_type=product&#038;p=8478"},"modified":"2022-03-18T15:27:04","modified_gmt":"2022-03-18T15:27:04","slug":"cabezal-de-soldadura-de-tubo-a-tubo-tsh-16","status":"publish","type":"product","link":"https:\/\/sea-sa.com.mx\/site\/producto\/cabezal-de-soldadura-de-tubo-a-tubo-tsh-16\/","title":{"rendered":"Cabezal de soldadura de tubo a tubo TSH-16"},"content":{"rendered":"<p style=\"text-align: center;\"><img loading=\"lazy\" decoding=\"async\" class=\"lazyload alignnone size-full wp-image-8480\" src=\"https:\/\/sea-sa.com.mx\/site\/wp-content\/uploads\/2020\/10\/daten16-20eng.png\" data-orig-src=\"https:\/\/sea-sa.com.mx\/site\/wp-content\/uploads\/2020\/10\/daten16-20eng.png\" alt=\"\" width=\"812\" height=\"197\" srcset=\"data:image\/svg+xml,%3Csvg%20xmlns%3D%27http%3A%2F%2Fwww.w3.org%2F2000%2Fsvg%27%20width%3D%27812%27%20height%3D%27197%27%20viewBox%3D%270%200%20812%20197%27%3E%3Crect%20width%3D%27812%27%20height%3D%273197%27%20fill-opacity%3D%220%22%2F%3E%3C%2Fsvg%3E\" data-srcset=\"https:\/\/sea-sa.com.mx\/site\/wp-content\/uploads\/2020\/10\/daten16-20eng-200x49.png 200w, https:\/\/sea-sa.com.mx\/site\/wp-content\/uploads\/2020\/10\/daten16-20eng-400x97.png 400w, https:\/\/sea-sa.com.mx\/site\/wp-content\/uploads\/2020\/10\/daten16-20eng-500x121.png 500w, https:\/\/sea-sa.com.mx\/site\/wp-content\/uploads\/2020\/10\/daten16-20eng-600x146.png 600w, https:\/\/sea-sa.com.mx\/site\/wp-content\/uploads\/2020\/10\/daten16-20eng-700x170.png 700w, https:\/\/sea-sa.com.mx\/site\/wp-content\/uploads\/2020\/10\/daten16-20eng-768x186.png 768w, https:\/\/sea-sa.com.mx\/site\/wp-content\/uploads\/2020\/10\/daten16-20eng-800x194.png 800w, https:\/\/sea-sa.com.mx\/site\/wp-content\/uploads\/2020\/10\/daten16-20eng.png 812w\" data-sizes=\"auto\" data-orig-sizes=\"auto, (max-width: 812px) 100vw, 812px\" \/><br \/>\n<iframe loading=\"lazy\" src=\"https:\/\/www.youtube.com\/embed\/gBwJNTjV7Oc?rel=0\" width=\"560\" height=\"315\" frameborder=\"0\" allowfullscreen=\"allowfullscreen\"><\/iframe> <iframe loading=\"lazy\" src=\"https:\/\/www.youtube.com\/embed\/q4v_M03NODI\" width=\"560\" height=\"315\" frameborder=\"0\" allowfullscreen=\"allowfullscreen\"><\/iframe><\/p>\n","protected":false},"excerpt":{"rendered":"<p>Cabezal de soldadura de tubo a tubo TSH-16.<\/p>\n<ul>\n<li>Robusto cabezal de soldadura de hoja de tubo a tubo para condiciones extremas.<\/li>\n<li>La antorcha y el cuerpo est\u00e1n completamente refrigerados por agua.<\/li>\n<li>La colocaci\u00f3n del cuerpo de la antorcha en la placa del tubo es continuamente ajustable.<\/li>\n<li>Cabezal del quemador giratorio hasta 30 \u00b0 (di\u00e1metro reducido rango).<\/li>\n<li>Posicionamiento mediante herramienta de centrado en el tubo para ser soldado.<\/li>\n<li>El dispositivo opcional de cable fr\u00edo gira sincr\u00f3nicamente con la antorcha, asegurando una alimentaci\u00f3n de alambre constante.<\/li>\n<\/ul>\n[fusion_button link=\"https:\/\/sea-sa.com.mx\/site\/contacto-empresa-soldadura-equipos-antorchas\/?interes=Cabezal TSH-16\" text_transform=\"\" title=\"Cont\u00e1ctanos para asesorarte\" target=\"_self\" link_attributes=\"\" alignment=\"center\" modal=\"\" hide_on_mobile=\"small-visibility,medium-visibility,large-visibility\" class=\"\" id=\"\" color=\"custom\" button_gradient_top_color=\"#ba0000\" button_gradient_bottom_color=\"#a50000\" button_gradient_top_color_hover=\"#a50000\" button_gradient_bottom_color_hover=\"#ba0000\" accent_color=\"#ffffff\" accent_hover_color=\"#eaeaea\" type=\"\" bevel_color=\"\" border_width=\"\" size=\"large\" stretch=\"default\" shape=\"pill\" icon=\"fa-info-circle fas\" icon_position=\"left\" icon_divider=\"yes\" animation_type=\"\" animation_direction=\"left\" animation_speed=\"0.3\" animation_offset=\"\"]SOLICITAR INFORMACI\u00d3N[\/fusion_button]\n","protected":false},"featured_media":8479,"template":"","meta":{"ngg_post_thumbnail":0},"product_brand":[],"product_cat":[75],"product_tag":[],"class_list":{"0":"post-8478","1":"product","2":"type-product","3":"status-publish","4":"has-post-thumbnail","6":"product_cat-soldadura-orbital-welding-tuberias-inoxidable-mexico","7":"product-grid-view","9":"first","10":"instock","11":"shipping-taxable","12":"product-type-simple"},"aioseo_notices":[],"_links":{"self":[{"href":"https:\/\/sea-sa.com.mx\/site\/wp-json\/wp\/v2\/product\/8478","targetHints":{"allow":["GET"]}}],"collection":[{"href":"https:\/\/sea-sa.com.mx\/site\/wp-json\/wp\/v2\/product"}],"about":[{"href":"https:\/\/sea-sa.com.mx\/site\/wp-json\/wp\/v2\/types\/product"}],"wp:featuredmedia":[{"embeddable":true,"href":"https:\/\/sea-sa.com.mx\/site\/wp-json\/wp\/v2\/media\/8479"}],"wp:attachment":[{"href":"https:\/\/sea-sa.com.mx\/site\/wp-json\/wp\/v2\/media?parent=8478"}],"wp:term":[{"taxonomy":"product_brand","embeddable":true,"href":"https:\/\/sea-sa.com.mx\/site\/wp-json\/wp\/v2\/product_brand?post=8478"},{"taxonomy":"product_cat","embeddable":true,"href":"https:\/\/sea-sa.com.mx\/site\/wp-json\/wp\/v2\/product_cat?post=8478"},{"taxonomy":"product_tag","embeddable":true,"href":"https:\/\/sea-sa.com.mx\/site\/wp-json\/wp\/v2\/product_tag?post=8478"}],"curies":[{"name":"wp","href":"https:\/\/api.w.org\/{rel}","templated":true}]}}