{"id":3165,"date":"2020-03-21T20:30:10","date_gmt":"2020-03-21T20:30:10","guid":{"rendered":"https:\/\/sea-sa.com.mx\/site\/?post_type=product&#038;p=3165"},"modified":"2022-01-07T19:03:52","modified_gmt":"2022-01-07T19:03:52","slug":"maquina-soldadura-ewm-taurus401fdw","status":"publish","type":"product","link":"https:\/\/sea-sa.com.mx\/site\/producto\/maquina-soldadura-ewm-taurus401fdw\/","title":{"rendered":"Taurus 401 Synergic S MM FDW"},"content":{"rendered":"<ul>\n<li class=\"first-item\">M\u00e1quina de soldadura con refrigeraci\u00f3n por agua con alimentador de hilo separado, opcionalmente drive 4X EX, drive 4X HP o drive 4X LP.<\/li>\n<li>Equipado con las l\u00edneas caracter\u00edsticas Synergic para soldaduras GMAW de acero, CrNi y aluminio.<\/li>\n<li>Indicado para soldaduras el\u00e9ctricas manuales, soldaduras TIG y arco-aire.<\/li>\n<li>Funcionamiento de programa con 16 programas por JOB.<\/li>\n<li>Din\u00e1mica del arco voltaico con regulaci\u00f3n no escalonada (efecto de estrangulaci\u00f3n).<\/li>\n<li>Funciones de cr\u00e1ter final y de inicio ajustables.<\/li>\n<li>Funcionamiento de soldadura manual o Synergic.<\/li>\n<li>Sistema arrastre hilo EWM eFeed con 4 rodillos, muy preciso y potente, para una alimentaci\u00f3n segura de todos los hilos tubulares y macizos.<\/li>\n<li>Equipado con rodillos UNI de 1,0-1,2 mm para acero de baja o alta aleaci\u00f3n.<\/li>\n<li>Menor consumo de corriente gracias a un elevado grado de efectividad y a la funci\u00f3n standby.<\/li>\n<li>Sencillo cambio de la polaridad de la corriente de soldadura sin herramientas.<\/li>\n<li>Capacidad de conexi\u00f3n para control remoto y antorcha de funci\u00f3n.<\/li>\n<li>Gracias a la tecnolog\u00eda Multimatrix puede conectarse en red mediante LAN o WiFi, apto para Xnet.<\/li>\n<li>Interfaz de ordenador para el software PC300.Net.<\/li>\n<li>Excelente refrigeraci\u00f3n de la antorcha con el consiguiente ahorro de costes en piezas de desgaste de la antorcha gracias a una bomba centr\u00edfuga muy potente y a un dep\u00f3sito de agua de 12 litros.<\/li>\n<li class=\"last-item\">Paquete WPQR gratuito para una certificaci\u00f3n hasta EXC2 inclusive seg\u00fan EN 1090 y para la soldadura de aceros no aleados hasta S355 inclusive.<\/li>\n<\/ul>\n<p><strong>Datos T\u00e9cnicos:<\/strong><\/p>\n<ul>\n<li>Fusibles Principales (fusible lento): 3 x 32 A<\/li>\n<li>Tensi\u00f3n de red (tolerancias) 3 x 400 V (-25 % &#8211; +20 %)<\/li>\n<li>Rango de ajuste de corriente de soldadura: 5 A &#8211; 400 A<\/li>\n<li>Duty cycle 40 \u00b0C: 400 A &#8211; 100%<\/li>\n<li>Potencia del generador recomendada: 23.2 kVA<\/li>\n<li>Dimensiones del aparato: Largo x Ancho x Alto en mm: 1085 x 450 x 1003<\/li>\n<li>Velocidad del hilo en m\/min: 0.5 m\/min &#8211; 25 m\/min<\/li>\n<\/ul>\n","protected":false},"excerpt":{"rendered":"<p>M\u00e1quina de soldadura MIG Multiproceso EWM Group L\u00ednea Taurus Synergic Transportable<\/p>\n<p><strong>Equipos transportables:<\/strong> El concepto de equipo 3 en 1, donde la fuente de alimentaci\u00f3n, el carro de transporte y el equipo de refrigeraci\u00f3n forman una sola unidad; para un transporte sencillo y un f\u00e1cil manejo. El conducto de ventilaci\u00f3n optimizado proporciona una mayor potencia de refrigeraci\u00f3n, se alarga el tiempo de encendido y se reduce la suciedad en el aparato. Los controles con indicaciones claras garantizan un manejo sencillo. Potencia total para la utilizaci\u00f3n pr\u00e1ctica y complicada.<\/p>\n[fusion_button link=\"https:\/\/sea-sa.com.mx\/site\/contacto-empresa-soldadura-equipos-antorchas\/?interes=Taurus 401 Synergic S MM FDW\" text_transform=\"\" title=\"Cont\u00e1ctanos para asesorarte\" target=\"_self\" link_attributes=\"\" alignment=\"center\" modal=\"\" hide_on_mobile=\"small-visibility,medium-visibility,large-visibility\" class=\"\" id=\"\" color=\"custom\" button_gradient_top_color=\"#ba0000\" button_gradient_bottom_color=\"#a50000\" button_gradient_top_color_hover=\"#a50000\" button_gradient_bottom_color_hover=\"#ba0000\" accent_color=\"#ffffff\" accent_hover_color=\"#eaeaea\" type=\"\" bevel_color=\"\" border_width=\"\" size=\"large\" stretch=\"default\" shape=\"pill\" icon=\"fa-info-circle fas\" icon_position=\"left\" icon_divider=\"yes\" animation_type=\"\" animation_direction=\"left\" animation_speed=\"0.3\" animation_offset=\"\"]SOLICITAR INFORMACI\u00d3N[\/fusion_button]\n","protected":false},"featured_media":3146,"template":"","meta":{"ngg_post_thumbnail":0},"product_brand":[],"product_cat":[32,37,63],"product_tag":[],"class_list":{"0":"post-3165","1":"product","2":"type-product","3":"status-publish","4":"has-post-thumbnail","6":"product_cat-maquinas-soldadura-soldar-ewm-mexico","7":"product_cat-maquinas-soldadura-mig-mag-multiproceso","8":"product_cat-maquina-soldadura-industrial-ewm-group-mig-multiproceso-taurus-synergic","9":"product-grid-view","11":"first","12":"instock","13":"shipping-taxable","14":"product-type-simple"},"aioseo_notices":[],"_links":{"self":[{"href":"https:\/\/sea-sa.com.mx\/site\/wp-json\/wp\/v2\/product\/3165","targetHints":{"allow":["GET"]}}],"collection":[{"href":"https:\/\/sea-sa.com.mx\/site\/wp-json\/wp\/v2\/product"}],"about":[{"href":"https:\/\/sea-sa.com.mx\/site\/wp-json\/wp\/v2\/types\/product"}],"wp:featuredmedia":[{"embeddable":true,"href":"https:\/\/sea-sa.com.mx\/site\/wp-json\/wp\/v2\/media\/3146"}],"wp:attachment":[{"href":"https:\/\/sea-sa.com.mx\/site\/wp-json\/wp\/v2\/media?parent=3165"}],"wp:term":[{"taxonomy":"product_brand","embeddable":true,"href":"https:\/\/sea-sa.com.mx\/site\/wp-json\/wp\/v2\/product_brand?post=3165"},{"taxonomy":"product_cat","embeddable":true,"href":"https:\/\/sea-sa.com.mx\/site\/wp-json\/wp\/v2\/product_cat?post=3165"},{"taxonomy":"product_tag","embeddable":true,"href":"https:\/\/sea-sa.com.mx\/site\/wp-json\/wp\/v2\/product_tag?post=3165"}],"curies":[{"name":"wp","href":"https:\/\/api.w.org\/{rel}","templated":true}]}}