{"id":3155,"date":"2020-03-21T19:18:47","date_gmt":"2020-03-21T19:18:47","guid":{"rendered":"https:\/\/sea-sa.com.mx\/site\/?post_type=product&#038;p=3155"},"modified":"2022-01-05T20:58:49","modified_gmt":"2022-01-05T20:58:49","slug":"maquina-soldar-mig-taurus351synergic","status":"publish","type":"product","link":"https:\/\/sea-sa.com.mx\/site\/producto\/maquina-soldar-mig-taurus351synergic\/","title":{"rendered":"Taurus 351 Synergic S MM FDG"},"content":{"rendered":"<ul>\n<li class=\"first-item\">M\u00e1quina de soldadura con refrigeraci\u00f3n por gas con alimentador de hilo separado, opcionalmente drive 4X EX, drive 4X HP o drive 4X LP.<\/li>\n<li>Excelentes propiedades de soldadura Multimatrix.<\/li>\n<li>Funcionamiento de soldadura manual o Synergic.<\/li>\n<li>Equipado con las l\u00edneas caracter\u00edsticas Synergic para soldaduras GMAW de acero, CrNi y aluminio.<\/li>\n<li>Indicado para soldaduras el\u00e9ctricas manuales, soldaduras TIG y arco-aire.<\/li>\n<li>Grandes reservas de potencia, gracias al elevado factor de marcha, y el consiguiente menor calentamiento de todos los componentes garantizan en la pr\u00e1ctica una mayor vida \u00fatil de los aparatos.<\/li>\n<li>Paquete WPQR gratuito para una certificaci\u00f3n hasta EXC2 inclusive seg\u00fan EN 1090 y para la soldadura de aceros no aleados hasta S355 inclusive.<\/li>\n<li>Din\u00e1mica del arco voltaico con regulaci\u00f3n no escalonada (efecto de estrangulaci\u00f3n).<\/li>\n<li>Equipado para hilo de acero de 1,0 mm + 1,2 mm.<\/li>\n<li>Menor consumo de corriente gracias a un elevado grado de efectividad y a la funci\u00f3n standby.<\/li>\n<li>Sencillo cambio de la polaridad de la corriente de soldadura sin herramientas.<\/li>\n<li>Gran tolerancia a las variaciones en la tensi\u00f3n de la red por lo que puede utilizarse con un generador de forma ilimitada.<\/li>\n<li>Especialmente indicado para utilizarse con paquetes de mangueras largas.<\/li>\n<li>Capacidad de conexi\u00f3n para control remoto y antorcha de funci\u00f3n.<\/li>\n<li class=\"last-item\">Gracias a la tecnolog\u00eda Multimatrix puede conectarse en red mediante LAN o WiFi, apto para Xnet.<\/li>\n<\/ul>\n<p><strong>Datos T\u00e9cnicos:<\/strong><\/p>\n<ul>\n<li>Fusibles Principales (fusible lento): 3 x 25 A<\/li>\n<li>Tensi\u00f3n de red (tolerancias) 3 x 400 V (-25 % &#8211; +20 %)<\/li>\n<li>Rango de ajuste de corriente de soldadura: 5 A &#8211; 350 A<\/li>\n<li>Duty cycle 40 \u00b0C: 350 A &#8211; 100%<\/li>\n<li>Potencia del generador recomendada: 19.3 kVA<\/li>\n<li>Dimensiones del aparato: Largo x Ancho x Alto en mm: 1085 x 450 x 1003<\/li>\n<li>Dimensiones del alimentador de hilo: Largo x Ancho x Alto en mm: 660 x 280 x 380<\/li>\n<\/ul>\n","protected":false},"excerpt":{"rendered":"<p>M\u00e1quina de soldadura MIG Multiproceso EWM Group L\u00ednea Taurus Synergic Transportable<\/p>\n<p><strong>Equipos transportables:<\/strong> El concepto de equipo 3 en 1, donde la fuente de alimentaci\u00f3n, el carro de transporte y el equipo de refrigeraci\u00f3n forman una sola unidad; para un transporte sencillo y un f\u00e1cil manejo. El conducto de ventilaci\u00f3n optimizado proporciona una mayor potencia de refrigeraci\u00f3n, se alarga el tiempo de encendido y se reduce la suciedad en el aparato. Los controles con indicaciones claras garantizan un manejo sencillo. Potencia total para la utilizaci\u00f3n pr\u00e1ctica y complicada.<\/p>\n[fusion_button link=\"https:\/\/sea-sa.com.mx\/site\/contacto-empresa-soldadura-equipos-antorchas\/?interes=Taurus 351 Synergic S MM FDG\" text_transform=\"\" title=\"Cont\u00e1ctanos para asesorarte\" target=\"_self\" link_attributes=\"\" alignment=\"center\" modal=\"\" hide_on_mobile=\"small-visibility,medium-visibility,large-visibility\" class=\"\" id=\"\" color=\"custom\" button_gradient_top_color=\"#ba0000\" button_gradient_bottom_color=\"#a50000\" button_gradient_top_color_hover=\"#a50000\" button_gradient_bottom_color_hover=\"#ba0000\" accent_color=\"#ffffff\" accent_hover_color=\"#eaeaea\" type=\"\" bevel_color=\"\" border_width=\"\" size=\"large\" stretch=\"default\" shape=\"pill\" icon=\"fa-info-circle fas\" icon_position=\"left\" icon_divider=\"yes\" animation_type=\"\" animation_direction=\"left\" animation_speed=\"0.3\" animation_offset=\"\"]SOLICITAR INFORMACI\u00d3N[\/fusion_button]\n","protected":false},"featured_media":3136,"template":"","meta":{"ngg_post_thumbnail":0},"product_brand":[],"product_cat":[32,37,63],"product_tag":[],"class_list":{"0":"post-3155","1":"product","2":"type-product","3":"status-publish","4":"has-post-thumbnail","6":"product_cat-maquinas-soldadura-soldar-ewm-mexico","7":"product_cat-maquinas-soldadura-mig-mag-multiproceso","8":"product_cat-maquina-soldadura-industrial-ewm-group-mig-multiproceso-taurus-synergic","9":"product-grid-view","11":"first","12":"instock","13":"shipping-taxable","14":"product-type-simple"},"aioseo_notices":[],"_links":{"self":[{"href":"https:\/\/sea-sa.com.mx\/site\/wp-json\/wp\/v2\/product\/3155","targetHints":{"allow":["GET"]}}],"collection":[{"href":"https:\/\/sea-sa.com.mx\/site\/wp-json\/wp\/v2\/product"}],"about":[{"href":"https:\/\/sea-sa.com.mx\/site\/wp-json\/wp\/v2\/types\/product"}],"wp:featuredmedia":[{"embeddable":true,"href":"https:\/\/sea-sa.com.mx\/site\/wp-json\/wp\/v2\/media\/3136"}],"wp:attachment":[{"href":"https:\/\/sea-sa.com.mx\/site\/wp-json\/wp\/v2\/media?parent=3155"}],"wp:term":[{"taxonomy":"product_brand","embeddable":true,"href":"https:\/\/sea-sa.com.mx\/site\/wp-json\/wp\/v2\/product_brand?post=3155"},{"taxonomy":"product_cat","embeddable":true,"href":"https:\/\/sea-sa.com.mx\/site\/wp-json\/wp\/v2\/product_cat?post=3155"},{"taxonomy":"product_tag","embeddable":true,"href":"https:\/\/sea-sa.com.mx\/site\/wp-json\/wp\/v2\/product_tag?post=3155"}],"curies":[{"name":"wp","href":"https:\/\/api.w.org\/{rel}","templated":true}]}}