{"id":2542,"date":"2020-03-03T18:44:48","date_gmt":"2020-03-03T18:44:48","guid":{"rendered":"https:\/\/sea-sa.com.mx\/website\/?post_type=product&#038;p=2542"},"modified":"2021-11-24T19:52:29","modified_gmt":"2021-11-24T19:52:29","slug":"posicionador-soldadura-columnandboom-industrial-proarc-mexico","status":"publish","type":"product","link":"https:\/\/sea-sa.com.mx\/site\/producto\/posicionador-soldadura-columnandboom-industrial-proarc-mexico\/","title":{"rendered":"Column and Boom \/ Welding Manipulator"},"content":{"rendered":"<p><iframe loading=\"lazy\" src=\"https:\/\/www.youtube.com\/embed\/gh9ZmR_1oj8?&amp;autoplay=1\" width=\"100%\" height=\"400\" frameborder=\"0\" allowfullscreen=\"allowfullscreen\"><span data-mce-type=\"bookmark\" style=\"display: inline-block; width: 0px; overflow: hidden; line-height: 0;\" class=\"mce_SELRES_start\">\ufeff<\/span><\/iframe><\/p>\n<ul>\n<li style=\"list-style-type: none;\">\n<ul>\n<li>Ajuste transversal manual a trav\u00e9s de la manija de bloqueo r\u00e1pido.<\/li>\n<li>La elevaci\u00f3n del Boom se puede ajustar mediante control manual o el\u00e9ctrico (opcional).<\/li>\n<li>Rotaci\u00f3n base est\u00e1ndar de 360 grados y deslizamiento manual de ajuste r\u00e1pido de posici\u00f3n de la antorcha.<\/li>\n<\/ul>\n<\/li>\n<\/ul>\n<p><strong>Informaci\u00f3n t\u00e9cnica:<\/strong><\/p>\n<p><a href=\"https:\/\/sea-sa.com.mx\/site\/wp-content\/uploads\/2020\/03\/SEA_Posicionadores-para-soldadura_Column-and-Boom-Welding-Manipulator_Modelos.pdf\" target=\"_blank\" rel=\"noopener noreferrer\">Descargar Folleto Posicionador Column and Boom \/ Welding Manipulator<\/a><\/p>\n<p><a href=\"https:\/\/sea-sa.com.mx\/site\/wp-content\/uploads\/2020\/03\/SEA_Posicionadores-para-soldadura_Column-and-Boom-Welding-Manipulator_Modelos.pdf\" target=\"_blank\" rel=\"noopener noreferrer\"><img loading=\"lazy\" decoding=\"async\" class=\"lazyload alignnone wp-image-2663\" src=\"https:\/\/sea-sa.com.mx\/site\/wp-content\/uploads\/2020\/03\/PDF_column-boom-welding.jpg\" data-orig-src=\"https:\/\/sea-sa.com.mx\/site\/wp-content\/uploads\/2020\/03\/PDF_column-boom-welding.jpg\" alt=\"\" width=\"178\" height=\"253\" srcset=\"data:image\/svg+xml,%3Csvg%20xmlns%3D%27http%3A%2F%2Fwww.w3.org%2F2000%2Fsvg%27%20width%3D%27178%27%20height%3D%27253%27%20viewBox%3D%270%200%20178%20253%27%3E%3Crect%20width%3D%27178%27%20height%3D%273253%27%20fill-opacity%3D%220%22%2F%3E%3C%2Fsvg%3E\" data-srcset=\"https:\/\/sea-sa.com.mx\/site\/wp-content\/uploads\/2020\/03\/PDF_column-boom-welding-200x285.jpg 200w, https:\/\/sea-sa.com.mx\/site\/wp-content\/uploads\/2020\/03\/PDF_column-boom-welding-400x569.jpg 400w, https:\/\/sea-sa.com.mx\/site\/wp-content\/uploads\/2020\/03\/PDF_column-boom-welding-500x711.jpg 500w, https:\/\/sea-sa.com.mx\/site\/wp-content\/uploads\/2020\/03\/PDF_column-boom-welding-600x854.jpg 600w, https:\/\/sea-sa.com.mx\/site\/wp-content\/uploads\/2020\/03\/PDF_column-boom-welding.jpg 634w\" data-sizes=\"auto\" data-orig-sizes=\"auto, (max-width: 178px) 100vw, 178px\" \/><\/a><\/p>\n","protected":false},"excerpt":{"rendered":"<p>Manipulador de soldadura de dise\u00f1o compacto en una soluci\u00f3n econ\u00f3mica. Puede funcionar con posicionadores de soldadura o rodillos giratorios como un paquete de soldadura que ahorra costos para hacer que su soldadura sea m\u00e1s estable y f\u00e1cil.<\/p>\n[fusion_button link=\"https:\/\/sea-sa.com.mx\/site\/contacto-empresa-soldadura-equipos-antorchas\/?interes=Column and Boom Manipulator\" text_transform=\"\" title=\"Cont\u00e1ctanos para asesorarte\" target=\"_self\" link_attributes=\"\" alignment=\"center\" modal=\"\" hide_on_mobile=\"small-visibility,medium-visibility,large-visibility\" class=\"\" id=\"\" color=\"custom\" button_gradient_top_color=\"#ba0000\" button_gradient_bottom_color=\"#a50000\" button_gradient_top_color_hover=\"#a50000\" button_gradient_bottom_color_hover=\"#ba0000\" accent_color=\"#ffffff\" accent_hover_color=\"#eaeaea\" type=\"\" bevel_color=\"\" border_width=\"\" size=\"large\" stretch=\"default\" shape=\"pill\" icon=\"fa-info-circle fas\" icon_position=\"left\" icon_divider=\"yes\" animation_type=\"\" animation_direction=\"left\" animation_speed=\"0.3\" animation_offset=\"\"]SOLICITAR INFORMACI\u00d3N[\/fusion_button]\n","protected":false},"featured_media":2545,"template":"","meta":{"ngg_post_thumbnail":0},"product_brand":[],"product_cat":[76],"product_tag":[],"class_list":{"0":"post-2542","1":"product","2":"type-product","3":"status-publish","4":"has-post-thumbnail","6":"product_cat-posicionador-soldadura-proarc-column-boom-welding-manipulator","7":"product-grid-view","9":"first","10":"instock","11":"shipping-taxable","12":"product-type-simple"},"aioseo_notices":[],"_links":{"self":[{"href":"https:\/\/sea-sa.com.mx\/site\/wp-json\/wp\/v2\/product\/2542","targetHints":{"allow":["GET"]}}],"collection":[{"href":"https:\/\/sea-sa.com.mx\/site\/wp-json\/wp\/v2\/product"}],"about":[{"href":"https:\/\/sea-sa.com.mx\/site\/wp-json\/wp\/v2\/types\/product"}],"wp:featuredmedia":[{"embeddable":true,"href":"https:\/\/sea-sa.com.mx\/site\/wp-json\/wp\/v2\/media\/2545"}],"wp:attachment":[{"href":"https:\/\/sea-sa.com.mx\/site\/wp-json\/wp\/v2\/media?parent=2542"}],"wp:term":[{"taxonomy":"product_brand","embeddable":true,"href":"https:\/\/sea-sa.com.mx\/site\/wp-json\/wp\/v2\/product_brand?post=2542"},{"taxonomy":"product_cat","embeddable":true,"href":"https:\/\/sea-sa.com.mx\/site\/wp-json\/wp\/v2\/product_cat?post=2542"},{"taxonomy":"product_tag","embeddable":true,"href":"https:\/\/sea-sa.com.mx\/site\/wp-json\/wp\/v2\/product_tag?post=2542"}],"curies":[{"name":"wp","href":"https:\/\/api.w.org\/{rel}","templated":true}]}}