{"id":2538,"date":"2020-03-03T18:27:48","date_gmt":"2020-03-03T18:27:48","guid":{"rendered":"https:\/\/sea-sa.com.mx\/website\/?post_type=product&#038;p=2538"},"modified":"2024-09-10T18:55:59","modified_gmt":"2024-09-10T18:55:59","slug":"soldadura-longitudinalseamwelder-proarc-mexico-posicionadores","status":"publish","type":"product","link":"https:\/\/sea-sa.com.mx\/site\/producto\/soldadura-longitudinalseamwelder-proarc-mexico-posicionadores\/","title":{"rendered":"Longitudinal Seam welder"},"content":{"rendered":"<p><iframe loading=\"lazy\" src=\"https:\/\/www.youtube.com\/embed\/ab2hlR8Vm1k?&amp;autoplay=1\" width=\"100%\" height=\"600px\" frameborder=\"0\" allowfullscreen=\"allowfullscreen\"><span data-mce-type=\"bookmark\" style=\"display: inline-block; width: 0px; overflow: hidden; line-height: 0;\" class=\"mce_SELRES_start\">\ufeff<\/span><span data-mce-type=\"bookmark\" style=\"display: inline-block; width: 0px; overflow: hidden; line-height: 0;\" class=\"mce_SELRES_start\">\ufeff<\/span><span data-mce-type=\"bookmark\" style=\"display: inline-block; width: 0px; overflow: hidden; line-height: 0;\" class=\"mce_SELRES_start\">\ufeff<\/span><\/iframe><\/p>\n<p><iframe loading=\"lazy\" src=\"https:\/\/www.youtube.com\/embed\/8_bpRZxXQg8?si=L4NIIlzLK87RSZS3\" width=\"100%\" height=\"600px\" frameborder=\"0\" allowfullscreen=\"allowfullscreen\"><span data-mce-type=\"bookmark\" style=\"display: inline-block; width: 0px; overflow: hidden; line-height: 0;\" class=\"mce_SELRES_start\">\ufeff<\/span><span data-mce-type=\"bookmark\" style=\"display: inline-block; width: 0px; overflow: hidden; line-height: 0;\" class=\"mce_SELRES_start\">\ufeff<\/span><\/iframe><\/p>\n<p>Caracter\u00edsticas:<\/p>\n<ul>\n<li>La viga lateral utiliza un rack de precisi\u00f3n y pi\u00f1\u00f3n con carro servomotor<\/li>\n<li>Doble gu\u00eda lineal aseguran confiabilidad y repetibilidad<\/li>\n<li>Dise\u00f1o de teclado con abrazadera de bolsa de aire proporciona una presi\u00f3n promedio para la sujeci\u00f3n<\/li>\n<li>Dise\u00f1o especial con mandril interior enfriado por agua, que permite la l\u00e1mina no se caliente.<\/li>\n<li>Dedos clampeadores de cobre reversibles.<\/li>\n<li>Controlador PLC con pantalla t\u00e1ctil HMI<\/li>\n<li>Soporta diferentes procesos de soldadura incluyendo: MIG \/ TIG \/ Plasma \/ Arco sumergido &#8230;<\/li>\n<\/ul>\n<p><a href=\"https:\/\/sea-sa.com.mx\/site\/wp-content\/uploads\/2020\/03\/SEA_Posicionadores-para-soldadura_Longitudinal-Seam-welder_Modelos.pdf\" target=\"_blank\" rel=\"noopener noreferrer\">Descargar Folleto Posicionador Longitudinal Seam welder<\/a><\/p>\n<p><a href=\"https:\/\/sea-sa.com.mx\/site\/wp-content\/uploads\/2020\/03\/SEA_Posicionadores-para-soldadura_Longitudinal-Seam-welder_Modelos.pdf\" target=\"_blank\" rel=\"noopener noreferrer\"><img loading=\"lazy\" decoding=\"async\" class=\"lazyload alignnone wp-image-2662\" src=\"https:\/\/sea-sa.com.mx\/site\/wp-content\/uploads\/2020\/03\/PDF_longitudinalseam-welder.jpg\" data-orig-src=\"https:\/\/sea-sa.com.mx\/site\/wp-content\/uploads\/2020\/03\/PDF_longitudinalseam-welder.jpg\" alt=\"\" width=\"178\" height=\"260\" srcset=\"data:image\/svg+xml,%3Csvg%20xmlns%3D%27http%3A%2F%2Fwww.w3.org%2F2000%2Fsvg%27%20width%3D%27178%27%20height%3D%27260%27%20viewBox%3D%270%200%20178%20260%27%3E%3Crect%20width%3D%27178%27%20height%3D%273260%27%20fill-opacity%3D%220%22%2F%3E%3C%2Fsvg%3E\" data-srcset=\"https:\/\/sea-sa.com.mx\/site\/wp-content\/uploads\/2020\/03\/PDF_longitudinalseam-welder-200x292.jpg 200w, https:\/\/sea-sa.com.mx\/site\/wp-content\/uploads\/2020\/03\/PDF_longitudinalseam-welder-400x584.jpg 400w, https:\/\/sea-sa.com.mx\/site\/wp-content\/uploads\/2020\/03\/PDF_longitudinalseam-welder-500x729.jpg 500w, https:\/\/sea-sa.com.mx\/site\/wp-content\/uploads\/2020\/03\/PDF_longitudinalseam-welder-600x875.jpg 600w, https:\/\/sea-sa.com.mx\/site\/wp-content\/uploads\/2020\/03\/PDF_longitudinalseam-welder.jpg 621w\" data-sizes=\"auto\" data-orig-sizes=\"auto, (max-width: 178px) 100vw, 178px\" \/><\/a><\/p>\n","protected":false},"excerpt":{"rendered":"<p>La m\u00e1quina de cord\u00f3n de soldadura longitudinal Seam Welder de ProArc est\u00e1 dise\u00f1ada para soldar en l\u00ednea recta en todos los metales soldables en espesores de 0.1 mm a 10 mm. Proporciona 100% de penetraci\u00f3n de soldadura en un solo paso en cilindros no apilados y l\u00e1minas planas sin ocasionar distorsi\u00f3n t\u00e9rmica al material. Esto optimiza cualquier proceso que reduzca los costos de soldadura y mejore la calidad de la soldadura.<\/p>\n[fusion_button link=\"https:\/\/sea-sa.com.mx\/site\/contacto-empresa-soldadura-equipos-antorchas\/?interes=Seam Welder\" text_transform=\"\" title=\"Cont\u00e1ctanos para asesorarte\" target=\"_self\" link_attributes=\"\" alignment=\"center\" modal=\"\" hide_on_mobile=\"small-visibility,medium-visibility,large-visibility\" class=\"\" id=\"\" color=\"custom\" button_gradient_top_color=\"#ba0000\" button_gradient_bottom_color=\"#a50000\" button_gradient_top_color_hover=\"#a50000\" button_gradient_bottom_color_hover=\"#ba0000\" accent_color=\"#ffffff\" accent_hover_color=\"#eaeaea\" type=\"\" bevel_color=\"\" border_width=\"\" size=\"large\" stretch=\"default\" shape=\"pill\" icon=\"fa-info-circle fas\" icon_position=\"left\" icon_divider=\"yes\" animation_type=\"\" animation_direction=\"left\" animation_speed=\"0.3\" animation_offset=\"\"]SOLICITAR INFORMACI\u00d3N[\/fusion_button]\n","protected":false},"featured_media":11772,"template":"","meta":{"ngg_post_thumbnail":0},"product_brand":[],"product_cat":[68,73],"product_tag":[81],"class_list":{"0":"post-2538","1":"product","2":"type-product","3":"status-publish","4":"has-post-thumbnail","6":"product_cat-posicionador-soldadura-proarc-longitudinal-seam-welder","7":"product_cat-novedades-equipos-soldadura-welding-news","8":"product_tag-proarc","9":"product-grid-view","11":"first","12":"instock","13":"shipping-taxable","14":"product-type-simple"},"aioseo_notices":[],"_links":{"self":[{"href":"https:\/\/sea-sa.com.mx\/site\/wp-json\/wp\/v2\/product\/2538","targetHints":{"allow":["GET"]}}],"collection":[{"href":"https:\/\/sea-sa.com.mx\/site\/wp-json\/wp\/v2\/product"}],"about":[{"href":"https:\/\/sea-sa.com.mx\/site\/wp-json\/wp\/v2\/types\/product"}],"wp:featuredmedia":[{"embeddable":true,"href":"https:\/\/sea-sa.com.mx\/site\/wp-json\/wp\/v2\/media\/11772"}],"wp:attachment":[{"href":"https:\/\/sea-sa.com.mx\/site\/wp-json\/wp\/v2\/media?parent=2538"}],"wp:term":[{"taxonomy":"product_brand","embeddable":true,"href":"https:\/\/sea-sa.com.mx\/site\/wp-json\/wp\/v2\/product_brand?post=2538"},{"taxonomy":"product_cat","embeddable":true,"href":"https:\/\/sea-sa.com.mx\/site\/wp-json\/wp\/v2\/product_cat?post=2538"},{"taxonomy":"product_tag","embeddable":true,"href":"https:\/\/sea-sa.com.mx\/site\/wp-json\/wp\/v2\/product_tag?post=2538"}],"curies":[{"name":"wp","href":"https:\/\/api.w.org\/{rel}","templated":true}]}}