{"id":2478,"date":"2020-02-22T16:26:23","date_gmt":"2020-02-22T16:26:23","guid":{"rendered":"https:\/\/sea-sa.com.mx\/website\/?post_type=product&#038;p=2478"},"modified":"2021-12-10T20:44:15","modified_gmt":"2021-12-10T20:44:15","slug":"antorcha-tbi-soldadura-robotica-mig-infiniturn","status":"publish","type":"product","link":"https:\/\/sea-sa.com.mx\/site\/producto\/antorcha-tbi-soldadura-robotica-mig-infiniturn\/","title":{"rendered":"TBi Infiniturn \u2013 Endless Rotation"},"content":{"rendered":"<ul>\n<li>En versiones de refrigeraci\u00f3n por agua y gas.<\/li>\n<li>El arn\u00e9s se mantiene m\u00e1s corto y protegido a trav\u00e9s del centro del brazo.<\/li>\n<li>Acoplamiento de medios integrado.<\/li>\n<li>Robusto y confiable.<\/li>\n<li>El acoplamiento giratorio no requiere de\u00a0mantenimiento.<\/li>\n<\/ul>\n","protected":false},"excerpt":{"rendered":"<div class=\"vc_col-sm-6 wpb_column vc_column_container vc_custom_1427125723635\">\n<div class=\"wpb_wrapper\">\n<div class=\"wpb_text_column wpb_content_element \">\n<div class=\"wpb_wrapper\">\n<div class=\"wp-caption alignleft\">\n<p class=\"wp-caption-text\">Antorcha RoboMIG Tbi Infiniturn Rotaci\u00f3n Sinf\u00edn de TBI Industries.<\/p>\n<p>El sistema de antorcha robot TBi Infiniturn es un sistema modular para los modernos robots de soldadura de mu\u00f1eca hueca. Se puede adaptar perfectamente a la aplicaci\u00f3n eligiendo los componentes correctos.<br \/>\nEl coraz\u00f3n del sistema es el robusto conjunto de cables con el acoplamiento de medios TBi Infiniturn integrado. Este componente recientemente desarrollado garantiza un suministro ininterrumpido de energ\u00eda, agua y gas a la antorcha.<\/p>\n<\/div>\n<\/div>\n<\/div>\n<\/div>\n<\/div>\n[fusion_button link=\"https:\/\/sea-sa.com.mx\/site\/contacto-empresa-soldadura-equipos-antorchas\/?interes=Tbi Infiniturn\" text_transform=\"\" title=\"Cont\u00e1ctanos para asesorarte\" target=\"_self\" link_attributes=\"\" alignment=\"center\" modal=\"\" hide_on_mobile=\"small-visibility,medium-visibility,large-visibility\" class=\"\" id=\"\" color=\"custom\" button_gradient_top_color=\"#ba0000\" button_gradient_bottom_color=\"#a50000\" button_gradient_top_color_hover=\"#a50000\" button_gradient_bottom_color_hover=\"#ba0000\" accent_color=\"#ffffff\" accent_hover_color=\"#eaeaea\" type=\"\" bevel_color=\"\" border_width=\"\" size=\"large\" stretch=\"default\" shape=\"pill\" icon=\"fa-info-circle fas\" icon_position=\"left\" icon_divider=\"yes\" animation_type=\"\" animation_direction=\"left\" animation_speed=\"0.3\" animation_offset=\"\"]SOLICITAR INFORMACI\u00d3N[\/fusion_button]\n<p>&nbsp;<\/p>\n<p>&nbsp;<\/p>\n","protected":false},"featured_media":2479,"template":"","meta":{"ngg_post_thumbnail":0},"product_brand":[],"product_cat":[19,26,31,73],"product_tag":[],"class_list":{"0":"post-2478","1":"product","2":"type-product","3":"status-publish","4":"has-post-thumbnail","6":"product_cat-antorchas-soldadura-tbi-industries-mexico","7":"product_cat-antorchas-soldadura-roboticas","8":"product_cat-antorchas-soldadura-tbi-industries-roboticas-mig-mag-tandem","9":"product_cat-novedades-equipos-soldadura-welding-news","10":"product-grid-view","12":"first","13":"instock","14":"shipping-taxable","15":"product-type-simple"},"aioseo_notices":[],"_links":{"self":[{"href":"https:\/\/sea-sa.com.mx\/site\/wp-json\/wp\/v2\/product\/2478","targetHints":{"allow":["GET"]}}],"collection":[{"href":"https:\/\/sea-sa.com.mx\/site\/wp-json\/wp\/v2\/product"}],"about":[{"href":"https:\/\/sea-sa.com.mx\/site\/wp-json\/wp\/v2\/types\/product"}],"wp:featuredmedia":[{"embeddable":true,"href":"https:\/\/sea-sa.com.mx\/site\/wp-json\/wp\/v2\/media\/2479"}],"wp:attachment":[{"href":"https:\/\/sea-sa.com.mx\/site\/wp-json\/wp\/v2\/media?parent=2478"}],"wp:term":[{"taxonomy":"product_brand","embeddable":true,"href":"https:\/\/sea-sa.com.mx\/site\/wp-json\/wp\/v2\/product_brand?post=2478"},{"taxonomy":"product_cat","embeddable":true,"href":"https:\/\/sea-sa.com.mx\/site\/wp-json\/wp\/v2\/product_cat?post=2478"},{"taxonomy":"product_tag","embeddable":true,"href":"https:\/\/sea-sa.com.mx\/site\/wp-json\/wp\/v2\/product_tag?post=2478"}],"curies":[{"name":"wp","href":"https:\/\/api.w.org\/{rel}","templated":true}]}}