{"id":2437,"date":"2020-02-21T15:43:39","date_gmt":"2020-02-21T15:43:39","guid":{"rendered":"https:\/\/sea-sa.com.mx\/website\/?post_type=product&#038;p=2437"},"modified":"2022-07-20T18:25:40","modified_gmt":"2022-07-20T18:25:40","slug":"rolliner-3g-manguera-transportadora-de-alambre-guiada-por-rodillos","status":"publish","type":"product","link":"https:\/\/sea-sa.com.mx\/site\/producto\/rolliner-3g-manguera-transportadora-de-alambre-guiada-por-rodillos\/","title":{"rendered":"Rolliner 3G &#8211; Manguera transportadora de alambre guiada por rodillos"},"content":{"rendered":"<ul>\n<li>Longitudes: Longitud m\u00e1xima 25 m, se puede extender con un conector de manguera<\/li>\n<li>Di\u00e1metro exterior: 28,5 mm<\/li>\n<li>Radio de doblaje: Al menos 70 mm al enhebrar el cable y en el estado de funcionamiento<\/li>\n<li>Di\u00e1metro m\u00e1ximo del cable: 1,6 mm<\/li>\n<li>Aleaciones minables: Todo tipo de material puede ser transportado por el Rolliner 3G (hilos redondos), es decir, acero, acero inoxidable, aluminio, cobre, etc.<\/li>\n<li>Velocidad m\u00e1xima del cable: 30 metros por minuto<\/li>\n<li>Peso por metro: 200 gramos<\/li>\n<li>Temperatura del alambre: M\u00e1xima 40\u00b0 cent\u00edgrados<\/li>\n<li>Coeficiente de fricci\u00f3n; 0,08<\/li>\n<\/ul>\n","protected":false},"excerpt":{"rendered":"<p>Rolliner 3G es la continuaci\u00f3n de la manguera transportadora de alambre guiada por rodillos que ha demostrado su eficacia durante 10 a\u00f1os, con importantes mejoras. Los elementos individuales del Rolliner contienen cada uno un par de rodillos y est\u00e1n conectados entre s\u00ed.<br \/>\nCada elemento se gira 90\u00b0 con respecto al elemento vecino, en el que el hilo de soldadura es guiado exclusivamente sobre rodillos sin espacios. Esto reduce significativamente la fricci\u00f3n en comparaci\u00f3n con las mangueras de gu\u00eda de alambre convencionales.<\/p>\n<p>Entre los pares de rodillos individuales se encuentra una gu\u00eda circular, que gu\u00eda el alambre hasta el siguiente par de rodillos durante el enhebrado y, por tanto, garantiza un enhebrado sin problemas incluso en radios estrechos.<\/p>\n<ul>\n<li>El Rolliner 3G permite distancias de alimentaci\u00f3n de alambre significativamente m\u00e1s largas entre el barril de alambre y el alimentador de alambre debido a la baja fricci\u00f3n. En muchos casos es posible prescindir de las unidades adicionales.<\/li>\n<li>Rolliner 3G no es una pieza de desgaste y no necesita mantenimiento durante varios a\u00f1os. El proceso de soldadura se vuelve m\u00e1s estable, ya que hay menos deslizamiento debido a las bajas fuerzas en el sistema de alimentaci\u00f3n de hilo.<\/li>\n<li>Rolliner 3G puede alargar completamente sin necesidad de herramientas. Para reducir el tama\u00f1o, se recomienda el uso de un instrumento de corte.<\/li>\n<\/ul>\n[fusion_button link=\"https:\/\/sea-sa.com.mx\/site\/contacto-empresa-soldadura-equipos-antorchas\/?interes=Liner de rodillos NG\" text_transform=\"\" title=\"Cont\u00e1ctanos para asesorarte\" target=\"_self\" link_attributes=\"\" alignment=\"center\" modal=\"\" hide_on_mobile=\"small-visibility,medium-visibility,large-visibility\" class=\"\" id=\"\" color=\"custom\" button_gradient_top_color=\"#ba0000\" button_gradient_bottom_color=\"#a50000\" button_gradient_top_color_hover=\"#a50000\" button_gradient_bottom_color_hover=\"#ba0000\" accent_color=\"#ffffff\" accent_hover_color=\"#eaeaea\" type=\"\" bevel_color=\"\" border_width=\"\" size=\"large\" stretch=\"default\" shape=\"pill\" icon=\"fa-info-circle fas\" icon_position=\"left\" icon_divider=\"yes\" animation_type=\"\" animation_direction=\"left\" animation_speed=\"0.3\" animation_offset=\"\"]SOLICITAR INFORMACI\u00d3N[\/fusion_button]\n","protected":false},"featured_media":10762,"template":"","meta":{"ngg_post_thumbnail":0},"product_brand":[],"product_cat":[58,56,57,73],"product_tag":[],"class_list":{"0":"post-2437","1":"product","2":"type-product","3":"status-publish","4":"has-post-thumbnail","6":"product_cat-accesorios-mexico-soldadura-industrial-antorchas","7":"product_cat-consumibles-accesorios-mexico-soldadura-industrial-antorchas","8":"product_cat-liner-manguera-suministro-alambre-mexico-soldadura-antorchas","9":"product_cat-novedades-equipos-soldadura-welding-news","10":"product-grid-view","12":"first","13":"instock","14":"shipping-taxable","15":"product-type-simple"},"aioseo_notices":[],"_links":{"self":[{"href":"https:\/\/sea-sa.com.mx\/site\/wp-json\/wp\/v2\/product\/2437","targetHints":{"allow":["GET"]}}],"collection":[{"href":"https:\/\/sea-sa.com.mx\/site\/wp-json\/wp\/v2\/product"}],"about":[{"href":"https:\/\/sea-sa.com.mx\/site\/wp-json\/wp\/v2\/types\/product"}],"wp:featuredmedia":[{"embeddable":true,"href":"https:\/\/sea-sa.com.mx\/site\/wp-json\/wp\/v2\/media\/10762"}],"wp:attachment":[{"href":"https:\/\/sea-sa.com.mx\/site\/wp-json\/wp\/v2\/media?parent=2437"}],"wp:term":[{"taxonomy":"product_brand","embeddable":true,"href":"https:\/\/sea-sa.com.mx\/site\/wp-json\/wp\/v2\/product_brand?post=2437"},{"taxonomy":"product_cat","embeddable":true,"href":"https:\/\/sea-sa.com.mx\/site\/wp-json\/wp\/v2\/product_cat?post=2437"},{"taxonomy":"product_tag","embeddable":true,"href":"https:\/\/sea-sa.com.mx\/site\/wp-json\/wp\/v2\/product_tag?post=2437"}],"curies":[{"name":"wp","href":"https:\/\/api.w.org\/{rel}","templated":true}]}}