{"id":2427,"date":"2020-02-21T15:25:25","date_gmt":"2020-02-21T15:25:25","guid":{"rendered":"https:\/\/sea-sa.com.mx\/website\/?post_type=product&#038;p=2427"},"modified":"2022-07-20T18:33:52","modified_gmt":"2022-07-20T18:33:52","slug":"tbi-arcvisor-g2","status":"publish","type":"product","link":"https:\/\/sea-sa.com.mx\/site\/producto\/tbi-arcvisor-g2\/","title":{"rendered":"TBi ArcVisor G2"},"content":{"rendered":"<p><strong>Informaci\u00f3n t\u00e9cnica:<\/strong><\/p>\n<ul>\n<li>Nivel de oscurecimiento: DIN 9-13<\/li>\n<li>\u00c1rea de visi\u00f3n: 100 x 45 mm<\/li>\n<li>Tiempo oscurecimiento: 0.3 ms<\/li>\n<li>Retraso de apertura: 0.1 \u2013 0.8 sec, ajustable<\/li>\n<li>Calidad del filtro: 1\/2\/1\/1<\/li>\n<\/ul>\n","protected":false},"excerpt":{"rendered":"<p>El <strong>TBi ArcVisor G2<\/strong> es la segunda generaci\u00f3n de la careta protectora del soldador TBi ArcVisor para soldadura MIG \/ MAG, TIG y plasma. El cartucho de filtro de grado 1\/1\/1\/2 ofrece una mayor confiabilidad con un cartucho ADF (filtro de oscurecimiento autom\u00e1tico) mejorado.<\/p>\n<p>Beneficios<\/p>\n<p>&#8211; Campo de visi\u00f3n particularmente grande<br \/>\n&#8211; Operaci\u00f3n simple con tecnolog\u00eda de 1 bot\u00f3n<br \/>\n&#8211; Ligero y c\u00f3modo ajustable<\/p>\n<p>&nbsp;<\/p>\n[fusion_button link=\"https:\/\/sea-sa.com.mx\/site\/contacto-empresa-soldadura-equipos-antorchas\/?interes=Tbi ArcVisor\" text_transform=\"\" title=\"Cont\u00e1ctanos para asesorarte\" target=\"_self\" link_attributes=\"\" alignment=\"center\" modal=\"\" hide_on_mobile=\"small-visibility,medium-visibility,large-visibility\" class=\"\" id=\"\" color=\"custom\" button_gradient_top_color=\"#ba0000\" button_gradient_bottom_color=\"#a50000\" button_gradient_top_color_hover=\"#a50000\" button_gradient_bottom_color_hover=\"#ba0000\" accent_color=\"#ffffff\" accent_hover_color=\"#eaeaea\" type=\"\" bevel_color=\"\" border_width=\"\" size=\"large\" stretch=\"default\" shape=\"pill\" icon=\"fa-info-circle fas\" icon_position=\"left\" icon_divider=\"yes\" animation_type=\"\" animation_direction=\"left\" animation_speed=\"0.3\" animation_offset=\"\"]SOLICITAR INFORMACI\u00d3N[\/fusion_button]\n","protected":false},"featured_media":10757,"template":"","meta":{"ngg_post_thumbnail":0},"product_brand":[],"product_cat":[58,56,73],"product_tag":[],"class_list":{"0":"post-2427","1":"product","2":"type-product","3":"status-publish","4":"has-post-thumbnail","6":"product_cat-accesorios-mexico-soldadura-industrial-antorchas","7":"product_cat-consumibles-accesorios-mexico-soldadura-industrial-antorchas","8":"product_cat-novedades-equipos-soldadura-welding-news","9":"product-grid-view","11":"first","12":"instock","13":"shipping-taxable","14":"product-type-simple"},"aioseo_notices":[],"_links":{"self":[{"href":"https:\/\/sea-sa.com.mx\/site\/wp-json\/wp\/v2\/product\/2427","targetHints":{"allow":["GET"]}}],"collection":[{"href":"https:\/\/sea-sa.com.mx\/site\/wp-json\/wp\/v2\/product"}],"about":[{"href":"https:\/\/sea-sa.com.mx\/site\/wp-json\/wp\/v2\/types\/product"}],"wp:featuredmedia":[{"embeddable":true,"href":"https:\/\/sea-sa.com.mx\/site\/wp-json\/wp\/v2\/media\/10757"}],"wp:attachment":[{"href":"https:\/\/sea-sa.com.mx\/site\/wp-json\/wp\/v2\/media?parent=2427"}],"wp:term":[{"taxonomy":"product_brand","embeddable":true,"href":"https:\/\/sea-sa.com.mx\/site\/wp-json\/wp\/v2\/product_brand?post=2427"},{"taxonomy":"product_cat","embeddable":true,"href":"https:\/\/sea-sa.com.mx\/site\/wp-json\/wp\/v2\/product_cat?post=2427"},{"taxonomy":"product_tag","embeddable":true,"href":"https:\/\/sea-sa.com.mx\/site\/wp-json\/wp\/v2\/product_tag?post=2427"}],"curies":[{"name":"wp","href":"https:\/\/api.w.org\/{rel}","templated":true}]}}