{"id":2413,"date":"2020-02-20T18:35:44","date_gmt":"2020-02-20T18:35:44","guid":{"rendered":"https:\/\/sea-sa.com.mx\/website\/?post_type=product&#038;p=2413"},"modified":"2021-11-24T19:02:00","modified_gmt":"2021-11-24T19:02:00","slug":"posicionador-soldadura-circunferencial-proarc-mexico-tipo-l","status":"publish","type":"product","link":"https:\/\/sea-sa.com.mx\/site\/producto\/posicionador-soldadura-circunferencial-proarc-mexico-tipo-l\/","title":{"rendered":"Tipo L"},"content":{"rendered":"<p><iframe loading=\"lazy\" src=\"https:\/\/www.youtube.com\/embed\/_9RLh8UE8NY?&amp;autoplay=1\" width=\"100%\" height=\"400\" frameborder=\"0\" allowfullscreen=\"allowfullscreen\"><span data-mce-type=\"bookmark\" style=\"display: inline-block; width: 0px; overflow: hidden; line-height: 0;\" class=\"mce_SELRES_start\">\ufeff<\/span><\/iframe><\/p>\n<p><iframe loading=\"lazy\" src=\"https:\/\/www.youtube.com\/embed\/SGdKOWpemAc?&amp;autoplay=1\" width=\"100%\" height=\"400\" frameborder=\"0\" allowfullscreen=\"allowfullscreen\"><span data-mce-type=\"bookmark\" style=\"display: inline-block; width: 0px; overflow: hidden; line-height: 0;\" class=\"mce_SELRES_start\">\ufeff<\/span><\/iframe><\/p>\n<p><strong>Elementos del posicionador:<\/strong><\/p>\n<div class=\"post-content\">\n<ol>\n<li>Soporte de antorcha en block-V.<\/li>\n<li>Ajuste Linear, 50 mm.<\/li>\n<li>Stand en eje Y de 400 mm.<\/li>\n<li>Stand de antorcha 750 mm.<\/li>\n<li>Soporte de eje Y.<\/li>\n<li>Clip de detenci\u00f3n del soporte del eje Y.<\/li>\n<li>Brida del Stand.<\/li>\n<li>Posicionadores, engranaje de mecanismo A.<\/li>\n<li>Estructura b\u00e1sica, 1200 mm.<\/li>\n<li>Stand de ensamblaje, 500 mm.<\/li>\n<li>Contrapunto Neum\u00e1tico 75 mm.<\/li>\n<\/ol>\n<\/div>\n","protected":false},"excerpt":{"rendered":"<p>Posicionador de Soldadura Circunferencial Tipo L de ProArc<\/p>\n<p>Con los nuevos sistemas semiautom\u00e1ticos para soldadura, su empresa de manufactura o pailer\u00eda ahorra tiempo de producci\u00f3n y reduce la fatiga en el operador, incrementando la calidad en el cord\u00f3n de soldadura y aumenta su producci\u00f3n en general.<\/p>\n<p>Los posicionadores\u00a0permiten\u00a0mover la pieza de trabajo a una posici\u00f3n conveniente para la soldar. La pieza de\u00a0trabajo es fijada sobre la mesa, que permite inclinar y girar infinitamente la pieza durante la aplicaci\u00f3n de soldadura, \u00a0con panel de control puede fijar la cantidad y velocidad de soldadura, para crear cordones de soldadura uniformes y consistentes.<\/p>\n[fusion_button link=\"https:\/\/sea-sa.com.mx\/site\/contacto-empresa-soldadura-equipos-antorchas\/?interes=Posicionador Tipo L\" text_transform=\"\" title=\"Cont\u00e1ctanos para asesorarte\" target=\"_self\" link_attributes=\"\" alignment=\"center\" modal=\"\" hide_on_mobile=\"small-visibility,medium-visibility,large-visibility\" class=\"\" id=\"\" color=\"custom\" button_gradient_top_color=\"#ba0000\" button_gradient_bottom_color=\"#a50000\" button_gradient_top_color_hover=\"#a50000\" button_gradient_bottom_color_hover=\"#ba0000\" accent_color=\"#ffffff\" accent_hover_color=\"#eaeaea\" type=\"\" bevel_color=\"\" border_width=\"\" size=\"large\" stretch=\"default\" shape=\"pill\" icon=\"fa-info-circle fas\" icon_position=\"left\" icon_divider=\"yes\" animation_type=\"\" animation_direction=\"left\" animation_speed=\"0.3\" animation_offset=\"\"]SOLICITAR INFORMACI\u00d3N[\/fusion_button]\n","protected":false},"featured_media":2421,"template":"","meta":{"ngg_post_thumbnail":0},"product_brand":[],"product_cat":[66],"product_tag":[],"class_list":{"0":"post-2413","1":"product","2":"type-product","3":"status-publish","4":"has-post-thumbnail","6":"product_cat-posicionadores-manuipuladores-soldadura-proarc","7":"product-grid-view","9":"first","10":"instock","11":"shipping-taxable","12":"product-type-simple"},"aioseo_notices":[],"_links":{"self":[{"href":"https:\/\/sea-sa.com.mx\/site\/wp-json\/wp\/v2\/product\/2413","targetHints":{"allow":["GET"]}}],"collection":[{"href":"https:\/\/sea-sa.com.mx\/site\/wp-json\/wp\/v2\/product"}],"about":[{"href":"https:\/\/sea-sa.com.mx\/site\/wp-json\/wp\/v2\/types\/product"}],"wp:featuredmedia":[{"embeddable":true,"href":"https:\/\/sea-sa.com.mx\/site\/wp-json\/wp\/v2\/media\/2421"}],"wp:attachment":[{"href":"https:\/\/sea-sa.com.mx\/site\/wp-json\/wp\/v2\/media?parent=2413"}],"wp:term":[{"taxonomy":"product_brand","embeddable":true,"href":"https:\/\/sea-sa.com.mx\/site\/wp-json\/wp\/v2\/product_brand?post=2413"},{"taxonomy":"product_cat","embeddable":true,"href":"https:\/\/sea-sa.com.mx\/site\/wp-json\/wp\/v2\/product_cat?post=2413"},{"taxonomy":"product_tag","embeddable":true,"href":"https:\/\/sea-sa.com.mx\/site\/wp-json\/wp\/v2\/product_tag?post=2413"}],"curies":[{"name":"wp","href":"https:\/\/api.w.org\/{rel}","templated":true}]}}