{"id":2411,"date":"2020-02-20T18:25:25","date_gmt":"2020-02-20T18:25:25","guid":{"rendered":"https:\/\/sea-sa.com.mx\/website\/?post_type=product&#038;p=2411"},"modified":"2021-12-31T15:34:27","modified_gmt":"2021-12-31T15:34:27","slug":"maquinas-soldaduras-mexico-mig-phoenix505progress","status":"publish","type":"product","link":"https:\/\/sea-sa.com.mx\/site\/producto\/maquinas-soldaduras-mexico-mig-phoenix505progress\/","title":{"rendered":"Phoenix 505 Progress puls MM TDM"},"content":{"rendered":"<ul>\n<li>M\u00e1quina de soldadura de inversor MIG \/ MAG modular, pulso, con alimentador de alambre separado, opcionalmente unidad 4X EX, unidad 4X HP o unidad 4X LP.<\/li>\n<li>Equipado con caracter\u00edsticas sin\u00e9rgicas para soldaduras MSG de acero \/ CrNi \/ aluminio sin cargo adicional.<\/li>\n<li>16 programas ajustables individualmente por tarea de soldadura (JOB).<\/li>\n<li>Din\u00e1mica de arco infinitamente ajustable (efecto acelerador).<\/li>\n<li>Refrigerado por gas u opcionalmente refrigerado por agua con el m\u00f3dulo de enfriamiento cool 50.<\/li>\n<li>Opcionalmente conectable en red a trav\u00e9s de LAN o puerta de enlace WiFi con el software ewm Xnet.<\/li>\n<li>Interfaz de PC para software PC300 XQ<\/li>\n<li>Pr\u00e1ctico porta soplete incluido<\/li>\n<li>Paquete WPQR gratuito para certificaci\u00f3n hasta EXC2 inclusive seg\u00fan EN 1090 y para soldar aceros no aleados hasta S355 inclusive<\/li>\n<\/ul>\n<p><strong>Datos T\u00e9cnicos:<\/strong><\/p>\n<ul>\n<li style=\"font-weight: 400;\"><span style=\"font-weight: 400;\">Fusibles Principales: 3 x 32 A<\/span><\/li>\n<li style=\"font-weight: 400;\"><span style=\"font-weight: 400;\">Tensi\u00f3n de red (tolerancias):<\/span> <span style=\"font-weight: 400;\">3 x 400 V (-25% &#8211; + 20%)<\/span><\/li>\n<li style=\"font-weight: 400;\"><span style=\"font-weight: 400;\">Rango de ajuste de corriente de soldadura: 5 A &#8211; 500 A<\/span><\/li>\n<li style=\"font-weight: 400;\"><span style=\"font-weight: 400;\">Duty cycle 40 \u00b0C: 500 A &#8211; 60 % \/ 430 A &#8211; 100 %<\/span><\/li>\n<li style=\"font-weight: 400;\"><span style=\"font-weight: 400;\">Potencia del generador recomendada: 33.2 kVA<\/span><\/li>\n<li style=\"font-weight: 400;\"><span style=\"font-weight: 400;\">Dimensiones del aparato: Largo x Ancho x Alto en mm: 625 x 298 x 531<\/span><\/li>\n<\/ul>\n","protected":false},"excerpt":{"rendered":"<p>M\u00e1quina de soldadura MIG Multiproceso EWM Group L\u00ednea Phoenix Progress Construcci\u00f3n modular<\/p>\n<p><strong>Equipos modulares:<\/strong>\u00a0Ya sea en\u00a0construcciones, montajes, talleres o lugares de producci\u00f3n con la\u00a0<strong>L\u00ednea Phoenix<\/strong> dispone del equipo adecuado para soldar en cada lugar y cada tarea. Ampliable en cualquier momento mediante m\u00f3dulos de refrigeraci\u00f3n y carro de transportaci\u00f3n, sin necesidad de herramientas ni personal especializado.<\/p>\n[fusion_button link=\"https:\/\/sea-sa.com.mx\/site\/contacto-empresa-soldadura-equipos-antorchas\/?interes=Phoenix 505 Progress puls MM TDM\" text_transform=\"\" title=\"Cont\u00e1ctanos para asesorarte\" target=\"_self\" link_attributes=\"\" alignment=\"center\" modal=\"\" hide_on_mobile=\"small-visibility,medium-visibility,large-visibility\" class=\"\" id=\"\" color=\"custom\" button_gradient_top_color=\"#ba0000\" button_gradient_bottom_color=\"#a50000\" button_gradient_top_color_hover=\"#a50000\" button_gradient_bottom_color_hover=\"#ba0000\" accent_color=\"#ffffff\" accent_hover_color=\"#eaeaea\" type=\"\" bevel_color=\"\" border_width=\"\" size=\"large\" stretch=\"default\" shape=\"pill\" icon=\"fa-info-circle fas\" icon_position=\"left\" icon_divider=\"yes\" animation_type=\"\" animation_direction=\"left\" animation_speed=\"0.3\" animation_offset=\"\"]SOLICITAR INFORMACI\u00d3N[\/fusion_button]\n","protected":false},"featured_media":2412,"template":"","meta":{"ngg_post_thumbnail":0},"product_brand":[],"product_cat":[33,32,35],"product_tag":[],"class_list":{"0":"post-2411","1":"product","2":"type-product","3":"status-publish","4":"has-post-thumbnail","6":"product_cat-maquinas-soldadura-mig-mag-pulso-multiproceso","7":"product_cat-maquinas-soldadura-soldar-ewm-mexico","8":"product_cat-maquina-soldadura-ewm-group-mig-pulso-multiproceso-phoenix-q","9":"product-grid-view","11":"first","12":"instock","13":"shipping-taxable","14":"product-type-simple"},"aioseo_notices":[],"_links":{"self":[{"href":"https:\/\/sea-sa.com.mx\/site\/wp-json\/wp\/v2\/product\/2411","targetHints":{"allow":["GET"]}}],"collection":[{"href":"https:\/\/sea-sa.com.mx\/site\/wp-json\/wp\/v2\/product"}],"about":[{"href":"https:\/\/sea-sa.com.mx\/site\/wp-json\/wp\/v2\/types\/product"}],"wp:featuredmedia":[{"embeddable":true,"href":"https:\/\/sea-sa.com.mx\/site\/wp-json\/wp\/v2\/media\/2412"}],"wp:attachment":[{"href":"https:\/\/sea-sa.com.mx\/site\/wp-json\/wp\/v2\/media?parent=2411"}],"wp:term":[{"taxonomy":"product_brand","embeddable":true,"href":"https:\/\/sea-sa.com.mx\/site\/wp-json\/wp\/v2\/product_brand?post=2411"},{"taxonomy":"product_cat","embeddable":true,"href":"https:\/\/sea-sa.com.mx\/site\/wp-json\/wp\/v2\/product_cat?post=2411"},{"taxonomy":"product_tag","embeddable":true,"href":"https:\/\/sea-sa.com.mx\/site\/wp-json\/wp\/v2\/product_tag?post=2411"}],"curies":[{"name":"wp","href":"https:\/\/api.w.org\/{rel}","templated":true}]}}