{"id":2402,"date":"2020-02-20T18:17:10","date_gmt":"2020-02-20T18:17:10","guid":{"rendered":"https:\/\/sea-sa.com.mx\/website\/?post_type=product&#038;p=2402"},"modified":"2021-12-10T20:54:06","modified_gmt":"2021-12-10T20:54:06","slug":"extractor-humos-soldadura-mexico-kempler-antorchas","status":"publish","type":"product","link":"https:\/\/sea-sa.com.mx\/site\/producto\/extractor-humos-soldadura-mexico-kempler-antorchas\/","title":{"rendered":"Unidad M\u00f3vil para Extracci\u00f3n de Humo de Antorchas &#8211; Kemper ProfiMaster"},"content":{"rendered":"<ul>\n<li class=\"texto\">La unidad <strong>ProfiMaster<\/strong> puede ser utilizada para uso m\u00f3vil o estacionario, extrayendo el humo generado por las antorchas de soldadura filtrando el polvo respirable ultra fino (&lt; 0.1 \u00b5m).<\/li>\n<li class=\"texto\">Las part\u00edculas nocivas son aspiradas a trav\u00e9s de la boquilla extractora de humo en la punta de la antorcha y son transportadas por la corriente de aire hasta el filtro de la unidad, donde las part\u00edculas se adhieren en la superficie del cartucho del filtro y recolectadas en un dep\u00f3sito y el aire limpio regresa al \u00e1rea de trabajo, de ser necesario el filtro puede limpiarse f\u00e1cilmente a mano y aire comprimido.<\/li>\n<li class=\"texto\">Gracias a su poco peso y tama\u00f1o compacto, la unidad <strong>ProfiMaster<\/strong> puede ser usada flexiblemente y universalmente y puede moverse entre diferentes lugares.<\/li>\n<\/ul>\n<p><iframe loading=\"lazy\" src=\"https:\/\/www.youtube.com\/embed\/6A38QYRWSas?list=PLtFs6Omdqrwb2S_UqtvGl3KNbvdhoLuDZ\" name=\"iframe\" width=\"100%\" height=\"515\" frameborder=\"0\" allowfullscreen=\"allowfullscreen\"><\/iframe><\/p>\n","protected":false},"excerpt":{"rendered":"<p>Unidad m\u00f3vil para Extracci\u00f3n de Humo para Antorchas Kemper <strong>ProfiMaster<\/strong><\/p>\n<p class=\"texto\">La unidad m\u00f3vil <strong>ProfiMaster<\/strong> est\u00e1 dise\u00f1ada para la eliminaci\u00f3n de polvo y humo durante el proceso de soldadura. La campana de extracci\u00f3n giratoria permite su uso en un radio de 360 grados y se asegura de realizar ajustes m\u00ednimos durante la soldadura. Esta unidad es adecuada para la soldadura de acero de alta aleaci\u00f3n debido a su aprobaci\u00f3n W3.<\/p>\n[fusion_button link=\"https:\/\/sea-sa.com.mx\/site\/contacto-empresa-soldadura-equipos-antorchas\/?interes=Unidad para extracci\u00f3n de humo Kemper\" text_transform=\"\" title=\"Cont\u00e1ctanos para asesorarte\" target=\"_self\" link_attributes=\"\" alignment=\"center\" modal=\"\" hide_on_mobile=\"small-visibility,medium-visibility,large-visibility\" class=\"\" id=\"\" color=\"custom\" button_gradient_top_color=\"#ba0000\" button_gradient_bottom_color=\"#a50000\" button_gradient_top_color_hover=\"#a50000\" button_gradient_bottom_color_hover=\"#ba0000\" accent_color=\"#ffffff\" accent_hover_color=\"#eaeaea\" type=\"\" bevel_color=\"\" border_width=\"\" size=\"large\" stretch=\"default\" shape=\"pill\" icon=\"fa-info-circle fas\" icon_position=\"left\" icon_divider=\"yes\" animation_type=\"\" animation_direction=\"left\" animation_speed=\"0.3\" animation_offset=\"\"]SOLICITAR INFORMACI\u00d3N[\/fusion_button]\n<p>&nbsp;<\/p>\n","protected":false},"featured_media":2125,"template":"","meta":{"ngg_post_thumbnail":0},"product_brand":[],"product_cat":[19,49,55,73],"product_tag":[],"class_list":{"0":"post-2402","1":"product","2":"type-product","3":"status-publish","4":"has-post-thumbnail","6":"product_cat-antorchas-soldadura-tbi-industries-mexico","7":"product_cat-equipos-mexico-soldadura-industrial-perifericos","8":"product_cat-unidad-movil-extractor-humo-mexico-soldadura-antorchas","9":"product_cat-novedades-equipos-soldadura-welding-news","10":"product-grid-view","12":"first","13":"instock","14":"shipping-taxable","15":"product-type-simple"},"aioseo_notices":[],"_links":{"self":[{"href":"https:\/\/sea-sa.com.mx\/site\/wp-json\/wp\/v2\/product\/2402","targetHints":{"allow":["GET"]}}],"collection":[{"href":"https:\/\/sea-sa.com.mx\/site\/wp-json\/wp\/v2\/product"}],"about":[{"href":"https:\/\/sea-sa.com.mx\/site\/wp-json\/wp\/v2\/types\/product"}],"wp:featuredmedia":[{"embeddable":true,"href":"https:\/\/sea-sa.com.mx\/site\/wp-json\/wp\/v2\/media\/2125"}],"wp:attachment":[{"href":"https:\/\/sea-sa.com.mx\/site\/wp-json\/wp\/v2\/media?parent=2402"}],"wp:term":[{"taxonomy":"product_brand","embeddable":true,"href":"https:\/\/sea-sa.com.mx\/site\/wp-json\/wp\/v2\/product_brand?post=2402"},{"taxonomy":"product_cat","embeddable":true,"href":"https:\/\/sea-sa.com.mx\/site\/wp-json\/wp\/v2\/product_cat?post=2402"},{"taxonomy":"product_tag","embeddable":true,"href":"https:\/\/sea-sa.com.mx\/site\/wp-json\/wp\/v2\/product_tag?post=2402"}],"curies":[{"name":"wp","href":"https:\/\/api.w.org\/{rel}","templated":true}]}}