{"id":2396,"date":"2020-02-20T17:58:53","date_gmt":"2020-02-20T17:58:53","guid":{"rendered":"https:\/\/sea-sa.com.mx\/website\/?post_type=product&#038;p=2396"},"modified":"2023-02-13T18:19:37","modified_gmt":"2023-02-13T18:19:37","slug":"limpiador-antorchas-roboticas-automatica-soldadura-mexico","status":"publish","type":"product","link":"https:\/\/sea-sa.com.mx\/site\/producto\/limpiador-antorchas-roboticas-automatica-soldadura-mexico\/","title":{"rendered":"Unidad de limpieza Autom\u00e1tica de Antorchas Rob\u00f3ticas"},"content":{"rendered":"<p>Limpia profundamente todas las zonas afectadas, especialmente:<\/p>\n<ul>\n<li>Parte frontal y externa de la boquilla de gas.<\/li>\n<li>Dentro boquilla de gas, incluyendo boquillas c\u00f3nicas.<\/li>\n<li>Punta de contacto.<\/li>\n<li>Difusor de gas. Durante el proceso de limpieza, una funci\u00f3n de soplado se activa para evitar que en la antorcha se queden remanentes de la misma limpieza.<\/li>\n<\/ul>\n","protected":false},"excerpt":{"rendered":"<p>Unidad de Limpieza Autom\u00e1tica para Antorchas Rob\u00f3ticas Jet Stream de TBI industries<\/p>\n<p>Innovadora estaci\u00f3n de limpieza para antorchas rob\u00f3ticas de soldadura MIG \/ MAG (GMAW). Los resultados de limpieza son perfectos y permiten un aumento significativo en la eficiencia de la producci\u00f3n.<\/p>\n<p>Funcionamiento: Para remover la suciedad de salpicaduras y remanentes de soldadura, la boquilla de la antorcha se limpia con un rimador rotativo que remueve toda la escoria de la soldadura y con aire a presi\u00f3n es expulsada. El aire a presi\u00f3n es aplicado en forma circular alrededor de la boquilla, permitiendo cubrir \u00e1reas de dif\u00edcil acceso.<\/p>\n[fusion_button link=\"https:\/\/sea-sa.com.mx\/site\/contacto-empresa-soldadura-equipos-antorchas\/?interes=Unidad de limpieza Autom\u00e1tica de Antorchas Rob\u00f3ticas\" text_transform=\"\" title=\"Cont\u00e1ctanos para asesorarte\" target=\"_self\" link_attributes=\"\" alignment=\"center\" modal=\"\" hide_on_mobile=\"small-visibility,medium-visibility,large-visibility\" class=\"\" id=\"\" color=\"custom\" button_gradient_top_color=\"#ba0000\" button_gradient_bottom_color=\"#a50000\" button_gradient_top_color_hover=\"#a50000\" button_gradient_bottom_color_hover=\"#ba0000\" accent_color=\"#ffffff\" accent_hover_color=\"#eaeaea\" type=\"\" bevel_color=\"\" border_width=\"\" size=\"large\" stretch=\"default\" shape=\"pill\" icon=\"fa-info-circle fas\" icon_position=\"left\" icon_divider=\"yes\" animation_type=\"\" animation_direction=\"left\" animation_speed=\"0.3\" animation_offset=\"\"]SOLICITAR INFORMACI\u00d3N[\/fusion_button]\n<p>&nbsp;<\/p>\n","protected":false},"featured_media":11784,"template":"","meta":{"ngg_post_thumbnail":0},"product_brand":[],"product_cat":[19,49,53],"product_tag":[],"class_list":{"0":"post-2396","1":"product","2":"type-product","3":"status-publish","4":"has-post-thumbnail","6":"product_cat-antorchas-soldadura-tbi-industries-mexico","7":"product_cat-equipos-mexico-soldadura-industrial-perifericos","8":"product_cat-estacion-limpieza-mexico-tbi-industries-soldadura-antorchas-roboticas","9":"product-grid-view","11":"first","12":"instock","13":"shipping-taxable","14":"product-type-simple"},"aioseo_notices":[],"_links":{"self":[{"href":"https:\/\/sea-sa.com.mx\/site\/wp-json\/wp\/v2\/product\/2396","targetHints":{"allow":["GET"]}}],"collection":[{"href":"https:\/\/sea-sa.com.mx\/site\/wp-json\/wp\/v2\/product"}],"about":[{"href":"https:\/\/sea-sa.com.mx\/site\/wp-json\/wp\/v2\/types\/product"}],"wp:featuredmedia":[{"embeddable":true,"href":"https:\/\/sea-sa.com.mx\/site\/wp-json\/wp\/v2\/media\/11784"}],"wp:attachment":[{"href":"https:\/\/sea-sa.com.mx\/site\/wp-json\/wp\/v2\/media?parent=2396"}],"wp:term":[{"taxonomy":"product_brand","embeddable":true,"href":"https:\/\/sea-sa.com.mx\/site\/wp-json\/wp\/v2\/product_brand?post=2396"},{"taxonomy":"product_cat","embeddable":true,"href":"https:\/\/sea-sa.com.mx\/site\/wp-json\/wp\/v2\/product_cat?post=2396"},{"taxonomy":"product_tag","embeddable":true,"href":"https:\/\/sea-sa.com.mx\/site\/wp-json\/wp\/v2\/product_tag?post=2396"}],"curies":[{"name":"wp","href":"https:\/\/api.w.org\/{rel}","templated":true}]}}