{"id":2388,"date":"2020-02-20T17:41:30","date_gmt":"2020-02-20T17:41:30","guid":{"rendered":"https:\/\/sea-sa.com.mx\/website\/?post_type=product&#038;p=2388"},"modified":"2022-01-05T15:45:01","modified_gmt":"2022-01-05T15:45:01","slug":"maquina-soldadura-multiproceso-mig-taurus405steel","status":"publish","type":"product","link":"https:\/\/sea-sa.com.mx\/site\/producto\/maquina-soldadura-multiproceso-mig-taurus405steel\/","title":{"rendered":"Taurus 405 Steel Synergic S"},"content":{"rendered":"<p><strong>Datos T\u00e9cnicos:<\/strong><\/p>\n<ul>\n<li>Margen de ajuste de la corriente de soldadura (I2): 5 A-400 A<\/li>\n<li>Tensi\u00f3n de soldadura seg\u00fan la norma (U2): 14,3 V-34 V<\/li>\n<li>Duty cycle 40 \u00b0C: 400 A &#8211; 100 %<\/li>\n<li>Fusibles Principales: 3 x 32 A<\/li>\n<li>Tensi\u00f3n de red (tolerancias) 3 x 400 V (-25 % &#8211; +20 %)<\/li>\n<li>Potencia del generador recomendada: 25 kVA<\/li>\n<li>Dimensiones del aparato: Largo x Ancho x Alto en mm: 625 x 298 x 531<\/li>\n<\/ul>\n","protected":false},"excerpt":{"rendered":"<p>M\u00e1quina de soldadura MIG Multiproceso EWM Group L\u00ednea Taurus Steel<\/p>\n<ul>\n<li class=\"first-item\">M\u00e1quina de soldadura inverter MIG\/MAG con l\u00edneas caracter\u00edsticas optimizadas de Synergic para la soldadura de acero.<\/li>\n<li>Soldadura con hilo macizo e hilo tubular.<\/li>\n<li class=\"knurps\">Gran tensi\u00f3n en vac\u00edo para excelentes propiedades de ignici\u00f3n.<\/li>\n<li class=\"knurps\">Menor consumo de corriente gracias a un elevado grado de efectividad y a la funci\u00f3n standby.<\/li>\n<li class=\"knurps\">Sistema arrastre hilo EWM eFeed con 4 rodillos, muy preciso y potente, para una alimentaci\u00f3n segura de todos los hilos tubulares y macizos.<\/li>\n<li class=\"knurps\">Din\u00e1mica del arco voltaico con regulaci\u00f3n no escalonada (efecto de estrangulaci\u00f3n).<\/li>\n<li class=\"knurps\">Excelente refrigeraci\u00f3n de la antorcha con el consiguiente ahorro de costes en piezas de desgaste de la antorcha gracias a una bomba centr\u00edfuga muy potente y a un dep\u00f3sito de agua de 5 litros (m\u00f3dulo de refrigeraci\u00f3n cool50).<\/li>\n<\/ul>\n[fusion_button link=\"https:\/\/sea-sa.com.mx\/site\/contacto-empresa-soldadura-equipos-antorchas\/?interes=Taurus 405 Steel Synergic S\" text_transform=\"\" title=\"Cont\u00e1ctanos para asesorarte\" target=\"_self\" link_attributes=\"\" alignment=\"center\" modal=\"\" hide_on_mobile=\"small-visibility,medium-visibility,large-visibility\" class=\"\" id=\"\" color=\"custom\" button_gradient_top_color=\"#ba0000\" button_gradient_bottom_color=\"#a50000\" button_gradient_top_color_hover=\"#a50000\" button_gradient_bottom_color_hover=\"#ba0000\" accent_color=\"#ffffff\" accent_hover_color=\"#eaeaea\" type=\"\" bevel_color=\"\" border_width=\"\" size=\"large\" stretch=\"default\" shape=\"pill\" icon=\"fa-info-circle fas\" icon_position=\"left\" icon_divider=\"yes\" animation_type=\"\" animation_direction=\"left\" animation_speed=\"0.3\" animation_offset=\"\"]SOLICITAR INFORMACI\u00d3N[\/fusion_button]\n<p>&nbsp;<\/p>\n","protected":false},"featured_media":2380,"template":"","meta":{"ngg_post_thumbnail":0},"product_brand":[],"product_cat":[32,37,64],"product_tag":[],"class_list":{"0":"post-2388","1":"product","2":"type-product","3":"status-publish","4":"has-post-thumbnail","6":"product_cat-maquinas-soldadura-soldar-ewm-mexico","7":"product_cat-maquinas-soldadura-mig-mag-multiproceso","8":"product_cat-maquina-soldadura-industrial-ewm-group-mig-multiproceso-taurus-steel","9":"product-grid-view","11":"first","12":"instock","13":"shipping-taxable","14":"product-type-simple"},"aioseo_notices":[],"_links":{"self":[{"href":"https:\/\/sea-sa.com.mx\/site\/wp-json\/wp\/v2\/product\/2388","targetHints":{"allow":["GET"]}}],"collection":[{"href":"https:\/\/sea-sa.com.mx\/site\/wp-json\/wp\/v2\/product"}],"about":[{"href":"https:\/\/sea-sa.com.mx\/site\/wp-json\/wp\/v2\/types\/product"}],"wp:featuredmedia":[{"embeddable":true,"href":"https:\/\/sea-sa.com.mx\/site\/wp-json\/wp\/v2\/media\/2380"}],"wp:attachment":[{"href":"https:\/\/sea-sa.com.mx\/site\/wp-json\/wp\/v2\/media?parent=2388"}],"wp:term":[{"taxonomy":"product_brand","embeddable":true,"href":"https:\/\/sea-sa.com.mx\/site\/wp-json\/wp\/v2\/product_brand?post=2388"},{"taxonomy":"product_cat","embeddable":true,"href":"https:\/\/sea-sa.com.mx\/site\/wp-json\/wp\/v2\/product_cat?post=2388"},{"taxonomy":"product_tag","embeddable":true,"href":"https:\/\/sea-sa.com.mx\/site\/wp-json\/wp\/v2\/product_tag?post=2388"}],"curies":[{"name":"wp","href":"https:\/\/api.w.org\/{rel}","templated":true}]}}