{"id":2361,"date":"2020-02-20T16:26:31","date_gmt":"2020-02-20T16:26:31","guid":{"rendered":"https:\/\/sea-sa.com.mx\/website\/?post_type=product&#038;p=2361"},"modified":"2021-12-27T20:05:37","modified_gmt":"2021-12-27T20:05:37","slug":"maquina-soldar-mig-mexico-phoenix405progress","status":"publish","type":"product","link":"https:\/\/sea-sa.com.mx\/site\/producto\/maquina-soldar-mig-mexico-phoenix405progress\/","title":{"rendered":"Phoenix 405 Expert 2.0 puls MM TDM"},"content":{"rendered":"<ul>\n<li>M\u00e1quina de soldadura de inversor MIG \/ MAG modular, pulso, con alimentador de alambre separado, opcionalmente unidad 4X EX, unidad 4X HP o unidad 4X LP.<\/li>\n<li>Equipado con caracter\u00edsticas sin\u00e9rgicas para soldaduras MSG de acero \/ CrNi \/ aluminio sin cargo adicional.<\/li>\n<li>Adecuado para soldadura MMA, soldadura TIG y ranurado sin costo adicional.<\/li>\n<li>16 programas ajustables individualmente por tarea de soldadura (JOB).<\/li>\n<li>Din\u00e1mica de arco infinitamente ajustable (efecto acelerador).<\/li>\n<li>Operaci\u00f3n de soldadura sin\u00e9rgica o manual.<\/li>\n<li>EWM eFeed de alimentaci\u00f3n de alambre de 4 rodillos de alta precisi\u00f3n y potente para el transporte seguro de todos los cables s\u00f3lidos y con n\u00facleo.<\/li>\n<li>Opcionalmente conectable en red a trav\u00e9s de LAN o puerta de enlace WiFi con el software ewm Xnet.<\/li>\n<\/ul>\n<p><strong>Datos T\u00e9cnicos:<\/strong><\/p>\n<ul>\n<li>Fusibles Principales: 3 x 32 A<\/li>\n<li>Tensi\u00f3n de red (tolerancias): 3 x 400 V (-25% &#8211; + 20%)<\/li>\n<li>Rango de ajuste de corriente de soldadura: 5 A &#8211; 400 A<\/li>\n<li>Duty cycle 40 \u00b0C: 400 A &#8211; 100 %<\/li>\n<li>Potencia del generador recomendada: 23.2 kVA<\/li>\n<li>Dimensiones del aparato: Largo x Ancho x Alto en mm: 625 x 298 x 531<\/li>\n<\/ul>\n","protected":false},"excerpt":{"rendered":"<p>M\u00e1quina de soldadura MIG Multiproceso EWM Group L\u00ednea Phoenix Expert Construcci\u00f3n modular<\/p>\n<p><strong>Equipos modulares:<\/strong>\u00a0Ya sea en\u00a0construcciones, montajes, talleres o lugares de producci\u00f3n con la\u00a0<strong>L\u00ednea Phoenix<\/strong> dispone del equipo adecuado para soldar en cada lugar y cada tarea. Ampliable en cualquier momento mediante m\u00f3dulos de refrigeraci\u00f3n y carro de transportaci\u00f3n, sin necesidad de herramientas ni personal especializado.<\/p>\n[fusion_button link=\"https:\/\/sea-sa.com.mx\/site\/contacto-empresa-soldadura-equipos-antorchas\/?interes=Phoenix 405 Expert 2.0 puls MM TDM\" text_transform=\"\" title=\"Cont\u00e1ctanos para asesorarte\" target=\"_self\" link_attributes=\"\" alignment=\"center\" modal=\"\" hide_on_mobile=\"small-visibility,medium-visibility,large-visibility\" class=\"\" id=\"\" color=\"custom\" button_gradient_top_color=\"#ba0000\" button_gradient_bottom_color=\"#a50000\" button_gradient_top_color_hover=\"#a50000\" button_gradient_bottom_color_hover=\"#ba0000\" accent_color=\"#ffffff\" accent_hover_color=\"#eaeaea\" type=\"\" bevel_color=\"\" border_width=\"\" size=\"large\" stretch=\"default\" shape=\"pill\" icon=\"fa-info-circle fas\" icon_position=\"left\" icon_divider=\"yes\" animation_type=\"\" animation_direction=\"left\" animation_speed=\"0.3\" animation_offset=\"\"]SOLICITAR INFORMACI\u00d3N[\/fusion_button]\n","protected":false},"featured_media":2387,"template":"","meta":{"ngg_post_thumbnail":0},"product_brand":[],"product_cat":[33,32,35,65],"product_tag":[],"class_list":{"0":"post-2361","1":"product","2":"type-product","3":"status-publish","4":"has-post-thumbnail","6":"product_cat-maquinas-soldadura-mig-mag-pulso-multiproceso","7":"product_cat-maquinas-soldadura-soldar-ewm-mexico","8":"product_cat-maquina-soldadura-ewm-group-mig-pulso-multiproceso-phoenix-q","9":"product_cat-maquinas-soldaduras-mig-linea-phoenix-expert","10":"product-grid-view","12":"first","13":"instock","14":"shipping-taxable","15":"product-type-simple"},"aioseo_notices":[],"_links":{"self":[{"href":"https:\/\/sea-sa.com.mx\/site\/wp-json\/wp\/v2\/product\/2361","targetHints":{"allow":["GET"]}}],"collection":[{"href":"https:\/\/sea-sa.com.mx\/site\/wp-json\/wp\/v2\/product"}],"about":[{"href":"https:\/\/sea-sa.com.mx\/site\/wp-json\/wp\/v2\/types\/product"}],"wp:featuredmedia":[{"embeddable":true,"href":"https:\/\/sea-sa.com.mx\/site\/wp-json\/wp\/v2\/media\/2387"}],"wp:attachment":[{"href":"https:\/\/sea-sa.com.mx\/site\/wp-json\/wp\/v2\/media?parent=2361"}],"wp:term":[{"taxonomy":"product_brand","embeddable":true,"href":"https:\/\/sea-sa.com.mx\/site\/wp-json\/wp\/v2\/product_brand?post=2361"},{"taxonomy":"product_cat","embeddable":true,"href":"https:\/\/sea-sa.com.mx\/site\/wp-json\/wp\/v2\/product_cat?post=2361"},{"taxonomy":"product_tag","embeddable":true,"href":"https:\/\/sea-sa.com.mx\/site\/wp-json\/wp\/v2\/product_tag?post=2361"}],"curies":[{"name":"wp","href":"https:\/\/api.w.org\/{rel}","templated":true}]}}