{"id":2351,"date":"2020-02-20T16:00:37","date_gmt":"2020-02-20T16:00:37","guid":{"rendered":"https:\/\/sea-sa.com.mx\/website\/?post_type=product&#038;p=2351"},"modified":"2022-01-06T16:41:22","modified_gmt":"2022-01-06T16:41:22","slug":"maquina-soldadura-industrial-ewm-mig-taurus355tdm","status":"publish","type":"product","link":"https:\/\/sea-sa.com.mx\/site\/producto\/maquina-soldadura-industrial-ewm-mig-taurus355tdm\/","title":{"rendered":"Taurus 355 Synergic S MM TDM"},"content":{"rendered":"<ul>\n<li class=\"first-item\">M\u00e1quina de soldadura de inversor con alimentador de alambre separado, opcionalmente unidad 4X EX, unidad 4X HP o unidad 4X LP<\/li>\n<li class=\"knurps\">Equipado con caracter\u00edsticas sin\u00e9rgicas para soldaduras MSG de acero \/ CrNi \/ aluminio sin cargo adicional<\/li>\n<li class=\"knurps\">Operaci\u00f3n de soldadura sin\u00e9rgica o manual.<\/li>\n<li style=\"font-weight: 400;\"><span style=\"font-weight: 400;\">Funcionamiento de programa con 16 programas por JOB.<\/span><\/li>\n<li style=\"font-weight: 400;\"><span style=\"font-weight: 400;\">Menor consumo de corriente gracias a un elevado grado de efectividad y a la funci\u00f3n standby.<\/span><\/li>\n<li style=\"font-weight: 400;\"><span style=\"font-weight: 400;\">Sencillo cambio de la polaridad de la corriente de soldadura sin herramientas.<\/span><\/li>\n<li class=\"knurps\">Muy buen enfriamiento del quemador y, por lo tanto, ahorro de costos para las piezas de desgaste del quemador gracias a la potente bomba centr\u00edfuga y al tanque de agua de 5 litros (m\u00f3dulo de enfriamiento cool50).<\/li>\n<li class=\"knurps\">Pr\u00e1ctico porta soplete incluido.<\/li>\n<li class=\"knurps\">Din\u00e1mica de arco infinitamente ajustable (efecto acelerador).<\/li>\n<\/ul>\n<p><strong>Datos T\u00e9cnicos:<\/strong><\/p>\n<ul>\n<li>Fusibles Principales: 3 x 16 A<\/li>\n<li>Tensi\u00f3n de red (tolerancias) 3 x 400 V (-25 % &#8211; +20 %)<\/li>\n<li>Rango de ajuste de corriente de soldadura: 5 A &#8211; 350 A<\/li>\n<li>Duty cycle 40 \u00b0C: 350 A &#8211; 60 % \/ 300 A &#8211; 100 %<\/li>\n<li>Potencia del generador recomendada: 18.8 kVA<\/li>\n<li>Dimensiones del aparato: Largo x Ancho x Alto en mm: 636 x 298 x 482<\/li>\n<li>Dimensiones de alimentaci\u00f3n de alambre: Largo x Ancho x Alto en mm: 660 x 280 x 380<\/li>\n<\/ul>\n","protected":false},"excerpt":{"rendered":"<p>M\u00e1quina de soldadura MIG Multiproceso EWM Group L\u00ednea Taurus Synergic Construcci\u00f3n modular<\/p>\n<p><strong>Equipos modulares:<\/strong>\u00a0Ya sea en\u00a0construcciones, montajes, talleres o lugares de producci\u00f3n con la\u00a0<strong>L\u00ednea Taurus<\/strong> dispone del equipo adecuado para soldar en cada lugar y cada tarea. Ampliable en cualquier momento mediante m\u00f3dulos de refrigeraci\u00f3n y carro de transportaci\u00f3n, sin necesidad de herramientas ni personal especializado.<\/p>\n[fusion_button link=\"https:\/\/sea-sa.com.mx\/site\/contacto-empresa-soldadura-equipos-antorchas\/?interes=Taurus 355 Synergic S MM TDM\" text_transform=\"\" title=\"Cont\u00e1ctanos para asesorarte\" target=\"_self\" link_attributes=\"\" alignment=\"center\" modal=\"\" hide_on_mobile=\"small-visibility,medium-visibility,large-visibility\" class=\"\" id=\"\" color=\"custom\" button_gradient_top_color=\"#ba0000\" button_gradient_bottom_color=\"#a50000\" button_gradient_top_color_hover=\"#a50000\" button_gradient_bottom_color_hover=\"#ba0000\" accent_color=\"#ffffff\" accent_hover_color=\"#eaeaea\" type=\"\" bevel_color=\"\" border_width=\"\" size=\"large\" stretch=\"default\" shape=\"pill\" icon=\"fa-info-circle fas\" icon_position=\"left\" icon_divider=\"yes\" animation_type=\"\" animation_direction=\"left\" animation_speed=\"0.3\" animation_offset=\"\"]SOLICITAR INFORMACI\u00d3N[\/fusion_button]\n","protected":false},"featured_media":2345,"template":"","meta":{"ngg_post_thumbnail":0},"product_brand":[],"product_cat":[32,37,63],"product_tag":[],"class_list":{"0":"post-2351","1":"product","2":"type-product","3":"status-publish","4":"has-post-thumbnail","6":"product_cat-maquinas-soldadura-soldar-ewm-mexico","7":"product_cat-maquinas-soldadura-mig-mag-multiproceso","8":"product_cat-maquina-soldadura-industrial-ewm-group-mig-multiproceso-taurus-synergic","9":"product-grid-view","11":"first","12":"instock","13":"shipping-taxable","14":"product-type-simple"},"aioseo_notices":[],"_links":{"self":[{"href":"https:\/\/sea-sa.com.mx\/site\/wp-json\/wp\/v2\/product\/2351","targetHints":{"allow":["GET"]}}],"collection":[{"href":"https:\/\/sea-sa.com.mx\/site\/wp-json\/wp\/v2\/product"}],"about":[{"href":"https:\/\/sea-sa.com.mx\/site\/wp-json\/wp\/v2\/types\/product"}],"wp:featuredmedia":[{"embeddable":true,"href":"https:\/\/sea-sa.com.mx\/site\/wp-json\/wp\/v2\/media\/2345"}],"wp:attachment":[{"href":"https:\/\/sea-sa.com.mx\/site\/wp-json\/wp\/v2\/media?parent=2351"}],"wp:term":[{"taxonomy":"product_brand","embeddable":true,"href":"https:\/\/sea-sa.com.mx\/site\/wp-json\/wp\/v2\/product_brand?post=2351"},{"taxonomy":"product_cat","embeddable":true,"href":"https:\/\/sea-sa.com.mx\/site\/wp-json\/wp\/v2\/product_cat?post=2351"},{"taxonomy":"product_tag","embeddable":true,"href":"https:\/\/sea-sa.com.mx\/site\/wp-json\/wp\/v2\/product_tag?post=2351"}],"curies":[{"name":"wp","href":"https:\/\/api.w.org\/{rel}","templated":true}]}}