{"id":2344,"date":"2020-02-20T15:25:11","date_gmt":"2020-02-20T15:25:11","guid":{"rendered":"https:\/\/sea-sa.com.mx\/website\/?post_type=product&#038;p=2344"},"modified":"2021-12-20T16:01:23","modified_gmt":"2021-12-20T16:01:23","slug":"maquina-soldadura-mig-phoenix355-progresspulslp","status":"publish","type":"product","link":"https:\/\/sea-sa.com.mx\/site\/producto\/maquina-soldadura-mig-phoenix355-progresspulslp\/","title":{"rendered":"Phoenix 355 Progress puls LP MM TKM"},"content":{"rendered":"<ul>\n<li style=\"font-weight: 400;\">M\u00e1quina de soldar inverter compacta con accionamiento de alimentaci\u00f3n de alambre integrado.<\/li>\n<li style=\"font-weight: 400;\"><span style=\"font-weight: 400;\">Equipado con las l\u00edneas caracter\u00edsticas Synergic para soldaduras GMAW de acero, CrNi y aluminio.<\/span><\/li>\n<li style=\"font-weight: 400;\">Adecuado para soldadura MMA, soldadura TIG y ranurado sin costo adicional.<\/li>\n<li style=\"font-weight: 400;\">16 programas ajustables individualmente por tarea de soldadura (JOB).<\/li>\n<li style=\"font-weight: 400;\">Din\u00e1mica de arco infinitamente ajustable (efecto acelerador).<\/li>\n<li style=\"font-weight: 400;\">Refrigerado por gas u opcionalmente refrigerado por agua con el m\u00f3dulo de refrigeraci\u00f3n cool 50 U40.<\/li>\n<li style=\"font-weight: 400;\">EWM eFeed de alimentaci\u00f3n de alambre de 4 rodillos de alta precisi\u00f3n y potente para el transporte seguro de todos los cables s\u00f3lidos y con n\u00facleo.<\/li>\n<li>Di\u00e1metros de carrete de alambre de hasta 300 mm \/ D300, 200 mm \/ D200 posibles a trav\u00e9s del adaptador.<\/li>\n<li>Opcionalmente conectable en red a trav\u00e9s de LAN o puerta de enlace WiFi con el software ewm Xnet.<\/li>\n<\/ul>\n<p><strong>Datos T\u00e9cnicos:<\/strong><\/p>\n<ul>\n<li>Fusibles Principales: 3 x 16 A<\/li>\n<li>Tensi\u00f3n de red (tolerancias) 3 x 400 V (-25% &#8211; + 20%)<\/li>\n<li>Rango de ajuste de corriente de soldadura: 5 A &#8211; 350 A<\/li>\n<li>Duty cycle 40 \u00b0C: 350 A &#8211; 40 % \/ 300 A &#8211; 60 % \/ 270 A &#8211; 100 %<\/li>\n<li>Potencia del generador recomendada: 18.8 kVA<\/li>\n<li>Dimensiones del aparato: Largo x Ancho x Alto en mm: 636 x 298 x 482<\/li>\n<\/ul>\n","protected":false},"excerpt":{"rendered":"<p>M\u00e1quina de soldadura MIG Multiproceso EWM Group L\u00ednea Phoenix Puls Construcci\u00f3n modular<\/p>\n<p><strong>Equipos modulares:<\/strong>\u00a0Ya sea en\u00a0construcciones, montajes, talleres o lugares de producci\u00f3n con la\u00a0<strong>L\u00ednea Phoenix<\/strong> dispone del equipo adecuado para soldar en cada lugar y cada tarea. Ampliable en cualquier momento mediante m\u00f3dulos de refrigeraci\u00f3n y carro de transportaci\u00f3n, sin necesidad de herramientas ni personal especializado.<\/p>\n[fusion_button link=\"https:\/\/sea-sa.com.mx\/site\/contacto-empresa-soldadura-equipos-antorchas\/?interes=Phoenix 355 Progress puls LP MM TKM\" text_transform=\"\" title=\"Cont\u00e1ctanos para asesorarte\" target=\"_self\" link_attributes=\"\" alignment=\"center\" modal=\"\" hide_on_mobile=\"small-visibility,medium-visibility,large-visibility\" class=\"\" id=\"\" color=\"custom\" button_gradient_top_color=\"#ba0000\" button_gradient_bottom_color=\"#a50000\" button_gradient_top_color_hover=\"#a50000\" button_gradient_bottom_color_hover=\"#ba0000\" accent_color=\"#ffffff\" accent_hover_color=\"#eaeaea\" type=\"\" bevel_color=\"\" border_width=\"\" size=\"large\" stretch=\"default\" shape=\"pill\" icon=\"fa-info-circle fas\" icon_position=\"left\" icon_divider=\"yes\" animation_type=\"\" animation_direction=\"left\" animation_speed=\"0.3\" animation_offset=\"\"]SOLICITAR INFORMACI\u00d3N[\/fusion_button]\n","protected":false},"featured_media":2354,"template":"","meta":{"ngg_post_thumbnail":0},"product_brand":[],"product_cat":[33,32,35],"product_tag":[],"class_list":{"0":"post-2344","1":"product","2":"type-product","3":"status-publish","4":"has-post-thumbnail","6":"product_cat-maquinas-soldadura-mig-mag-pulso-multiproceso","7":"product_cat-maquinas-soldadura-soldar-ewm-mexico","8":"product_cat-maquina-soldadura-ewm-group-mig-pulso-multiproceso-phoenix-q","9":"product-grid-view","11":"first","12":"instock","13":"shipping-taxable","14":"product-type-simple"},"aioseo_notices":[],"_links":{"self":[{"href":"https:\/\/sea-sa.com.mx\/site\/wp-json\/wp\/v2\/product\/2344","targetHints":{"allow":["GET"]}}],"collection":[{"href":"https:\/\/sea-sa.com.mx\/site\/wp-json\/wp\/v2\/product"}],"about":[{"href":"https:\/\/sea-sa.com.mx\/site\/wp-json\/wp\/v2\/types\/product"}],"wp:featuredmedia":[{"embeddable":true,"href":"https:\/\/sea-sa.com.mx\/site\/wp-json\/wp\/v2\/media\/2354"}],"wp:attachment":[{"href":"https:\/\/sea-sa.com.mx\/site\/wp-json\/wp\/v2\/media?parent=2344"}],"wp:term":[{"taxonomy":"product_brand","embeddable":true,"href":"https:\/\/sea-sa.com.mx\/site\/wp-json\/wp\/v2\/product_brand?post=2344"},{"taxonomy":"product_cat","embeddable":true,"href":"https:\/\/sea-sa.com.mx\/site\/wp-json\/wp\/v2\/product_cat?post=2344"},{"taxonomy":"product_tag","embeddable":true,"href":"https:\/\/sea-sa.com.mx\/site\/wp-json\/wp\/v2\/product_tag?post=2344"}],"curies":[{"name":"wp","href":"https:\/\/api.w.org\/{rel}","templated":true}]}}