{"id":2275,"date":"2020-02-18T17:39:06","date_gmt":"2020-02-18T17:39:06","guid":{"rendered":"https:\/\/sea-sa.com.mx\/website\/?post_type=product&#038;p=2275"},"modified":"2023-02-10T19:25:22","modified_gmt":"2023-02-10T19:25:22","slug":"maquinas-soldaduras-mig-titan400ac","status":"publish","type":"product","link":"https:\/\/sea-sa.com.mx\/site\/producto\/maquinas-soldaduras-mig-titan400ac\/","title":{"rendered":"Titan XQ 400 AC puls DW"},"content":{"rendered":"<p><strong>Datos T\u00e9cnicos:<\/strong><\/p>\n<ul>\n<li>Corriente de soldadura (I2): 5 A a 400 A<\/li>\n<li>Tensi\u00f3n de soldadura seg\u00fan la norma (U2): 14,3 V a 34 V<\/li>\n<li>Tensi\u00f3n de red: 3 x 380-400 V<\/li>\n<li>Duty cycle 40 \u00b0C: 400 &#8211; 80% \/ 370 A &#8211; 100 %<\/li>\n<li>Voltajes principales (tolerancias): 3 x 25 A (-25 % a +20 % )<\/li>\n<li>Potencia del generador (Recomendada): 25 kVA<\/li>\n<li>Dimensiones: Largo x Ancho x Alto en mm: 1152 x 686 x 976 mm<\/li>\n<\/ul>\n<p><iframe loading=\"lazy\" src=\"https:\/\/www.youtube.com\/embed\/R2kkU_M12Fc\" width=\"100%\" height=\"500\" frameborder=\"0\" allowfullscreen=\"allowfullscreen\"><\/iframe><\/p>\n","protected":false},"excerpt":{"rendered":"<p>M\u00e1quina de soldadura MIG Multiproceso EWM Group L\u00ednea Titan XQ <span style=\"font-weight: 400;\">AC D puls<\/span><\/p>\n<ul>\n<li>Equipo tal como se entrega: m\u00e1quina de soldar, incluyendo kit de ruedas con soporte de cilindro \u00fanico, refrigeraci\u00f3n por agua y cable de conexi\u00f3n a la red de 5 m.<\/li>\n<li>16 programas configurables individualmente para cada tarea de soldadura.<\/li>\n<li>Din\u00e1mica de arco infinitamente ajustable (efecto estrangulador).<\/li>\n<li>Potente mecanismo de alimentaci\u00f3n de alambre EWM eFeed de 4 rodillos de alta precisi\u00f3n para una alimentaci\u00f3n segura de todos los cables con n\u00facleo s\u00f3lido y fundente.<\/li>\n<li>Ahorro de energ\u00eda gracias a la alta eficiencia y la funci\u00f3n de espera.<\/li>\n<li>Cambio de polaridad de soldadura f\u00e1cil y sin herramientas.<\/li>\n<li>Monitoreo de falla a tierra (protecci\u00f3n PE).<\/li>\n<li>Capacidad de conexi\u00f3n para control remoto y antorcha de funci\u00f3n PM.<\/li>\n<li>Conectividad de red opcional con software ewm Xnet a trav\u00e9s de LAN o puerta de enlace WiFi.<\/li>\n<\/ul>\n[fusion_button link=\"https:\/\/sea-sa.com.mx\/site\/contacto-empresa-soldadura-equipos-antorchas\/?interes=Titan XQ 400 AC puls DW\" text_transform=\"\" title=\"Cont\u00e1ctanos para asesorarte\" target=\"_self\" link_attributes=\"\" alignment=\"center\" modal=\"\" hide_on_mobile=\"small-visibility,medium-visibility,large-visibility\" class=\"\" id=\"\" color=\"custom\" button_gradient_top_color=\"#ba0000\" button_gradient_bottom_color=\"#a50000\" button_gradient_top_color_hover=\"#a50000\" button_gradient_bottom_color_hover=\"#ba0000\" accent_color=\"#ffffff\" accent_hover_color=\"#eaeaea\" type=\"\" bevel_color=\"\" border_width=\"\" size=\"large\" stretch=\"default\" shape=\"pill\" icon=\"fa-info-circle fas\" icon_position=\"left\" icon_divider=\"yes\" animation_type=\"\" animation_direction=\"left\" animation_speed=\"0.3\" animation_offset=\"\"]SOLICITAR INFORMACI\u00d3N[\/fusion_button]\n<p>&nbsp;<\/p>\n","protected":false},"featured_media":11754,"template":"","meta":{"ngg_post_thumbnail":0},"product_brand":[],"product_cat":[33,32,62],"product_tag":[],"class_list":{"0":"post-2275","1":"product","2":"type-product","3":"status-publish","4":"has-post-thumbnail","6":"product_cat-maquinas-soldadura-mig-mag-pulso-multiproceso","7":"product_cat-maquinas-soldadura-soldar-ewm-mexico","8":"product_cat-maquina-soldadura-ewm-group-mig-pulso-multiproceso-titan-xq","9":"product-grid-view","11":"first","12":"instock","13":"shipping-taxable","14":"product-type-simple"},"aioseo_notices":[],"_links":{"self":[{"href":"https:\/\/sea-sa.com.mx\/site\/wp-json\/wp\/v2\/product\/2275","targetHints":{"allow":["GET"]}}],"collection":[{"href":"https:\/\/sea-sa.com.mx\/site\/wp-json\/wp\/v2\/product"}],"about":[{"href":"https:\/\/sea-sa.com.mx\/site\/wp-json\/wp\/v2\/types\/product"}],"wp:featuredmedia":[{"embeddable":true,"href":"https:\/\/sea-sa.com.mx\/site\/wp-json\/wp\/v2\/media\/11754"}],"wp:attachment":[{"href":"https:\/\/sea-sa.com.mx\/site\/wp-json\/wp\/v2\/media?parent=2275"}],"wp:term":[{"taxonomy":"product_brand","embeddable":true,"href":"https:\/\/sea-sa.com.mx\/site\/wp-json\/wp\/v2\/product_brand?post=2275"},{"taxonomy":"product_cat","embeddable":true,"href":"https:\/\/sea-sa.com.mx\/site\/wp-json\/wp\/v2\/product_cat?post=2275"},{"taxonomy":"product_tag","embeddable":true,"href":"https:\/\/sea-sa.com.mx\/site\/wp-json\/wp\/v2\/product_tag?post=2275"}],"curies":[{"name":"wp","href":"https:\/\/api.w.org\/{rel}","templated":true}]}}