{"id":2235,"date":"2020-02-17T14:36:51","date_gmt":"2020-02-17T14:36:51","guid":{"rendered":"https:\/\/sea-sa.com.mx\/website\/?post_type=product&#038;p=2235"},"modified":"2023-02-10T19:37:00","modified_gmt":"2023-02-10T19:37:00","slug":"maquinas-soldar-industrial-mig-titan400expert","status":"publish","type":"product","link":"https:\/\/sea-sa.com.mx\/site\/producto\/maquinas-soldar-industrial-mig-titan400expert\/","title":{"rendered":"Titan 400 XQ puls Expert 2.0 DW"},"content":{"rendered":"<p><strong>Datos T\u00e9cnicos:<\/strong><\/p>\n<ul>\n<li><span style=\"font-weight: 400;\">Voltajes principales (tolerancias): <\/span><span style=\"font-weight: 400;\">3 x 400 V (-25 % &#8211; +20 %)<\/span><\/li>\n<li><span style=\"font-weight: 400;\">Fusibles Principales: <\/span><span style=\"font-weight: 400;\">3 x 25 A<\/span><\/li>\n<li><span style=\"font-weight: 400;\">Rango de ajuste de corriente de soldadura: <\/span><span style=\"font-weight: 400;\">5 A &#8211; 400 A<\/span><\/li>\n<li><span style=\"font-weight: 400;\">Duty cycle 40 \u00b0C: 400 A &#8211; 80 % \/ 370 A &#8211; 100 %<\/span><\/li>\n<\/ul>\n<p><iframe loading=\"lazy\" src=\"https:\/\/www.youtube.com\/embed\/R2kkU_M12Fc\" width=\"100%\" height=\"500\" frameborder=\"0\" allowfullscreen=\"allowfullscreen\"><\/iframe><\/p>\n","protected":false},"excerpt":{"rendered":"<p>M\u00e1quina de soldadura MIG Multiproceso EWM Group L\u00ednea Titan XQ Puls D<\/p>\n<ul class=\"description_list\">\n<li>Din\u00e1mica del arco voltaico con regulaci\u00f3n no escalonada (efecto de estrangulaci\u00f3n).<\/li>\n<li>Menor consumo de corriente gracias a un elevado grado de efectividad y a la funci\u00f3n standby.<\/li>\n<li>Sencillo cambio de la polaridad de la corriente de soldadura sin herramientas.<\/li>\n<li>Control de toma de tierra (protecci\u00f3n de PE).<\/li>\n<li>Gran tolerancia a las variaciones en la tensi\u00f3n de la red por lo que puede utilizarse con un generador de forma ilimitada.<\/li>\n<li>Protegido contra salpicaduras de agua IP23.<\/li>\n<li>Especialmente indicado para utilizarse con paquetes de mangueras largas.<\/li>\n<li class=\"last-item\">Gracias a la tecnolog\u00eda Multimatrix puede conectarse en red mediante LAN o WiFi, apto para Xnet.<\/li>\n<\/ul>\n[fusion_button link=\"https:\/\/sea-sa.com.mx\/site\/contacto-empresa-soldadura-equipos-antorchas\/?interes=Titan 400 XQ puls Expert 2.0 D W\" text_transform=\"\" title=\"Cont\u00e1ctanos para asesorarte\" target=\"_self\" link_attributes=\"\" alignment=\"center\" modal=\"\" hide_on_mobile=\"small-visibility,medium-visibility,large-visibility\" class=\"\" id=\"\" color=\"custom\" button_gradient_top_color=\"#ba0000\" button_gradient_bottom_color=\"#a50000\" button_gradient_top_color_hover=\"#a50000\" button_gradient_bottom_color_hover=\"#ba0000\" accent_color=\"#ffffff\" accent_hover_color=\"#eaeaea\" type=\"\" bevel_color=\"\" border_width=\"\" size=\"large\" stretch=\"default\" shape=\"pill\" icon=\"fa-info-circle fas\" icon_position=\"left\" icon_divider=\"yes\" animation_type=\"\" animation_direction=\"left\" animation_speed=\"0.3\" animation_offset=\"\"]SOLICITAR INFORMACI\u00d3N[\/fusion_button]\n<p>&nbsp;<\/p>\n<p>&nbsp;<\/p>\n","protected":false},"featured_media":2290,"template":"","meta":{"ngg_post_thumbnail":0},"product_brand":[],"product_cat":[33,32,62],"product_tag":[],"class_list":{"0":"post-2235","1":"product","2":"type-product","3":"status-publish","4":"has-post-thumbnail","6":"product_cat-maquinas-soldadura-mig-mag-pulso-multiproceso","7":"product_cat-maquinas-soldadura-soldar-ewm-mexico","8":"product_cat-maquina-soldadura-ewm-group-mig-pulso-multiproceso-titan-xq","9":"product-grid-view","11":"first","12":"instock","13":"shipping-taxable","14":"product-type-simple"},"aioseo_notices":[],"_links":{"self":[{"href":"https:\/\/sea-sa.com.mx\/site\/wp-json\/wp\/v2\/product\/2235","targetHints":{"allow":["GET"]}}],"collection":[{"href":"https:\/\/sea-sa.com.mx\/site\/wp-json\/wp\/v2\/product"}],"about":[{"href":"https:\/\/sea-sa.com.mx\/site\/wp-json\/wp\/v2\/types\/product"}],"wp:featuredmedia":[{"embeddable":true,"href":"https:\/\/sea-sa.com.mx\/site\/wp-json\/wp\/v2\/media\/2290"}],"wp:attachment":[{"href":"https:\/\/sea-sa.com.mx\/site\/wp-json\/wp\/v2\/media?parent=2235"}],"wp:term":[{"taxonomy":"product_brand","embeddable":true,"href":"https:\/\/sea-sa.com.mx\/site\/wp-json\/wp\/v2\/product_brand?post=2235"},{"taxonomy":"product_cat","embeddable":true,"href":"https:\/\/sea-sa.com.mx\/site\/wp-json\/wp\/v2\/product_cat?post=2235"},{"taxonomy":"product_tag","embeddable":true,"href":"https:\/\/sea-sa.com.mx\/site\/wp-json\/wp\/v2\/product_tag?post=2235"}],"curies":[{"name":"wp","href":"https:\/\/api.w.org\/{rel}","templated":true}]}}