{"id":2227,"date":"2020-02-14T17:02:00","date_gmt":"2020-02-14T17:02:00","guid":{"rendered":"https:\/\/sea-sa.com.mx\/website\/?post_type=product&#038;p=2227"},"modified":"2023-02-13T18:01:14","modified_gmt":"2023-02-13T18:01:14","slug":"alimentador-soldadura-mexico-alambre-tigspeed-caliente-continua","status":"publish","type":"product","link":"https:\/\/sea-sa.com.mx\/site\/producto\/alimentador-soldadura-mexico-alambre-tigspeed-caliente-continua\/","title":{"rendered":"TigSpeed Hot Wire Continua"},"content":{"rendered":"<p><strong>Especificaciones:<\/strong><\/p>\n<ul>\n<li>Pasos de velocidad de alambre: 0.1 m\/min<\/li>\n<li>Corriente de hilo caliente 40 A &#8211; 180 A<\/li>\n<li>Tiempo de encendido (40 \u00b0C) 35 % &#8211; 180 A \/ 60 % &#8211; 150 A \/ 100 % &#8211; 130 A<\/li>\n<li>Frecuencia de oscilaci\u00f3n: 1 Hz &#8211; 16 Hz<\/li>\n<li>Di\u00e1metro del rodillo: 37 mm<\/li>\n<li>Dimensiones <span style=\"font-weight: 400;\">Largo x Ancho x Alto en mm:<\/span> 636 x 324 x 482<\/li>\n<li>Peso: 30.5 kg<\/li>\n<\/ul>\n","protected":false},"excerpt":{"rendered":"<p>Alimentador de alambre para soldadura EWM Group TIG TigSpeed<\/p>\n<p>El alimentador de alambre TigSpeed de EWM Group, incrementa las tasas de deposici\u00f3n, la velocidad de aplicaci\u00f3n y la calidad de la soldadura, ahorrando costos de producci\u00f3n.<\/p>\n<ul class=\"description_list\">\n<li>Velocidad de soldadura hasta 100% m\u00e1s que la soldadura TIG manual<\/li>\n<li>Hasta un 60% m\u00e1s de rendimiento de fusi\u00f3n<\/li>\n<li>Reducci\u00f3n de la mezcla en hasta un 60%<\/li>\n<li>Alimentaci\u00f3n de calor ajustable en el hilo para un rendimiento de fusi\u00f3n elevado y un riesgo de fallo de costura menor<\/li>\n<li>Costura de soldadura perfecta, sin virutas<\/li>\n<li>Impulsi\u00f3n de cuatro rodillos. Equipado para hilos de acero de 1,0\u00a0mm + 1,2\u00a0mm<\/li>\n<\/ul>\n[fusion_button link=\"https:\/\/sea-sa.com.mx\/site\/contacto-empresa-soldadura-equipos-antorchas\/?interes=TigSpeed Hot Wire Continua\" text_transform=\"\" title=\"Cont\u00e1ctanos para asesorarte\" target=\"_self\" link_attributes=\"\" alignment=\"center\" modal=\"\" hide_on_mobile=\"small-visibility,medium-visibility,large-visibility\" class=\"\" id=\"\" color=\"custom\" button_gradient_top_color=\"#ba0000\" button_gradient_bottom_color=\"#a50000\" button_gradient_top_color_hover=\"#a50000\" button_gradient_bottom_color_hover=\"#ba0000\" accent_color=\"#ffffff\" accent_hover_color=\"#eaeaea\" type=\"\" bevel_color=\"\" border_width=\"\" size=\"large\" stretch=\"default\" shape=\"pill\" icon=\"fa-info-circle fas\" icon_position=\"left\" icon_divider=\"yes\" animation_type=\"\" animation_direction=\"left\" animation_speed=\"0.3\" animation_offset=\"\"]SOLICITAR INFORMACI\u00d3N[\/fusion_button]\n","protected":false},"featured_media":11779,"template":"","meta":{"ngg_post_thumbnail":0},"product_brand":[],"product_cat":[32,52,49],"product_tag":[],"class_list":{"0":"post-2227","1":"product","2":"type-product","3":"status-publish","4":"has-post-thumbnail","6":"product_cat-maquinas-soldadura-soldar-ewm-mexico","7":"product_cat-alimentadores-mexico-soldadura-industrial-tig","8":"product_cat-equipos-mexico-soldadura-industrial-perifericos","9":"product-grid-view","11":"first","12":"instock","13":"shipping-taxable","14":"product-type-simple"},"aioseo_notices":[],"_links":{"self":[{"href":"https:\/\/sea-sa.com.mx\/site\/wp-json\/wp\/v2\/product\/2227","targetHints":{"allow":["GET"]}}],"collection":[{"href":"https:\/\/sea-sa.com.mx\/site\/wp-json\/wp\/v2\/product"}],"about":[{"href":"https:\/\/sea-sa.com.mx\/site\/wp-json\/wp\/v2\/types\/product"}],"wp:featuredmedia":[{"embeddable":true,"href":"https:\/\/sea-sa.com.mx\/site\/wp-json\/wp\/v2\/media\/11779"}],"wp:attachment":[{"href":"https:\/\/sea-sa.com.mx\/site\/wp-json\/wp\/v2\/media?parent=2227"}],"wp:term":[{"taxonomy":"product_brand","embeddable":true,"href":"https:\/\/sea-sa.com.mx\/site\/wp-json\/wp\/v2\/product_brand?post=2227"},{"taxonomy":"product_cat","embeddable":true,"href":"https:\/\/sea-sa.com.mx\/site\/wp-json\/wp\/v2\/product_cat?post=2227"},{"taxonomy":"product_tag","embeddable":true,"href":"https:\/\/sea-sa.com.mx\/site\/wp-json\/wp\/v2\/product_tag?post=2227"}],"curies":[{"name":"wp","href":"https:\/\/api.w.org\/{rel}","templated":true}]}}