{"id":2216,"date":"2020-02-14T15:40:43","date_gmt":"2020-02-14T15:40:43","guid":{"rendered":"https:\/\/sea-sa.com.mx\/website\/?post_type=product&#038;p=2216"},"modified":"2023-02-13T17:50:31","modified_gmt":"2023-02-13T17:50:31","slug":"alimentador-soldadura-ewm-mexico-alambre-tigspeed-frio-continuo","status":"publish","type":"product","link":"https:\/\/sea-sa.com.mx\/site\/producto\/alimentador-soldadura-ewm-mexico-alambre-tigspeed-frio-continuo\/","title":{"rendered":"TigSpeed Cold Wire Continua"},"content":{"rendered":"<p><strong>Especificaciones:<\/strong><\/p>\n<ul>\n<li>Pasos de velocidad de alambre: 0.1 m \/ min<\/li>\n<li>Tama\u00f1o de la bobina: D200 \/ D300<\/li>\n<li>Di\u00e1metro del rollo: 37 mm<\/li>\n<li>Dimensiones <span style=\"font-weight: 400;\">Largo x Ancho x Alto en mm:<\/span> 636 x 324 x 482<\/li>\n<li>Alimentador de alambre de peso: 24,5 kg<\/li>\n<\/ul>\n<p>&nbsp;<\/p>\n","protected":false},"excerpt":{"rendered":"<p>Alimentador de alambre para soldadura EVM Group TIG TigSpeed<\/p>\n<p>El alimentador de alambre TigSpeed de EWM Group, incrementa las tasas de deposici\u00f3n, la velocidad de aplicaci\u00f3n y la calidad de la soldadura, ahorrando costos de producci\u00f3n.<\/p>\n<ul class=\"description_list\">\n<li>Hasta un 60% m\u00e1s de velocidad de soldadura en comparaci\u00f3n con la soldadura TIG manual.<\/li>\n<li>Alta fiabilidad del proceso, resultados de soldadura reproducibles y f\u00e1cil manejo.<\/li>\n<li>Aspecto perfecto de la costura de soldadura, sin salpicaduras de soldadura.<\/li>\n<li>Equipado para cables de acero de 1.0 mm + 1.2 mm.<\/li>\n<li class=\"last-item\">Se puede usar en cualquier m\u00e1quina de soldar TIG.<\/li>\n<\/ul>\n[fusion_button link=\"https:\/\/sea-sa.com.mx\/site\/contacto-empresa-soldadura-equipos-antorchas\/?interes=TigSpeed Cold Wire Continua\" text_transform=\"\" title=\"Cont\u00e1ctanos para asesorarte\" target=\"_self\" link_attributes=\"\" alignment=\"center\" modal=\"\" hide_on_mobile=\"small-visibility,medium-visibility,large-visibility\" class=\"\" id=\"\" color=\"custom\" button_gradient_top_color=\"#ba0000\" button_gradient_bottom_color=\"#a50000\" button_gradient_top_color_hover=\"#a50000\" button_gradient_bottom_color_hover=\"#ba0000\" accent_color=\"#ffffff\" accent_hover_color=\"#eaeaea\" type=\"\" bevel_color=\"\" border_width=\"\" size=\"large\" stretch=\"default\" shape=\"pill\" icon=\"fa-info-circle fas\" icon_position=\"left\" icon_divider=\"yes\" animation_type=\"\" animation_direction=\"left\" animation_speed=\"0.3\" animation_offset=\"\"]SOLICITAR INFORMACI\u00d3N[\/fusion_button]\n","protected":false},"featured_media":11774,"template":"","meta":{"ngg_post_thumbnail":0},"product_brand":[],"product_cat":[32,52,49],"product_tag":[],"class_list":{"0":"post-2216","1":"product","2":"type-product","3":"status-publish","4":"has-post-thumbnail","6":"product_cat-maquinas-soldadura-soldar-ewm-mexico","7":"product_cat-alimentadores-mexico-soldadura-industrial-tig","8":"product_cat-equipos-mexico-soldadura-industrial-perifericos","9":"product-grid-view","11":"first","12":"instock","13":"shipping-taxable","14":"product-type-simple"},"aioseo_notices":[],"_links":{"self":[{"href":"https:\/\/sea-sa.com.mx\/site\/wp-json\/wp\/v2\/product\/2216","targetHints":{"allow":["GET"]}}],"collection":[{"href":"https:\/\/sea-sa.com.mx\/site\/wp-json\/wp\/v2\/product"}],"about":[{"href":"https:\/\/sea-sa.com.mx\/site\/wp-json\/wp\/v2\/types\/product"}],"wp:featuredmedia":[{"embeddable":true,"href":"https:\/\/sea-sa.com.mx\/site\/wp-json\/wp\/v2\/media\/11774"}],"wp:attachment":[{"href":"https:\/\/sea-sa.com.mx\/site\/wp-json\/wp\/v2\/media?parent=2216"}],"wp:term":[{"taxonomy":"product_brand","embeddable":true,"href":"https:\/\/sea-sa.com.mx\/site\/wp-json\/wp\/v2\/product_brand?post=2216"},{"taxonomy":"product_cat","embeddable":true,"href":"https:\/\/sea-sa.com.mx\/site\/wp-json\/wp\/v2\/product_cat?post=2216"},{"taxonomy":"product_tag","embeddable":true,"href":"https:\/\/sea-sa.com.mx\/site\/wp-json\/wp\/v2\/product_tag?post=2216"}],"curies":[{"name":"wp","href":"https:\/\/api.w.org\/{rel}","templated":true}]}}