{"id":2207,"date":"2020-02-13T19:42:22","date_gmt":"2020-02-13T19:42:22","guid":{"rendered":"https:\/\/sea-sa.com.mx\/website\/?post_type=product&#038;p=2207"},"modified":"2023-02-13T16:30:49","modified_gmt":"2023-02-13T16:30:49","slug":"maquinas-soldaduras-paw-mexico-microplasma-25","status":"publish","type":"product","link":"https:\/\/sea-sa.com.mx\/site\/producto\/maquinas-soldaduras-paw-mexico-microplasma-25\/","title":{"rendered":"Microplasma 25-2"},"content":{"rendered":"<p><strong>Especificaciones:<\/strong><\/p>\n<ul>\n<li><span style=\"font-weight: 400;\">Voltajes principales (tolerancias): <\/span><span style=\"font-weight: 400;\">3 x 400 V (-25 % a +20 %)<\/span><\/li>\n<li><span style=\"font-weight: 400;\">Fusibles Principales: <\/span><span style=\"font-weight: 400;\">3 x 32 A<\/span><\/li>\n<li><span style=\"font-weight: 400;\">Corriente de desmagnetizaci\u00f3n: 10 A a 600 A\u00a0<\/span><\/li>\n<li><span style=\"font-weight: 400;\">Corriente de desmagnetizaci\u00f3n &#8211; activgauss: 10 A a 250 A<\/span><\/li>\n<li><span style=\"font-weight: 400;\">Dimensiones: Largo x Ancho x Alto en mm: <\/span><span style=\"font-weight: 400;\">539 x 210 x 415<\/span><\/li>\n<\/ul>\n<p>&nbsp;<\/p>\n","protected":false},"excerpt":{"rendered":"<p>M\u00e1quina de soldadura por Plasma EVM Group L\u00ednea Microplasma<\/p>\n<p>La soldadura por plasma es uno de los procesos de soldadura por fusi\u00f3n m\u00e1s recientes. Es parte de la soldadura por arco blindado con gas de tungsteno. El proceso de soldadura por plasma ofrece seguridad de ignici\u00f3n, un arco direccionalmente estable con baja entrada de calor.<\/p>\n<p>Con el <strong>Microplasma 25<\/strong> la corriente del arco piloto se puede ajustar en cuatro puntos de operaci\u00f3n durante el proceso de soldadura (de antemano, durante y despu\u00e9s de la soldadura, as\u00ed como durante las pausas en la soldadura).<\/p>\n<p>No se requiere conexi\u00f3n de red adicional para Cool 50 MPW50, la unidad Cool se suministra con voltaje de red a trav\u00e9s de la fuente de alimentaci\u00f3n.<\/p>\n<p>Cuenta con conectividad de red opcional con el software ewm Xnet a trav\u00e9s de LAN o puerta de enlace WiFi.<\/p>\n[fusion_button link=\"https:\/\/sea-sa.com.mx\/site\/contacto-empresa-soldadura-equipos-antorchas\/?interes=Microplasma 25\" text_transform=\"\" title=\"Cont\u00e1ctanos para asesorarte\" target=\"_self\" link_attributes=\"\" alignment=\"center\" modal=\"\" hide_on_mobile=\"small-visibility,medium-visibility,large-visibility\" class=\"\" id=\"\" color=\"custom\" button_gradient_top_color=\"#ba0000\" button_gradient_bottom_color=\"#a50000\" button_gradient_top_color_hover=\"#a50000\" button_gradient_bottom_color_hover=\"#ba0000\" accent_color=\"#ffffff\" accent_hover_color=\"#eaeaea\" type=\"\" bevel_color=\"\" border_width=\"\" size=\"large\" stretch=\"default\" shape=\"pill\" icon=\"fa-info-circle fas\" icon_position=\"left\" icon_divider=\"yes\" animation_type=\"\" animation_direction=\"left\" animation_speed=\"0.3\" animation_offset=\"\"]SOLICITAR INFORMACI\u00d3N[\/fusion_button]\n","protected":false},"featured_media":2325,"template":"","meta":{"ngg_post_thumbnail":0},"product_brand":[],"product_cat":[32,40,42],"product_tag":[],"class_list":{"0":"post-2207","1":"product","2":"type-product","3":"status-publish","4":"has-post-thumbnail","6":"product_cat-maquinas-soldadura-soldar-ewm-mexico","7":"product_cat-maquinas-soldadura-ewm-group-plasma","8":"product_cat-maquina-soldadura-ewm-group-microplasma-industrial","9":"product-grid-view","11":"first","12":"instock","13":"shipping-taxable","14":"product-type-simple"},"aioseo_notices":[],"_links":{"self":[{"href":"https:\/\/sea-sa.com.mx\/site\/wp-json\/wp\/v2\/product\/2207","targetHints":{"allow":["GET"]}}],"collection":[{"href":"https:\/\/sea-sa.com.mx\/site\/wp-json\/wp\/v2\/product"}],"about":[{"href":"https:\/\/sea-sa.com.mx\/site\/wp-json\/wp\/v2\/types\/product"}],"wp:featuredmedia":[{"embeddable":true,"href":"https:\/\/sea-sa.com.mx\/site\/wp-json\/wp\/v2\/media\/2325"}],"wp:attachment":[{"href":"https:\/\/sea-sa.com.mx\/site\/wp-json\/wp\/v2\/media?parent=2207"}],"wp:term":[{"taxonomy":"product_brand","embeddable":true,"href":"https:\/\/sea-sa.com.mx\/site\/wp-json\/wp\/v2\/product_brand?post=2207"},{"taxonomy":"product_cat","embeddable":true,"href":"https:\/\/sea-sa.com.mx\/site\/wp-json\/wp\/v2\/product_cat?post=2207"},{"taxonomy":"product_tag","embeddable":true,"href":"https:\/\/sea-sa.com.mx\/site\/wp-json\/wp\/v2\/product_tag?post=2207"}],"curies":[{"name":"wp","href":"https:\/\/api.w.org\/{rel}","templated":true}]}}