{"id":2204,"date":"2020-02-13T19:36:18","date_gmt":"2020-02-13T19:36:18","guid":{"rendered":"https:\/\/sea-sa.com.mx\/website\/?post_type=product&#038;p=2204"},"modified":"2020-04-22T16:28:25","modified_gmt":"2020-04-22T16:28:25","slug":"maquina-soldadura-desmagnetizacion-set-degauss600","status":"publish","type":"product","link":"https:\/\/sea-sa.com.mx\/site\/producto\/maquina-soldadura-desmagnetizacion-set-degauss600\/","title":{"rendered":"Set Degauss 600"},"content":{"rendered":"<p><strong>Datos t\u00e9cnicos:<\/strong><\/p>\n<ul>\n<li><span style=\"font-weight: 400;\">Voltajes principales (tolerancias): <\/span><span style=\"font-weight: 400;\">3 x 400 V (-25 % a +20 %)<\/span><\/li>\n<li><span style=\"font-weight: 400;\">Fusibles Principales: <\/span><span style=\"font-weight: 400;\">3 x 32 A<\/span><\/li>\n<li><span style=\"font-weight: 400;\">Corriente de desmagnetizaci\u00f3n: 10 A a 600 A\u00a0<\/span><\/li>\n<li><span style=\"font-weight: 400;\">Corriente de desmagnetizaci\u00f3n &#8211; activgauss: 10 A a 250 A<\/span><\/li>\n<li><span style=\"font-weight: 400;\">Dimensiones: Largo x Ancho x Alto en mm: <\/span><span style=\"font-weight: 400;\">539 x 210 x 415<\/span><\/li>\n<\/ul>\n<p>&nbsp;<\/p>\n","protected":false},"excerpt":{"rendered":"<p>M\u00e1quina de soldadura por desmagnetizaci\u00f3n EWM Group Degaussing<\/p>\n<p><span style=\"font-weight: 400;\">Set incluye: Aparato de desmagnetizaci\u00f3n <strong>Degauss 600<\/strong>, dos cables de carga de 35 mm2 y 5 m cada uno, un cable de carga de 35 mm2 y 20 m, control remoto RT DGS1 y 5m de cable de conexi\u00f3n.<\/span><\/p>\n<ul>\n<li style=\"font-weight: 400;\"><span style=\"font-weight: 400;\">Desmagnetizaci\u00f3n de tubos y chapas.<\/span><\/li>\n<li style=\"font-weight: 400;\"><span style=\"font-weight: 400;\">Proceso de desmagnetizaci\u00f3n autom\u00e1tico.<\/span><\/li>\n<li style=\"font-weight: 400;\"><span style=\"font-weight: 400;\">Desmagnetizaci\u00f3n segura para obtener mejores resultados de soldadura gracias a un proceso de soldadura estable sin desviaci\u00f3n magn\u00e9tica; minimizaci\u00f3n de trabajos posteriores.<\/span><\/li>\n<li style=\"font-weight: 400;\"><span style=\"font-weight: 400;\">Port\u00e1til y robusto.<\/span><\/li>\n<li style=\"font-weight: 400;\"><span style=\"font-weight: 400;\">R\u00e1pida conexi\u00f3n al tubo con tres cables de carga.<\/span><\/li>\n<li style=\"font-weight: 400;\"><span style=\"font-weight: 400;\">Empleo entre -25 \u00b0C y +40 \u00b0C.<\/span><\/li>\n<\/ul>\n[fusion_button link=\"https:\/\/sea-sa.com.mx\/site\/contacto-empresa-soldadura-equipos-antorchas\/?interes=Set Degauss 600\" text_transform=\"\" title=\"Cont\u00e1ctanos para asesorarte\" target=\"_self\" link_attributes=\"\" alignment=\"center\" modal=\"\" hide_on_mobile=\"small-visibility,medium-visibility,large-visibility\" class=\"\" id=\"\" color=\"custom\" button_gradient_top_color=\"#ba0000\" button_gradient_bottom_color=\"#a50000\" button_gradient_top_color_hover=\"#a50000\" button_gradient_bottom_color_hover=\"#ba0000\" accent_color=\"#ffffff\" accent_hover_color=\"#eaeaea\" type=\"\" bevel_color=\"\" border_width=\"\" size=\"large\" stretch=\"default\" shape=\"pill\" icon=\"fa-info-circle fas\" icon_position=\"left\" icon_divider=\"yes\" animation_type=\"\" animation_direction=\"left\" animation_speed=\"0.3\" animation_offset=\"\"]SOLICITAR INFORMACI\u00d3N[\/fusion_button]\n<p>&nbsp;<\/p>\n<p>&nbsp;<\/p>\n","protected":false},"featured_media":2322,"template":"","meta":{"ngg_post_thumbnail":0},"product_brand":[],"product_cat":[32,61],"product_tag":[],"class_list":{"0":"post-2204","1":"product","2":"type-product","3":"status-publish","4":"has-post-thumbnail","6":"product_cat-maquinas-soldadura-soldar-ewm-mexico","7":"product_cat-maquinas-soldadura-ewm-group-mexico-industrial-degaussing-desmagnetizacion","8":"product-grid-view","10":"first","11":"instock","12":"shipping-taxable","13":"product-type-simple"},"aioseo_notices":[],"_links":{"self":[{"href":"https:\/\/sea-sa.com.mx\/site\/wp-json\/wp\/v2\/product\/2204","targetHints":{"allow":["GET"]}}],"collection":[{"href":"https:\/\/sea-sa.com.mx\/site\/wp-json\/wp\/v2\/product"}],"about":[{"href":"https:\/\/sea-sa.com.mx\/site\/wp-json\/wp\/v2\/types\/product"}],"wp:featuredmedia":[{"embeddable":true,"href":"https:\/\/sea-sa.com.mx\/site\/wp-json\/wp\/v2\/media\/2322"}],"wp:attachment":[{"href":"https:\/\/sea-sa.com.mx\/site\/wp-json\/wp\/v2\/media?parent=2204"}],"wp:term":[{"taxonomy":"product_brand","embeddable":true,"href":"https:\/\/sea-sa.com.mx\/site\/wp-json\/wp\/v2\/product_brand?post=2204"},{"taxonomy":"product_cat","embeddable":true,"href":"https:\/\/sea-sa.com.mx\/site\/wp-json\/wp\/v2\/product_cat?post=2204"},{"taxonomy":"product_tag","embeddable":true,"href":"https:\/\/sea-sa.com.mx\/site\/wp-json\/wp\/v2\/product_tag?post=2204"}],"curies":[{"name":"wp","href":"https:\/\/api.w.org\/{rel}","templated":true}]}}