{"id":2199,"date":"2020-02-13T18:27:27","date_gmt":"2020-02-13T18:27:27","guid":{"rendered":"https:\/\/sea-sa.com.mx\/website\/?post_type=product&#038;p=2199"},"modified":"2022-01-11T15:48:48","modified_gmt":"2022-01-11T15:48:48","slug":"maquinas-soldar-mexico-electrodo-pico180puls","status":"publish","type":"product","link":"https:\/\/sea-sa.com.mx\/site\/producto\/maquinas-soldar-mexico-electrodo-pico180puls\/","title":{"rendered":"Pico 180 puls"},"content":{"rendered":"<p><strong>Datos t\u00e9cnicos:<\/strong><\/p>\n<ul>\n<li><span style=\"font-weight: 400;\">Voltajes principales (tolerancias): <\/span><span style=\"font-weight: 400;\">1 x 230 V (-40 % &#8211; +15 %)<\/span><\/li>\n<li><span style=\"font-weight: 400;\">Fusibles Principales: <\/span><span style=\"font-weight: 400;\">1 x 20 A<\/span><\/li>\n<li><span style=\"font-weight: 400;\">Rango de ajuste de corriente de soldadura: <\/span><span style=\"font-weight: 400;\">5 A &#8211; 180 A<\/span><\/li>\n<li><span style=\"font-weight: 400;\">Duty cycle 40 \u00b0C: 180 A &#8211; 30 % \/ 150 A &#8211; 60 % \/ 130 A &#8211; 100 %<\/span><\/li>\n<li><span style=\"font-weight: 400;\">Dimensiones: Largo x Ancho x Alto en mm: <\/span><span style=\"font-weight: 400;\">470 x 135 x 250<\/span><\/li>\n<\/ul>\n","protected":false},"excerpt":{"rendered":"<p>M\u00e1quina de soldadura para Electrodo EWM Group MIG\/MAG L\u00ednea Pico<\/p>\n<p><strong>Pico 180 puls <\/strong>tiene protecci\u00f3n contra sobretensi\u00f3n: para que el aparato no sufra da\u00f1os en caso de conectarlo por error a una tensi\u00f3n de red de 400 V. Especialmente indicado para soldadura de ra\u00edz. Excelente puenteado de ranuras sin suspensi\u00f3n del lado de ra\u00edz. Menor deformaci\u00f3n gracias a un aporte de calor controlado. Posibilidad de conexi\u00f3n para control remoto. Arcforce y arranque en caliente ajustables y 3,5 m de acometida.<\/p>\n[fusion_button link=\"https:\/\/sea-sa.com.mx\/site\/contacto-empresa-soldadura-equipos-antorchas\/?interes=Pico 180 puls\" text_transform=\"\" title=\"Cont\u00e1ctanos para asesorarte\" target=\"_self\" link_attributes=\"\" alignment=\"center\" modal=\"\" hide_on_mobile=\"small-visibility,medium-visibility,large-visibility\" class=\"\" id=\"\" color=\"custom\" button_gradient_top_color=\"#ba0000\" button_gradient_bottom_color=\"#a50000\" button_gradient_top_color_hover=\"#a50000\" button_gradient_bottom_color_hover=\"#ba0000\" accent_color=\"#ffffff\" accent_hover_color=\"#eaeaea\" type=\"\" bevel_color=\"\" border_width=\"\" size=\"large\" stretch=\"default\" shape=\"pill\" icon=\"fa-info-circle fas\" icon_position=\"left\" icon_divider=\"yes\" animation_type=\"\" animation_direction=\"left\" animation_speed=\"0.3\" animation_offset=\"\"]SOLICITAR INFORMACI\u00d3N[\/fusion_button]\n","protected":false},"featured_media":2319,"template":"","meta":{"ngg_post_thumbnail":0},"product_brand":[],"product_cat":[32,41,60],"product_tag":[],"class_list":{"0":"post-2199","1":"product","2":"type-product","3":"status-publish","4":"has-post-thumbnail","6":"product_cat-maquinas-soldadura-soldar-ewm-mexico","7":"product_cat-maquinas-soldadura-ewm-group-electrodo","8":"product_cat-maquina-soldadura-electrica-ewm-group-electrodo-industrial-pico","9":"product-grid-view","11":"first","12":"instock","13":"shipping-taxable","14":"product-type-simple"},"aioseo_notices":[],"_links":{"self":[{"href":"https:\/\/sea-sa.com.mx\/site\/wp-json\/wp\/v2\/product\/2199","targetHints":{"allow":["GET"]}}],"collection":[{"href":"https:\/\/sea-sa.com.mx\/site\/wp-json\/wp\/v2\/product"}],"about":[{"href":"https:\/\/sea-sa.com.mx\/site\/wp-json\/wp\/v2\/types\/product"}],"wp:featuredmedia":[{"embeddable":true,"href":"https:\/\/sea-sa.com.mx\/site\/wp-json\/wp\/v2\/media\/2319"}],"wp:attachment":[{"href":"https:\/\/sea-sa.com.mx\/site\/wp-json\/wp\/v2\/media?parent=2199"}],"wp:term":[{"taxonomy":"product_brand","embeddable":true,"href":"https:\/\/sea-sa.com.mx\/site\/wp-json\/wp\/v2\/product_brand?post=2199"},{"taxonomy":"product_cat","embeddable":true,"href":"https:\/\/sea-sa.com.mx\/site\/wp-json\/wp\/v2\/product_cat?post=2199"},{"taxonomy":"product_tag","embeddable":true,"href":"https:\/\/sea-sa.com.mx\/site\/wp-json\/wp\/v2\/product_tag?post=2199"}],"curies":[{"name":"wp","href":"https:\/\/api.w.org\/{rel}","templated":true}]}}