{"id":2173,"date":"2020-02-12T18:53:36","date_gmt":"2020-02-12T18:53:36","guid":{"rendered":"https:\/\/sea-sa.com.mx\/website\/?post_type=product&#038;p=2173"},"modified":"2021-12-10T20:48:51","modified_gmt":"2021-12-10T20:48:51","slug":"alimentador-soldadura-ewm-mexico-alambre-drive4x","status":"publish","type":"product","link":"https:\/\/sea-sa.com.mx\/site\/producto\/alimentador-soldadura-ewm-mexico-alambre-drive4x\/","title":{"rendered":"Drive 4X"},"content":{"rendered":"<p><strong>Datos t\u00e9cnicos:<\/strong><\/p>\n<ul>\n<li>Max. Corriente de Soldadura a 60% DC (40\u00baC): 550 A<\/li>\n<li>Max. Corriente de Soldadura a 100% DC (40\u00baC): 430A<\/li>\n<li>Velocidad de alambre: 0,5mts\/min a 24mts\/min<\/li>\n<li>Rollos instalados de f\u00e1brica: 1,2 mm (para alambres de acero)<\/li>\n<li>Drive: 4 rollos (37mm)<\/li>\n<li>Di\u00e1metro de carrete: Est\u00e1ndar de 200 mm a 300 mm<\/li>\n<li>Temperatura ambiente: -25 \u00baC a +40\u00baC<\/li>\n<li>Dimensiones Largo x Ancho x Alto en mm: 660 x 280 x 380<\/li>\n<li>Peso 13 kg.<\/li>\n<\/ul>\n","protected":false},"excerpt":{"rendered":"<p>Alimentador de alambre para soldadura EWM Group MIG\/MAG<\/p>\n<p>Entre las principales ventajas de este alimentador de alambre de EWM Group Hightech Welding destacan su seguridad y precisi\u00f3n en la alimentaci\u00f3n de aporte de alambre, los tiempos de configuraci\u00f3n se reducen y cuenta con gran variedad de opciones y accesorios.<\/p>\n<p>Cuenta con un solo CONTROL UNIVERSAL para varias m\u00e1quinas MIG\/MAG<\/p>\n[fusion_button link=\"https:\/\/sea-sa.com.mx\/site\/contacto-empresa-soldadura-equipos-antorchas\/?interes=Drive 4X\" text_transform=\"\" title=\"Cont\u00e1ctanos para asesorarte\" target=\"_self\" link_attributes=\"\" alignment=\"center\" modal=\"\" hide_on_mobile=\"small-visibility,medium-visibility,large-visibility\" class=\"\" id=\"\" color=\"custom\" button_gradient_top_color=\"#ba0000\" button_gradient_bottom_color=\"#a50000\" button_gradient_top_color_hover=\"#a50000\" button_gradient_bottom_color_hover=\"#ba0000\" accent_color=\"#ffffff\" accent_hover_color=\"#eaeaea\" type=\"\" bevel_color=\"\" border_width=\"\" size=\"large\" stretch=\"default\" shape=\"pill\" icon=\"fa-info-circle fas\" icon_position=\"left\" icon_divider=\"yes\" animation_type=\"\" animation_direction=\"left\" animation_speed=\"0.3\" animation_offset=\"\"]SOLICITAR INFORMACI\u00d3N[\/fusion_button]\n<p>&nbsp;<\/p>\n<p>&nbsp;<\/p>\n","protected":false},"featured_media":2145,"template":"","meta":{"ngg_post_thumbnail":0},"product_brand":[],"product_cat":[32,51],"product_tag":[],"class_list":{"0":"post-2173","1":"product","2":"type-product","3":"status-publish","4":"has-post-thumbnail","6":"product_cat-maquinas-soldadura-soldar-ewm-mexico","7":"product_cat-alimentadores-mexico-soldadura-industrial-mig-mag","8":"product-grid-view","10":"first","11":"instock","12":"shipping-taxable","13":"product-type-simple"},"aioseo_notices":[],"_links":{"self":[{"href":"https:\/\/sea-sa.com.mx\/site\/wp-json\/wp\/v2\/product\/2173","targetHints":{"allow":["GET"]}}],"collection":[{"href":"https:\/\/sea-sa.com.mx\/site\/wp-json\/wp\/v2\/product"}],"about":[{"href":"https:\/\/sea-sa.com.mx\/site\/wp-json\/wp\/v2\/types\/product"}],"wp:featuredmedia":[{"embeddable":true,"href":"https:\/\/sea-sa.com.mx\/site\/wp-json\/wp\/v2\/media\/2145"}],"wp:attachment":[{"href":"https:\/\/sea-sa.com.mx\/site\/wp-json\/wp\/v2\/media?parent=2173"}],"wp:term":[{"taxonomy":"product_brand","embeddable":true,"href":"https:\/\/sea-sa.com.mx\/site\/wp-json\/wp\/v2\/product_brand?post=2173"},{"taxonomy":"product_cat","embeddable":true,"href":"https:\/\/sea-sa.com.mx\/site\/wp-json\/wp\/v2\/product_cat?post=2173"},{"taxonomy":"product_tag","embeddable":true,"href":"https:\/\/sea-sa.com.mx\/site\/wp-json\/wp\/v2\/product_tag?post=2173"}],"curies":[{"name":"wp","href":"https:\/\/api.w.org\/{rel}","templated":true}]}}