{"id":2172,"date":"2020-02-12T18:53:13","date_gmt":"2020-02-12T18:53:13","guid":{"rendered":"https:\/\/sea-sa.com.mx\/website\/?post_type=product&#038;p=2172"},"modified":"2022-01-10T19:23:46","modified_gmt":"2022-01-10T19:23:46","slug":"maquina-soldadura-industrial-ewm-group-tig-dc-tetrix-200","status":"publish","type":"product","link":"https:\/\/sea-sa.com.mx\/site\/producto\/maquina-soldadura-industrial-ewm-group-tig-dc-tetrix-200\/","title":{"rendered":"Tetrix 200 MV Comfort 2.0 puls 5P"},"content":{"rendered":"<p><strong>Datos t\u00e9cnicos:<\/strong><\/p>\n<ul>\n<li style=\"font-weight: 400;\"><span style=\"font-weight: 400;\">Voltajes principales (tolerancias): 1 x 230 V (-40 % hasta +15 %)<\/span><\/li>\n<li style=\"font-weight: 400;\"><span style=\"font-weight: 400;\">Fusibles Principales: 1 X 16 A<\/span><\/li>\n<li style=\"font-weight: 400;\"><span style=\"font-weight: 400;\">Rango de ajuste de corriente de soldadura: 5 A \u2013 200 A<\/span><\/li>\n<li style=\"font-weight: 400;\"><span style=\"font-weight: 400;\">Duty cycle 40 \u00b0C: 200 A &#8211; 25 % \/ 150 A &#8211; 60 % \/ 140 A &#8211; 100 %<\/span><\/li>\n<li style=\"font-weight: 400;\"><span style=\"font-weight: 400;\">Dimensiones: Largo x Ancho x Alto en mm: 428 x 181 x 294<\/span><\/li>\n<\/ul>\n","protected":false},"excerpt":{"rendered":"<p>M\u00e1quina de soldadura EWM Group TIG DC L\u00ednea Tetrix<\/p>\n<p>Estos equipos port\u00e1tiles son extremadamente peque\u00f1os, compactos y ligeros: para transportarlos sin esfuerzo por escaleras o andamios, as\u00ed como en espacios muy reducidos. Su potencia es siempre constante \u00a1Incluso las grandes oscilaciones en la tensi\u00f3n del generador o en la red general ya no son un problema! Con nuestras m\u00e1quinas de soldadura TIG-DC puede dominar casi cualquier material, desde aceros aleados hasta cobre.<\/p>\n<p>La innovadora unidad de potencia Inverter ahorra adicionalmente una gran cantidad de costos energ\u00e9ticos gracias al elevado grado de efectividad.<\/p>\n[fusion_button link=\"https:\/\/sea-sa.com.mx\/site\/contacto-empresa-soldadura-equipos-antorchas\/?interes=Tetrix 200 MV Comfort 2.0 puls 5P\" text_transform=\"\" title=\"Cont\u00e1ctanos para asesorarte\" target=\"_self\" link_attributes=\"\" alignment=\"center\" modal=\"\" hide_on_mobile=\"small-visibility,medium-visibility,large-visibility\" class=\"\" id=\"\" color=\"custom\" button_gradient_top_color=\"#ba0000\" button_gradient_bottom_color=\"#a50000\" button_gradient_top_color_hover=\"#a50000\" button_gradient_bottom_color_hover=\"#ba0000\" accent_color=\"#ffffff\" accent_hover_color=\"#eaeaea\" type=\"\" bevel_color=\"\" border_width=\"\" size=\"large\" stretch=\"default\" shape=\"pill\" icon=\"fa-info-circle fas\" icon_position=\"left\" icon_divider=\"yes\" animation_type=\"\" animation_direction=\"left\" animation_speed=\"0.3\" animation_offset=\"\"]SOLICITAR INFORMACI\u00d3N[\/fusion_button]\n<p>&nbsp;<\/p>\n<p>&nbsp;<\/p>\n","protected":false},"featured_media":2312,"template":"","meta":{"ngg_post_thumbnail":0},"product_brand":[],"product_cat":[32,38,47],"product_tag":[],"class_list":{"0":"post-2172","1":"product","2":"type-product","3":"status-publish","4":"has-post-thumbnail","6":"product_cat-maquinas-soldadura-soldar-ewm-mexico","7":"product_cat-maquinas-soldadura-tig-dc","8":"product_cat-maquina-soldadura-ewm-group-tig-dc-tetrix-industrial","9":"product-grid-view","11":"first","12":"instock","13":"shipping-taxable","14":"product-type-simple"},"aioseo_notices":[],"_links":{"self":[{"href":"https:\/\/sea-sa.com.mx\/site\/wp-json\/wp\/v2\/product\/2172","targetHints":{"allow":["GET"]}}],"collection":[{"href":"https:\/\/sea-sa.com.mx\/site\/wp-json\/wp\/v2\/product"}],"about":[{"href":"https:\/\/sea-sa.com.mx\/site\/wp-json\/wp\/v2\/types\/product"}],"wp:featuredmedia":[{"embeddable":true,"href":"https:\/\/sea-sa.com.mx\/site\/wp-json\/wp\/v2\/media\/2312"}],"wp:attachment":[{"href":"https:\/\/sea-sa.com.mx\/site\/wp-json\/wp\/v2\/media?parent=2172"}],"wp:term":[{"taxonomy":"product_brand","embeddable":true,"href":"https:\/\/sea-sa.com.mx\/site\/wp-json\/wp\/v2\/product_brand?post=2172"},{"taxonomy":"product_cat","embeddable":true,"href":"https:\/\/sea-sa.com.mx\/site\/wp-json\/wp\/v2\/product_cat?post=2172"},{"taxonomy":"product_tag","embeddable":true,"href":"https:\/\/sea-sa.com.mx\/site\/wp-json\/wp\/v2\/product_tag?post=2172"}],"curies":[{"name":"wp","href":"https:\/\/api.w.org\/{rel}","templated":true}]}}