{"id":2171,"date":"2020-02-12T18:46:11","date_gmt":"2020-02-12T18:46:11","guid":{"rendered":"https:\/\/sea-sa.com.mx\/website\/?post_type=product&#038;p=2171"},"modified":"2022-01-18T16:22:19","modified_gmt":"2022-01-18T16:22:19","slug":"soldadura-mig-mexico-electrodo-pico350","status":"publish","type":"product","link":"https:\/\/sea-sa.com.mx\/site\/producto\/soldadura-mig-mexico-electrodo-pico350\/","title":{"rendered":"Pico 350 Cel Puls"},"content":{"rendered":"<p>Datos t\u00e9cnicos:<\/p>\n<ul>\n<li>Rango de ajuste de corriente de soldadura:<br \/>\n<strong>Electrodo:<\/strong>\u00a010A \u2013 350A\u00a0\u00a0\u00a0\u00a0\u00a0\u00a0\u00a0<strong>TIG:<\/strong>\u00a010A \u2013 350A<\/li>\n<li>Ciclo de trabajo a temperatura ambiente<\/li>\n<\/ul>\n<div class=\"wpb_text_column wpb_content_element vc_custom_1447995360097\">\n<div class=\"wpb_wrapper\">\n<p style=\"text-align: left;\"><strong>Electrodo\u00a0 \u00a0 \u00a0 \u00a0 \u00a0 \u00a0 \u00a0 \u00a0 \u00a0 \u00a0 \u00a0 TIG<\/strong><br \/>\n25\u00b0C -40\u00b0C\u00a0 \u00a0 \u00a0 \u00a0 \u00a0 \u00a0 \u00a0 \u00a0 \u00a0 \u00a0 \u00a0 \u00a025\u00b0C -40\u00b0C<br \/>\n35%\u00a0 \u00a0 \u00a0 N\/A \u2013 350 A \u00a0 \u00a0 \u00a0 N\/A \u2013 350 A<br \/>\n60%\u00a0\u00a0\u00a0 \u00a0 N\/A \u2013 280 A\u00a0\u00a0\u00a0\u00a0\u00a0 N\/A \u2013 350 A<br \/>\n100%\u00a0\u00a0\u00a0\u00a0 N\/A \u2013 230 A \u00a0 \u00a0 N\/A \u2013 350 A<\/p>\n<\/div>\n<\/div>\n<ul>\n<li>Frecuencias Principales: 50 Hz \/ 60 Hz<\/li>\n<li>Voltaje de circuito abierto: 95 V<\/li>\n<li>Fusibles principales : 3 x 25 A<\/li>\n<li>Max. carga conectada : 15 kVA<\/li>\n<li>Voltajes principales (tolerancias): 3 X 400 V (-25 % \u2013 +20 %)<\/li>\n<li>Poder del generador recomendado : 20.3 kVA<\/li>\n<li>Dimensiones: 600 x 205 x 415 mm<\/li>\n<li>Largo x Ancho x Alto<\/li>\n<li>Peso : 21.5 kg<\/li>\n<li>Clasificaci\u00f3n de Protecci\u00f3n : IP34s<\/li>\n<li>Clase de aislamiento Est\u00e1ndares: H<\/li>\n<li>IEC 60 974-1; -10 \/ CE \/ S-Safety sign \/ EMC class A<\/li>\n<\/ul>\n","protected":false},"excerpt":{"rendered":"<p>M\u00e1quina de soldadura para Electrodo EWM Group MIG\/MAG L\u00ednea Pico<\/p>\n<p>Los <strong>Pico 350 cel puls<\/strong> son un poco m\u00e1s grandes que una caja de zapatos y pesan verdaderamente poco, de este modo estos especialistas para soldadura el\u00e9ctrica manual fijan nuevos est\u00e1ndares en el montaje gracias a capacidades de hasta 160 o 180 amperios, grandes \u00e1reas de tensi\u00f3n de red y maniobras sencillas.<\/p>\n[fusion_button link=\"https:\/\/sea-sa.com.mx\/site\/contacto-empresa-soldadura-equipos-antorchas\/?interes=Pico 350 Cel Puls\" text_transform=\"\" title=\"Cont\u00e1ctanos para asesorarte\" target=\"_self\" link_attributes=\"\" alignment=\"center\" modal=\"\" hide_on_mobile=\"small-visibility,medium-visibility,large-visibility\" class=\"\" id=\"\" color=\"custom\" button_gradient_top_color=\"#ba0000\" button_gradient_bottom_color=\"#a50000\" button_gradient_top_color_hover=\"#a50000\" button_gradient_bottom_color_hover=\"#ba0000\" accent_color=\"#ffffff\" accent_hover_color=\"#eaeaea\" type=\"\" bevel_color=\"\" border_width=\"\" size=\"large\" stretch=\"default\" shape=\"pill\" icon=\"fa-info-circle fas\" icon_position=\"left\" icon_divider=\"yes\" animation_type=\"\" animation_direction=\"left\" animation_speed=\"0.3\" animation_offset=\"\"]SOLICITAR INFORMACI\u00d3N[\/fusion_button]\n<p>&nbsp;<\/p>\n<p>&nbsp;<\/p>\n","protected":false},"featured_media":2142,"template":"","meta":{"ngg_post_thumbnail":0},"product_brand":[],"product_cat":[32,41,60],"product_tag":[],"class_list":{"0":"post-2171","1":"product","2":"type-product","3":"status-publish","4":"has-post-thumbnail","6":"product_cat-maquinas-soldadura-soldar-ewm-mexico","7":"product_cat-maquinas-soldadura-ewm-group-electrodo","8":"product_cat-maquina-soldadura-electrica-ewm-group-electrodo-industrial-pico","9":"product-grid-view","11":"first","12":"instock","13":"shipping-taxable","14":"product-type-simple"},"aioseo_notices":[],"_links":{"self":[{"href":"https:\/\/sea-sa.com.mx\/site\/wp-json\/wp\/v2\/product\/2171","targetHints":{"allow":["GET"]}}],"collection":[{"href":"https:\/\/sea-sa.com.mx\/site\/wp-json\/wp\/v2\/product"}],"about":[{"href":"https:\/\/sea-sa.com.mx\/site\/wp-json\/wp\/v2\/types\/product"}],"wp:featuredmedia":[{"embeddable":true,"href":"https:\/\/sea-sa.com.mx\/site\/wp-json\/wp\/v2\/media\/2142"}],"wp:attachment":[{"href":"https:\/\/sea-sa.com.mx\/site\/wp-json\/wp\/v2\/media?parent=2171"}],"wp:term":[{"taxonomy":"product_brand","embeddable":true,"href":"https:\/\/sea-sa.com.mx\/site\/wp-json\/wp\/v2\/product_brand?post=2171"},{"taxonomy":"product_cat","embeddable":true,"href":"https:\/\/sea-sa.com.mx\/site\/wp-json\/wp\/v2\/product_cat?post=2171"},{"taxonomy":"product_tag","embeddable":true,"href":"https:\/\/sea-sa.com.mx\/site\/wp-json\/wp\/v2\/product_tag?post=2171"}],"curies":[{"name":"wp","href":"https:\/\/api.w.org\/{rel}","templated":true}]}}