{"id":2169,"date":"2020-02-12T18:29:02","date_gmt":"2020-02-12T18:29:02","guid":{"rendered":"https:\/\/sea-sa.com.mx\/website\/?post_type=product&#038;p=2169"},"modified":"2022-01-11T16:00:20","modified_gmt":"2022-01-11T16:00:20","slug":"maquina-soldar-electrodo-pico300","status":"publish","type":"product","link":"https:\/\/sea-sa.com.mx\/site\/producto\/maquina-soldar-electrodo-pico300\/","title":{"rendered":"Pico 300"},"content":{"rendered":"<p><strong>Datos t\u00e9cnicos:<\/strong><\/p>\n<ul>\n<li>Voltajes principales (tolerancias): 3 X 400 V (-25 % \u2013 +20 %)<\/li>\n<li>Fusibles Principales: 3 X 16 A<\/li>\n<li>Rango de ajuste de corriente de soldadura: 5 A \u2013 300A<\/li>\n<li>Duty cycle 40 \u00b0C: 300 A &#8211; 25 % \/220 A &#8211; 60% \/ 170 A &#8211; 100%<\/li>\n<li>Dimensiones: Largo x Ancho x Alto en mm: 515 x 185 x 350<\/li>\n<\/ul>\n","protected":false},"excerpt":{"rendered":"<p>M\u00e1quina de soldadura para Electrodo EWM Group MIG\/MAG L\u00ednea Pico<\/p>\n<p>Los <strong>Pico<\/strong> <strong>300<\/strong> son peque\u00f1os pero potentes, un poco m\u00e1s grandes que una caja de zapatos y pesan verdaderamente poco, de este modo estos especialistas para soldadura el\u00e9ctrica manual fijan nuevos est\u00e1ndares en el montaje gracias a capacidades de hasta 160 o 180 amperios, grandes \u00e1reas de tensi\u00f3n de red y maniobras sencillas.<\/p>\n[fusion_button link=\"https:\/\/sea-sa.com.mx\/site\/contacto-empresa-soldadura-equipos-antorchas\/?interes=Pico 300\" text_transform=\"\" title=\"Cont\u00e1ctanos para asesorarte\" target=\"_self\" link_attributes=\"\" alignment=\"center\" modal=\"\" hide_on_mobile=\"small-visibility,medium-visibility,large-visibility\" class=\"\" id=\"\" color=\"custom\" button_gradient_top_color=\"#ba0000\" button_gradient_bottom_color=\"#a50000\" button_gradient_top_color_hover=\"#a50000\" button_gradient_bottom_color_hover=\"#ba0000\" accent_color=\"#ffffff\" accent_hover_color=\"#eaeaea\" type=\"\" bevel_color=\"\" border_width=\"\" size=\"large\" stretch=\"default\" shape=\"pill\" icon=\"fa-info-circle fas\" icon_position=\"left\" icon_divider=\"yes\" animation_type=\"\" animation_direction=\"left\" animation_speed=\"0.3\" animation_offset=\"\"]SOLICITAR INFORMACI\u00d3N[\/fusion_button]\n<p>&nbsp;<\/p>\n<p>&nbsp;<\/p>\n","protected":false},"featured_media":2143,"template":"","meta":{"ngg_post_thumbnail":0},"product_brand":[],"product_cat":[32,41,60],"product_tag":[],"class_list":{"0":"post-2169","1":"product","2":"type-product","3":"status-publish","4":"has-post-thumbnail","6":"product_cat-maquinas-soldadura-soldar-ewm-mexico","7":"product_cat-maquinas-soldadura-ewm-group-electrodo","8":"product_cat-maquina-soldadura-electrica-ewm-group-electrodo-industrial-pico","9":"product-grid-view","11":"first","12":"instock","13":"shipping-taxable","14":"product-type-simple"},"aioseo_notices":[],"_links":{"self":[{"href":"https:\/\/sea-sa.com.mx\/site\/wp-json\/wp\/v2\/product\/2169","targetHints":{"allow":["GET"]}}],"collection":[{"href":"https:\/\/sea-sa.com.mx\/site\/wp-json\/wp\/v2\/product"}],"about":[{"href":"https:\/\/sea-sa.com.mx\/site\/wp-json\/wp\/v2\/types\/product"}],"wp:featuredmedia":[{"embeddable":true,"href":"https:\/\/sea-sa.com.mx\/site\/wp-json\/wp\/v2\/media\/2143"}],"wp:attachment":[{"href":"https:\/\/sea-sa.com.mx\/site\/wp-json\/wp\/v2\/media?parent=2169"}],"wp:term":[{"taxonomy":"product_brand","embeddable":true,"href":"https:\/\/sea-sa.com.mx\/site\/wp-json\/wp\/v2\/product_brand?post=2169"},{"taxonomy":"product_cat","embeddable":true,"href":"https:\/\/sea-sa.com.mx\/site\/wp-json\/wp\/v2\/product_cat?post=2169"},{"taxonomy":"product_tag","embeddable":true,"href":"https:\/\/sea-sa.com.mx\/site\/wp-json\/wp\/v2\/product_tag?post=2169"}],"curies":[{"name":"wp","href":"https:\/\/api.w.org\/{rel}","templated":true}]}}