{"id":2165,"date":"2020-02-12T18:21:26","date_gmt":"2020-02-12T18:21:26","guid":{"rendered":"https:\/\/sea-sa.com.mx\/website\/?post_type=product&#038;p=2165"},"modified":"2020-05-02T15:36:39","modified_gmt":"2020-05-02T15:36:39","slug":"maquinas-soldar-ewm-multiproceso-mexico-taurus451fdg","status":"publish","type":"product","link":"https:\/\/sea-sa.com.mx\/site\/producto\/maquinas-soldar-ewm-multiproceso-mexico-taurus451fdg\/","title":{"rendered":"Taurus 451 Synergic S FDG"},"content":{"rendered":"<p><strong>Datos t\u00e9cnicos:<\/strong><\/p>\n<ul>\n<li>Voltajes principales (tolerancias): 3 X 400 V (-25 % \u2013 +20 %)<\/li>\n<li>Fusibles Principales: 3 X 35 A<\/li>\n<li>Rango de ajuste de corriente de soldadura: 5 A \u2013 450 A<\/li>\n<li>Duty cycle 40 \u00b0C: 450 A &#8211; 80 % \/ 420 A &#8211; 100 %<\/li>\n<li>Dimensiones: Largo x Ancho x Alto en mm: 1100 x 455 x 1000<\/li>\n<li>Velocidad de Alambre: 0.5 m\/min \u2013 24 m\/min<\/li>\n<\/ul>\n","protected":false},"excerpt":{"rendered":"<p>M\u00e1quina de soldadura EWM Group MIG\/MAG\u00a0 L\u00ednea Taurus<\/p>\n<p>Las maquinas para soldar estacionarias de la <strong>l\u00ednea Taurus<\/strong> son ideales para construcciones, montaje, talleres o lugares de producci\u00f3n; con ellas se dispone del equipo adecuado para cada lugar y cada tarea. Ampliables en cualquier momento mediante m\u00f3dulos de refrigeraci\u00f3n y carro de transporte; sin necesidad de herramientas ni personal especializado.<\/p>\n<p>En los equipos transportables el concepto de carcasa 3 en 1, donde la fuente de alimentaci\u00f3n, el carro de transporte y el equipo de refrigeraci\u00f3n forman una sola unidad; para un transporte sencillo y un f\u00e1cil manejo. El conducto de ventilaci\u00f3n optimizado proporciona una mayor potencia de refrigeraci\u00f3n, se alarga el tiempo de encendido y se reduce la suciedad en el aparato. Los controles con indicaciones claras garantizan un manejo sencillo. Potencia total para la utilizaci\u00f3n pr\u00e1ctica y complicada.<\/p>\n[fusion_button link=\"https:\/\/sea-sa.com.mx\/site\/contacto-empresa-soldadura-equipos-antorchas\/?interes=Taurus 451 Synergic S FDG\" text_transform=\"\" title=\"Cont\u00e1ctanos para asesorarte\" target=\"_self\" link_attributes=\"\" alignment=\"center\" modal=\"\" hide_on_mobile=\"small-visibility,medium-visibility,large-visibility\" class=\"\" id=\"\" color=\"custom\" button_gradient_top_color=\"#ba0000\" button_gradient_bottom_color=\"#a50000\" button_gradient_top_color_hover=\"#a50000\" button_gradient_bottom_color_hover=\"#ba0000\" accent_color=\"#ffffff\" accent_hover_color=\"#eaeaea\" type=\"\" bevel_color=\"\" border_width=\"\" size=\"large\" stretch=\"default\" shape=\"pill\" icon=\"fa-info-circle fas\" icon_position=\"left\" icon_divider=\"yes\" animation_type=\"\" animation_direction=\"left\" animation_speed=\"0.3\" animation_offset=\"\"]SOLICITAR INFORMACI\u00d3N[\/fusion_button]\n<p>&nbsp;<\/p>\n<p>&nbsp;<\/p>\n","protected":false},"featured_media":2138,"template":"","meta":{"ngg_post_thumbnail":0},"product_brand":[],"product_cat":[32,37],"product_tag":[],"class_list":{"0":"post-2165","1":"product","2":"type-product","3":"status-publish","4":"has-post-thumbnail","6":"product_cat-maquinas-soldadura-soldar-ewm-mexico","7":"product_cat-maquinas-soldadura-mig-mag-multiproceso","8":"product-grid-view","10":"first","11":"instock","12":"shipping-taxable","13":"product-type-simple"},"aioseo_notices":[],"_links":{"self":[{"href":"https:\/\/sea-sa.com.mx\/site\/wp-json\/wp\/v2\/product\/2165","targetHints":{"allow":["GET"]}}],"collection":[{"href":"https:\/\/sea-sa.com.mx\/site\/wp-json\/wp\/v2\/product"}],"about":[{"href":"https:\/\/sea-sa.com.mx\/site\/wp-json\/wp\/v2\/types\/product"}],"wp:featuredmedia":[{"embeddable":true,"href":"https:\/\/sea-sa.com.mx\/site\/wp-json\/wp\/v2\/media\/2138"}],"wp:attachment":[{"href":"https:\/\/sea-sa.com.mx\/site\/wp-json\/wp\/v2\/media?parent=2165"}],"wp:term":[{"taxonomy":"product_brand","embeddable":true,"href":"https:\/\/sea-sa.com.mx\/site\/wp-json\/wp\/v2\/product_brand?post=2165"},{"taxonomy":"product_cat","embeddable":true,"href":"https:\/\/sea-sa.com.mx\/site\/wp-json\/wp\/v2\/product_cat?post=2165"},{"taxonomy":"product_tag","embeddable":true,"href":"https:\/\/sea-sa.com.mx\/site\/wp-json\/wp\/v2\/product_tag?post=2165"}],"curies":[{"name":"wp","href":"https:\/\/api.w.org\/{rel}","templated":true}]}}