{"id":2159,"date":"2020-02-12T17:30:24","date_gmt":"2020-02-12T17:30:24","guid":{"rendered":"https:\/\/sea-sa.com.mx\/website\/?post_type=product&#038;p=2159"},"modified":"2021-12-27T20:03:16","modified_gmt":"2021-12-27T20:03:16","slug":"maquina-soldar-mexico-mig-phoenix401","status":"publish","type":"product","link":"https:\/\/sea-sa.com.mx\/site\/producto\/maquina-soldar-mexico-mig-phoenix401\/","title":{"rendered":"Phoenix 401 Concept Puls"},"content":{"rendered":"<p><strong>Datos t\u00e9cnicos:<\/strong><\/p>\n<ul>\n<li>Voltajes principales (tolerancias): 3 X 400 V (-25 % \u2013 +20 %)<\/li>\n<li>Fusibles Principales: 3 X 35 A<\/li>\n<li>Rango de ajuste de corriente de soldadura: 5 A \u2013 400 A<\/li>\n<li>Duty cycle 40 \u00b0C: 400 A &#8211; 60 % \/ 360 A &#8211; 100 %<\/li>\n<li>Dimensiones: Largo x Ancho x Alto en mm: 1100 x 455 x 1000<\/li>\n<li>Velocidad de Alambre: 0.5 m\/min \u2013 24 m\/min<\/li>\n<\/ul>\n","protected":false},"excerpt":{"rendered":"<p>M\u00e1quina de soldadura EWM Group MIG\/MAG\u00a0 L\u00ednea Phoenix<\/p>\n<p>Ampliable en cualquier momento mediante m\u00f3dulos de refrigeraci\u00f3n y carro de transportaci\u00f3n, sin necesidad de herramientas ni personal especializado.<\/p>\n<p>Con el concepto de 3 en 1 que incluye la fuente de alimentaci\u00f3n, el carro de transportaci\u00f3n y el m\u00f3dulo de refrigeraci\u00f3n, permite un traslado sencillo y un f\u00e1cil manejo. Cuenta con un conductor de ventilaci\u00f3n optimizado que proporciona una mayor potencia de refrigeraci\u00f3n, alargando el tiempo de operaci\u00f3n y reduciendo la suciedad en la m\u00e1quina. Los controles con indicaciones claras garantizan un manejo sencillo. Potencia total para la utilizaci\u00f3n pr\u00e1ctica y sin complicaciones.<\/p>\n[fusion_button link=\"https:\/\/sea-sa.com.mx\/site\/contacto-empresa-soldadura-equipos-antorchas\/?interes=Phoenix 401 Concept Puls\" text_transform=\"\" title=\"Cont\u00e1ctanos para asesorarte\" target=\"_self\" link_attributes=\"\" alignment=\"center\" modal=\"\" hide_on_mobile=\"small-visibility,medium-visibility,large-visibility\" class=\"\" id=\"\" color=\"custom\" button_gradient_top_color=\"#ba0000\" button_gradient_bottom_color=\"#a50000\" button_gradient_top_color_hover=\"#a50000\" button_gradient_bottom_color_hover=\"#ba0000\" accent_color=\"#ffffff\" accent_hover_color=\"#eaeaea\" type=\"\" bevel_color=\"\" border_width=\"\" size=\"large\" stretch=\"default\" shape=\"pill\" icon=\"fa-info-circle fas\" icon_position=\"left\" icon_divider=\"yes\" animation_type=\"\" animation_direction=\"left\" animation_speed=\"0.3\" animation_offset=\"\"]SOLICITAR INFORMACI\u00d3N[\/fusion_button]\n","protected":false},"featured_media":2133,"template":"","meta":{"ngg_post_thumbnail":0},"product_brand":[],"product_cat":[33,32,35],"product_tag":[],"class_list":{"0":"post-2159","1":"product","2":"type-product","3":"status-publish","4":"has-post-thumbnail","6":"product_cat-maquinas-soldadura-mig-mag-pulso-multiproceso","7":"product_cat-maquinas-soldadura-soldar-ewm-mexico","8":"product_cat-maquina-soldadura-ewm-group-mig-pulso-multiproceso-phoenix-q","9":"product-grid-view","11":"first","12":"instock","13":"shipping-taxable","14":"product-type-simple"},"aioseo_notices":[],"_links":{"self":[{"href":"https:\/\/sea-sa.com.mx\/site\/wp-json\/wp\/v2\/product\/2159","targetHints":{"allow":["GET"]}}],"collection":[{"href":"https:\/\/sea-sa.com.mx\/site\/wp-json\/wp\/v2\/product"}],"about":[{"href":"https:\/\/sea-sa.com.mx\/site\/wp-json\/wp\/v2\/types\/product"}],"wp:featuredmedia":[{"embeddable":true,"href":"https:\/\/sea-sa.com.mx\/site\/wp-json\/wp\/v2\/media\/2133"}],"wp:attachment":[{"href":"https:\/\/sea-sa.com.mx\/site\/wp-json\/wp\/v2\/media?parent=2159"}],"wp:term":[{"taxonomy":"product_brand","embeddable":true,"href":"https:\/\/sea-sa.com.mx\/site\/wp-json\/wp\/v2\/product_brand?post=2159"},{"taxonomy":"product_cat","embeddable":true,"href":"https:\/\/sea-sa.com.mx\/site\/wp-json\/wp\/v2\/product_cat?post=2159"},{"taxonomy":"product_tag","embeddable":true,"href":"https:\/\/sea-sa.com.mx\/site\/wp-json\/wp\/v2\/product_tag?post=2159"}],"curies":[{"name":"wp","href":"https:\/\/api.w.org\/{rel}","templated":true}]}}