{"id":2097,"date":"2020-02-11T15:57:58","date_gmt":"2020-02-11T15:57:58","guid":{"rendered":"https:\/\/sea-sa.com.mx\/website\/?post_type=product&#038;p=2097"},"modified":"2021-12-20T15:22:43","modified_gmt":"2021-12-20T15:22:43","slug":"maquina-soldadura-mexico-ewm-alphaq330","status":"publish","type":"product","link":"https:\/\/sea-sa.com.mx\/site\/producto\/maquina-soldadura-mexico-ewm-alphaq330\/","title":{"rendered":"AlphaQ 330 &#8211; Multiproceso"},"content":{"rendered":"<p><strong>Datos t\u00e9cnicos:<\/strong><\/p>\n<ul>\n<li>Voltajes principales (tolerancias): 3 X 400 V (-25 % \u2013 +20 %)<\/li>\n<li>Fusibles Principales: 3 X 16 A<\/li>\n<li>Rango de ajuste de corriente de soldadura: 5 A \u2013 330 A<\/li>\n<li>Duty cycle 40 \u00b0C: 330 A &#8211; 40 % \/ 270 A &#8211; 60 % \/ 210 A &#8211; 100 %<\/li>\n<li>Dimensiones: Largo x Ancho x Alto en mm: 685 x 335 x 750<\/li>\n<li>Velocidad de Alambre: 0.5 m\/min \u2013 24 m\/min<\/li>\n<\/ul>\n","protected":false},"excerpt":{"rendered":"<p>M\u00e1quina de soldadura EWM Group MIG\/MAG\u00a0 L\u00ednea Alpha Q<\/p>\n<p>Las m\u00e1quinas para soldar de la l\u00ednea alpha Q son ideales para todo tipo de aplicaciones, ya que pueden configurarse desde equipo portable, a modular \u00f3 compacto.<\/p>\n<p>Realizar m\u00faltiples tareas en soldadura bajo demanda requieren cortos tiempos de preparaci\u00f3n, por lo que con estos equipos se puede alternar entre soldaduras coldArc, pipeSolution y forceArc. Disponibles con una unidad de alimentaci\u00f3n de alambre doble o dos unidades individuales, para asi tener siempre el correcto aporte de alambre con el correcto gas a manejar.<\/p>\n<p>Las m\u00e1quinas alpha Q son ideales para soldar aluminio, acero inoxidable, fierro negro.<\/p>\n[fusion_button link=\"https:\/\/sea-sa.com.mx\/site\/contacto-empresa-soldadura-equipos-antorchas\/?interes=AlphaQ 330 - Multiproceso\" text_transform=\"\" title=\"Cont\u00e1ctanos para asesorarte\" target=\"_self\" link_attributes=\"\" alignment=\"center\" modal=\"\" hide_on_mobile=\"small-visibility,medium-visibility,large-visibility\" class=\"\" id=\"\" color=\"custom\" button_gradient_top_color=\"#ba0000\" button_gradient_bottom_color=\"#a50000\" button_gradient_top_color_hover=\"#a50000\" button_gradient_bottom_color_hover=\"#ba0000\" accent_color=\"#ffffff\" accent_hover_color=\"#eaeaea\" type=\"\" bevel_color=\"\" border_width=\"\" size=\"large\" stretch=\"default\" shape=\"pill\" icon=\"fa-info-circle fas\" icon_position=\"left\" icon_divider=\"yes\" animation_type=\"\" animation_direction=\"left\" animation_speed=\"0.3\" animation_offset=\"\"]SOLICITAR INFORMACI\u00d3N[\/fusion_button]\n","protected":false},"featured_media":2129,"template":"","meta":{"ngg_post_thumbnail":0},"product_brand":[],"product_cat":[33,32,34],"product_tag":[],"class_list":{"0":"post-2097","1":"product","2":"type-product","3":"status-publish","4":"has-post-thumbnail","6":"product_cat-maquinas-soldadura-mig-mag-pulso-multiproceso","7":"product_cat-maquinas-soldadura-soldar-ewm-mexico","8":"product_cat-maquina-soldadura-ewm-group-mig-pulso-multiproceso-alpha-q","9":"product-grid-view","11":"first","12":"instock","13":"shipping-taxable","14":"product-type-simple"},"aioseo_notices":[],"_links":{"self":[{"href":"https:\/\/sea-sa.com.mx\/site\/wp-json\/wp\/v2\/product\/2097","targetHints":{"allow":["GET"]}}],"collection":[{"href":"https:\/\/sea-sa.com.mx\/site\/wp-json\/wp\/v2\/product"}],"about":[{"href":"https:\/\/sea-sa.com.mx\/site\/wp-json\/wp\/v2\/types\/product"}],"wp:featuredmedia":[{"embeddable":true,"href":"https:\/\/sea-sa.com.mx\/site\/wp-json\/wp\/v2\/media\/2129"}],"wp:attachment":[{"href":"https:\/\/sea-sa.com.mx\/site\/wp-json\/wp\/v2\/media?parent=2097"}],"wp:term":[{"taxonomy":"product_brand","embeddable":true,"href":"https:\/\/sea-sa.com.mx\/site\/wp-json\/wp\/v2\/product_brand?post=2097"},{"taxonomy":"product_cat","embeddable":true,"href":"https:\/\/sea-sa.com.mx\/site\/wp-json\/wp\/v2\/product_cat?post=2097"},{"taxonomy":"product_tag","embeddable":true,"href":"https:\/\/sea-sa.com.mx\/site\/wp-json\/wp\/v2\/product_tag?post=2097"}],"curies":[{"name":"wp","href":"https:\/\/api.w.org\/{rel}","templated":true}]}}