{"id":2094,"date":"2020-02-11T15:26:03","date_gmt":"2020-02-11T15:26:03","guid":{"rendered":"https:\/\/sea-sa.com.mx\/website\/?post_type=product&#038;p=2094"},"modified":"2021-12-10T20:33:37","modified_gmt":"2021-12-10T20:33:37","slug":"antorcha-tbi-soldadura-robotica-mig-tandem20f22f","status":"publish","type":"product","link":"https:\/\/sea-sa.com.mx\/site\/producto\/antorcha-tbi-soldadura-robotica-mig-tandem20f22f\/","title":{"rendered":"Tandem TD 20F V2 \/ TD 22F V2"},"content":{"rendered":"<p><strong>Datos t\u00e9cnicos:<\/strong><\/p>\n<ul>\n<li>Rendimiento: 2x 550 A (gas mixto)<\/li>\n<li>Ciclo de trabajo: 100% (ciclo de 10 min.)<\/li>\n<li>Modo refrigeraci\u00f3n: Refrigeraci\u00f3n por agua de 3 circuitos<\/li>\n<li>Di\u00e1metro de hilo: 0.8 &#8211; 1.6 mm<\/li>\n<li>Distancia de hilos: 8, 10 o 15 mm en el TCP<\/li>\n<\/ul>\n","protected":false},"excerpt":{"rendered":"<p>Antorchas\u00a0 de soldadura rob\u00f3tica MIG Tandem TD 20F V2 \/ TD 22F V2<\/p>\n<p>Antorchas muy robustas con accesibilidad optimizada a la pieza de trabajo mediante una tobera de gas plana. Los consumibles a precio atractivo con una larga vida \u00fatil permiten una operaci\u00f3n eficiente en la producci\u00f3n industrial.<\/p>\n<p>TD 20F: cuello recto<br \/>\nTD 22F: doblado a 22 grados<\/p>\n[fusion_button link=\"https:\/\/sea-sa.com.mx\/site\/contacto-empresa-soldadura-equipos-antorchas\/?interes=Tandem TD 20F V2 \/ TD 22F V2\" text_transform=\"\" title=\"Cont\u00e1ctanos para asesorarte\" target=\"_self\" link_attributes=\"\" alignment=\"center\" modal=\"\" hide_on_mobile=\"small-visibility,medium-visibility,large-visibility\" class=\"\" id=\"\" color=\"custom\" button_gradient_top_color=\"#ba0000\" button_gradient_bottom_color=\"#a50000\" button_gradient_top_color_hover=\"#a50000\" button_gradient_bottom_color_hover=\"#ba0000\" accent_color=\"#ffffff\" accent_hover_color=\"#eaeaea\" type=\"\" bevel_color=\"\" border_width=\"\" size=\"large\" stretch=\"default\" shape=\"pill\" icon=\"fa-info-circle fas\" icon_position=\"left\" icon_divider=\"yes\" animation_type=\"\" animation_direction=\"left\" animation_speed=\"0.3\" animation_offset=\"\"]SOLICITAR INFORMACI\u00d3N[\/fusion_button]\n","protected":false},"featured_media":2090,"template":"","meta":{"ngg_post_thumbnail":0},"product_brand":[],"product_cat":[19,26,31],"product_tag":[],"class_list":{"0":"post-2094","1":"product","2":"type-product","3":"status-publish","4":"has-post-thumbnail","6":"product_cat-antorchas-soldadura-tbi-industries-mexico","7":"product_cat-antorchas-soldadura-roboticas","8":"product_cat-antorchas-soldadura-tbi-industries-roboticas-mig-mag-tandem","9":"product-grid-view","11":"first","12":"instock","13":"shipping-taxable","14":"product-type-simple"},"aioseo_notices":[],"_links":{"self":[{"href":"https:\/\/sea-sa.com.mx\/site\/wp-json\/wp\/v2\/product\/2094","targetHints":{"allow":["GET"]}}],"collection":[{"href":"https:\/\/sea-sa.com.mx\/site\/wp-json\/wp\/v2\/product"}],"about":[{"href":"https:\/\/sea-sa.com.mx\/site\/wp-json\/wp\/v2\/types\/product"}],"wp:featuredmedia":[{"embeddable":true,"href":"https:\/\/sea-sa.com.mx\/site\/wp-json\/wp\/v2\/media\/2090"}],"wp:attachment":[{"href":"https:\/\/sea-sa.com.mx\/site\/wp-json\/wp\/v2\/media?parent=2094"}],"wp:term":[{"taxonomy":"product_brand","embeddable":true,"href":"https:\/\/sea-sa.com.mx\/site\/wp-json\/wp\/v2\/product_brand?post=2094"},{"taxonomy":"product_cat","embeddable":true,"href":"https:\/\/sea-sa.com.mx\/site\/wp-json\/wp\/v2\/product_cat?post=2094"},{"taxonomy":"product_tag","embeddable":true,"href":"https:\/\/sea-sa.com.mx\/site\/wp-json\/wp\/v2\/product_tag?post=2094"}],"curies":[{"name":"wp","href":"https:\/\/api.w.org\/{rel}","templated":true}]}}