{"id":2087,"date":"2020-02-11T14:44:08","date_gmt":"2020-02-11T14:44:08","guid":{"rendered":"https:\/\/sea-sa.com.mx\/website\/?post_type=product&#038;p=2087"},"modified":"2022-01-20T20:36:14","modified_gmt":"2022-01-20T20:36:14","slug":"antorcha-tbi-soldadura-tig-automatica-sr20p","status":"publish","type":"product","link":"https:\/\/sea-sa.com.mx\/site\/producto\/antorcha-tbi-soldadura-tig-automatica-sr20p\/","title":{"rendered":"SR 20-P"},"content":{"rendered":"","protected":false},"excerpt":{"rendered":"<p>Antorcha de soldadura TIG autom\u00e1tica refrigerada por gas.<\/p>\n<p>Nuestras antorchas de soldadura autom\u00e1ticas son especialmente adecuadas para la soldadura totalmente autom\u00e1tica. Tipo y longitud del paquete de mangueras seg\u00fan las especificaciones del cliente.<\/p>\n<ul>\n<li>Rendimiento AC: 105A (100%)<\/li>\n<li>Rendimiento DC: 140A (100%)<\/li>\n<li>Di\u00e1metro del electrodo: 0.5 &#8211; 3.2 mm<\/li>\n<\/ul>\n[fusion_button link=\"https:\/\/sea-sa.com.mx\/site\/contacto-empresa-soldadura-equipos-antorchas\/?interes=Antorcha SR 20-P\" text_transform=\"\" title=\"Cont\u00e1ctanos para asesorarte\" target=\"_self\" link_attributes=\"\" alignment=\"center\" modal=\"\" hide_on_mobile=\"small-visibility,medium-visibility,large-visibility\" class=\"\" id=\"\" color=\"custom\" button_gradient_top_color=\"#ba0000\" button_gradient_bottom_color=\"#a50000\" button_gradient_top_color_hover=\"#a50000\" button_gradient_bottom_color_hover=\"#ba0000\" accent_color=\"#ffffff\" accent_hover_color=\"#eaeaea\" type=\"\" bevel_color=\"\" border_width=\"\" size=\"large\" stretch=\"default\" shape=\"pill\" icon=\"fa-info-circle fas\" icon_position=\"left\" icon_divider=\"yes\" animation_type=\"\" animation_direction=\"left\" animation_speed=\"0.3\" animation_offset=\"\"]SOLICITAR INFORMACI\u00d3N[\/fusion_button]\n","protected":false},"featured_media":2059,"template":"","meta":{"ngg_post_thumbnail":0},"product_brand":[],"product_cat":[19,28,21],"product_tag":[],"class_list":{"0":"post-2087","1":"product","2":"type-product","3":"status-publish","4":"has-post-thumbnail","6":"product_cat-antorchas-soldadura-tbi-industries-mexico","7":"product_cat-antorchas-soldadura-tbi-industries-automaticas-tig","8":"product_cat-antorchas-soldadura-tig","9":"product-grid-view","11":"first","12":"instock","13":"shipping-taxable","14":"product-type-simple"},"aioseo_notices":[],"_links":{"self":[{"href":"https:\/\/sea-sa.com.mx\/site\/wp-json\/wp\/v2\/product\/2087","targetHints":{"allow":["GET"]}}],"collection":[{"href":"https:\/\/sea-sa.com.mx\/site\/wp-json\/wp\/v2\/product"}],"about":[{"href":"https:\/\/sea-sa.com.mx\/site\/wp-json\/wp\/v2\/types\/product"}],"wp:featuredmedia":[{"embeddable":true,"href":"https:\/\/sea-sa.com.mx\/site\/wp-json\/wp\/v2\/media\/2059"}],"wp:attachment":[{"href":"https:\/\/sea-sa.com.mx\/site\/wp-json\/wp\/v2\/media?parent=2087"}],"wp:term":[{"taxonomy":"product_brand","embeddable":true,"href":"https:\/\/sea-sa.com.mx\/site\/wp-json\/wp\/v2\/product_brand?post=2087"},{"taxonomy":"product_cat","embeddable":true,"href":"https:\/\/sea-sa.com.mx\/site\/wp-json\/wp\/v2\/product_cat?post=2087"},{"taxonomy":"product_tag","embeddable":true,"href":"https:\/\/sea-sa.com.mx\/site\/wp-json\/wp\/v2\/product_tag?post=2087"}],"curies":[{"name":"wp","href":"https:\/\/api.w.org\/{rel}","templated":true}]}}