{"id":1957,"date":"2020-02-10T15:06:25","date_gmt":"2020-02-10T15:06:25","guid":{"rendered":"https:\/\/sea-sa.com.mx\/website\/?post_type=product&#038;p=1957"},"modified":"2021-11-29T19:28:43","modified_gmt":"2021-11-29T19:28:43","slug":"venta-antorcha-soldadura-tbi-monterrey-expert250","status":"publish","type":"product","link":"https:\/\/sea-sa.com.mx\/site\/producto\/venta-antorcha-soldadura-tbi-monterrey-expert250\/","title":{"rendered":"250"},"content":{"rendered":"","protected":false},"excerpt":{"rendered":"<p>Antorcha de soldadura MIG MAG refrigerada por gas<\/p>\n<p>La empu\u00f1adura TBi Expert ha sido dise\u00f1ado con una ergonom\u00eda perfecta y un aspecto atractivo.<\/p>\n<ul>\n<li>Rendimiento (gas mixto): 200A (100%)<\/li>\n<li>Caudal de gas: 12 l\/min<\/li>\n<li>Di\u00e1metro del hilo: 0.8-1.2 mm<\/li>\n<\/ul>\n[fusion_button link=\"https:\/\/sea-sa.com.mx\/site\/contacto-empresa-soldadura-equipos-antorchas\/?interes=Antorcha 250\" text_transform=\"\" title=\"Cont\u00e1ctanos para asesorarte\" target=\"_self\" link_attributes=\"\" alignment=\"center\" modal=\"\" hide_on_mobile=\"small-visibility,medium-visibility,large-visibility\" class=\"\" id=\"\" color=\"custom\" button_gradient_top_color=\"#ba0000\" button_gradient_bottom_color=\"#a50000\" button_gradient_top_color_hover=\"#a50000\" button_gradient_bottom_color_hover=\"#ba0000\" accent_color=\"#ffffff\" accent_hover_color=\"#eaeaea\" type=\"\" bevel_color=\"\" border_width=\"\" size=\"large\" stretch=\"default\" shape=\"pill\" icon=\"fa-info-circle fas\" icon_position=\"left\" icon_divider=\"yes\" animation_type=\"\" animation_direction=\"left\" animation_speed=\"0.3\" animation_offset=\"\"]SOLICITAR INFORMACI\u00d3N[\/fusion_button]\n","protected":false},"featured_media":1958,"template":"","meta":{"ngg_post_thumbnail":0},"product_brand":[],"product_cat":[19,23,18],"product_tag":[],"class_list":{"0":"post-1957","1":"product","2":"type-product","3":"status-publish","4":"has-post-thumbnail","6":"product_cat-antorchas-soldadura-tbi-industries-mexico","7":"product_cat-antorchas-soldadura-tbi-industries-expert","8":"product_cat-antorchas-soldadura-mig-mag","9":"product-grid-view","11":"first","12":"instock","13":"shipping-taxable","14":"product-type-simple"},"aioseo_notices":[],"_links":{"self":[{"href":"https:\/\/sea-sa.com.mx\/site\/wp-json\/wp\/v2\/product\/1957","targetHints":{"allow":["GET"]}}],"collection":[{"href":"https:\/\/sea-sa.com.mx\/site\/wp-json\/wp\/v2\/product"}],"about":[{"href":"https:\/\/sea-sa.com.mx\/site\/wp-json\/wp\/v2\/types\/product"}],"wp:featuredmedia":[{"embeddable":true,"href":"https:\/\/sea-sa.com.mx\/site\/wp-json\/wp\/v2\/media\/1958"}],"wp:attachment":[{"href":"https:\/\/sea-sa.com.mx\/site\/wp-json\/wp\/v2\/media?parent=1957"}],"wp:term":[{"taxonomy":"product_brand","embeddable":true,"href":"https:\/\/sea-sa.com.mx\/site\/wp-json\/wp\/v2\/product_brand?post=1957"},{"taxonomy":"product_cat","embeddable":true,"href":"https:\/\/sea-sa.com.mx\/site\/wp-json\/wp\/v2\/product_cat?post=1957"},{"taxonomy":"product_tag","embeddable":true,"href":"https:\/\/sea-sa.com.mx\/site\/wp-json\/wp\/v2\/product_tag?post=1957"}],"curies":[{"name":"wp","href":"https:\/\/api.w.org\/{rel}","templated":true}]}}