{"id":1878,"date":"2020-02-06T17:59:12","date_gmt":"2020-02-06T17:59:12","guid":{"rendered":"https:\/\/sea-sa.com.mx\/website\/?post_type=product&#038;p=1878"},"modified":"2022-01-20T20:53:07","modified_gmt":"2022-01-20T20:53:07","slug":"antorchas-tig-tbi-soldaduras-monterrey-sr17","status":"publish","type":"product","link":"https:\/\/sea-sa.com.mx\/site\/producto\/antorchas-tig-tbi-soldaduras-monterrey-sr17\/","title":{"rendered":"SR 17 (FX)"},"content":{"rendered":"","protected":false},"excerpt":{"rendered":"<p>Antorcha de soldadura TIG refrigerada por gas.<\/p>\n<p>Empu\u00f1adura ergon\u00f3mica con inserciones de goma antideslizantes, r\u00f3tula y varias opciones de interruptor.<\/p>\n<p>Versi\u00f3n FX con cuello flexible.<\/p>\n<ul>\n<li>Rendimiento AC: 100A (60%)<\/li>\n<li>Rendimiento DC: 140A (60%)<\/li>\n<li>Di\u00e1metro del electrodo \u00d8 0.5 \u2013 2.4 mm<\/li>\n<\/ul>\n[fusion_button link=\"https:\/\/sea-sa.com.mx\/site\/contacto-empresa-soldadura-equipos-antorchas\/?interes=Antorcha SR17 (FX)\" text_transform=\"\" title=\"Cont\u00e1ctanos para asesorarte\" target=\"_self\" link_attributes=\"\" alignment=\"center\" modal=\"\" hide_on_mobile=\"small-visibility,medium-visibility,large-visibility\" class=\"\" id=\"\" color=\"custom\" button_gradient_top_color=\"#ba0000\" button_gradient_bottom_color=\"#a50000\" button_gradient_top_color_hover=\"#a50000\" button_gradient_bottom_color_hover=\"#ba0000\" accent_color=\"#ffffff\" accent_hover_color=\"#eaeaea\" type=\"\" bevel_color=\"\" border_width=\"\" size=\"large\" stretch=\"default\" shape=\"pill\" icon=\"fa-info-circle fas\" icon_position=\"left\" icon_divider=\"yes\" animation_type=\"\" animation_direction=\"left\" animation_speed=\"0.3\" animation_offset=\"\"]SOLICITAR INFORMACI\u00d3N[\/fusion_button]\n","protected":false},"featured_media":1890,"template":"","meta":{"ngg_post_thumbnail":0},"product_brand":[],"product_cat":[19,21,20],"product_tag":[],"class_list":{"0":"post-1878","1":"product","2":"type-product","3":"status-publish","4":"has-post-thumbnail","6":"product_cat-antorchas-soldadura-tbi-industries-mexico","7":"product_cat-antorchas-soldadura-tig","8":"product_cat-antorchas-manuales-mig-mag-tig","9":"product-grid-view","11":"first","12":"instock","13":"shipping-taxable","14":"product-type-simple"},"aioseo_notices":[],"_links":{"self":[{"href":"https:\/\/sea-sa.com.mx\/site\/wp-json\/wp\/v2\/product\/1878","targetHints":{"allow":["GET"]}}],"collection":[{"href":"https:\/\/sea-sa.com.mx\/site\/wp-json\/wp\/v2\/product"}],"about":[{"href":"https:\/\/sea-sa.com.mx\/site\/wp-json\/wp\/v2\/types\/product"}],"wp:featuredmedia":[{"embeddable":true,"href":"https:\/\/sea-sa.com.mx\/site\/wp-json\/wp\/v2\/media\/1890"}],"wp:attachment":[{"href":"https:\/\/sea-sa.com.mx\/site\/wp-json\/wp\/v2\/media?parent=1878"}],"wp:term":[{"taxonomy":"product_brand","embeddable":true,"href":"https:\/\/sea-sa.com.mx\/site\/wp-json\/wp\/v2\/product_brand?post=1878"},{"taxonomy":"product_cat","embeddable":true,"href":"https:\/\/sea-sa.com.mx\/site\/wp-json\/wp\/v2\/product_cat?post=1878"},{"taxonomy":"product_tag","embeddable":true,"href":"https:\/\/sea-sa.com.mx\/site\/wp-json\/wp\/v2\/product_tag?post=1878"}],"curies":[{"name":"wp","href":"https:\/\/api.w.org\/{rel}","templated":true}]}}