{"id":16265,"date":"2025-12-11T17:47:33","date_gmt":"2025-12-11T17:47:33","guid":{"rendered":"https:\/\/sea-sa.com.mx\/site\/?post_type=product&#038;p=16265"},"modified":"2025-12-12T16:00:42","modified_gmt":"2025-12-12T16:00:42","slug":"antorcha-t-lux-any1-tig-mexico-monterrey","status":"publish","type":"product","link":"https:\/\/sea-sa.com.mx\/site\/producto\/antorcha-t-lux-any1-tig-mexico-monterrey\/","title":{"rendered":"Antorcha T-Lux Any1 TIG"},"content":{"rendered":"<p><iframe loading=\"lazy\" width=\"100%\" height=\"540px\" src=\"https:\/\/www.youtube.com\/embed\/5Urf2VisdKA?si=k2EedkIxxS75bO6r\" title=\"YouTube video player\" frameborder=\"0\" allow=\"accelerometer; autoplay; clipboard-write; encrypted-media; gyroscope; picture-in-picture; web-share\" referrerpolicy=\"strict-origin-when-cross-origin\" allowfullscreen><\/iframe><\/p>\n<p>La m\u00e1xima versatilidad a trav\u00e9s del sistema modular y el f\u00e1cil mantenimiento hacen de la serie TBi T-Lux Any1 la soluci\u00f3n ideal para los procesos de soldadura modernos.<\/p>\n<p>&nbsp;<\/p>\n<p>Caracter\u00edsticas principales:<\/p>\n<p>-Mango ergon\u00f3mico con agarre suave estructurado (o texturizado).<\/p>\n<p>-M\u00f3dulos con posicionamiento \u00f3ptimo de los botones.<\/p>\n<p>-Kits preconfigurados para una f\u00e1cil instalaci\u00f3n de la antorcha.<\/p>\n<style>\n.styled-table {<br \/>\n    width: 100%;<br \/>\n    border-collapse: collapse;<br \/>\n    font-family: Arial, sans-serif;<br \/>\n    margin-bottom: 30px;<br \/>\n}<br \/>\n.styled-table th, .styled-table td {<br \/>\n    border: 1px solid #ccc;<br \/>\n    padding: 10px;<br \/>\n    text-align: left;<br \/>\n}<br \/>\n.styled-table th {<br \/>\n    background-color: #f2f2f2;<br \/>\n    font-weight: bold;<br \/>\n}<br \/>\n.styled-table tbody tr:nth-child(even) {<br \/>\n    background-color: #fafafa;<br \/>\n}<br \/>\n<\/style>\n<h2>Antorchas enfriadas por gas<\/h2>\n<table class=\"styled-table\">\n<thead>\n<tr>\n<th>Modelo de antorcha<\/th>\n<th>Capacidad AC<\/th>\n<th>Capacidad DC<\/th>\n<th>Di\u00e1metro de electrodo<\/th>\n<th>Notas<\/th>\n<\/tr>\n<\/thead>\n<tbody>\n<tr>\n<td>SR 9 (FX) T-Lux Any1<\/td>\n<td>100 A (35%)<\/td>\n<td>145 A (35%)<\/td>\n<td>0.5 &#8211; 1.6 mm<\/td>\n<td>Disponible solo con conector OKC\/TSB 35\/50.<\/td>\n<\/tr>\n<tr>\n<td>SR 17 (FX) T-Lux Any1<\/td>\n<td>120 A (35%)<\/td>\n<td>170 A (35%)<\/td>\n<td>0.5 &#8211; 2.4 mm<\/td>\n<td>Parcialmente disponible con OKC\/TSB 35\/50 o CGC.<\/td>\n<\/tr>\n<tr>\n<td>SR (FX)26 T-Lux Any1<\/td>\n<td>180 A (35%)<\/td>\n<td>260 A (35%)<\/td>\n<td>0.5 &#8211; 4.0 mm<\/td>\n<td>Disponible con OKC\/TSB 35\/50 o CGC.<\/td>\n<\/tr>\n<tr>\n<td>TM125 T-Lux Any<\/td>\n<td>80 A (60%)<\/td>\n<td>110 A (60%)<\/td>\n<td>0.5 &#8211; 2.4 mm<\/td>\n<td>Equipada con TM9\/20. Disponible con OKC\/TSB 35\/50 o CGC.<\/td>\n<\/tr>\n<tr>\n<td>TM125 T-Lux Any1<\/td>\n<td>100 A (60%)<\/td>\n<td>140 A (60%)<\/td>\n<td>1.0 &#8211; 2.4 mm<\/td>\n<td>Equipada con TM17\/18\/26. Disponible con OKC\/TSB 35\/50 o CGC.<\/td>\n<\/tr>\n<\/tbody>\n<\/table>\n<h2>Antorchas enfriadas por agua<\/h2>\n<table class=\"styled-table\">\n<thead>\n<tr>\n<th>Modelo de antorcha<\/th>\n<th>Capacidad AC<\/th>\n<th>Capacidad DC<\/th>\n<th>Di\u00e1metro de electrodo<\/th>\n<th>Notas<\/th>\n<\/tr>\n<\/thead>\n<tbody>\n<tr>\n<td>SR 18 (FX) T-Lux Any1<\/td>\n<td>225 A (100%)<\/td>\n<td>320 A (100%)<\/td>\n<td>0.5 &#8211; 4.0 mm<\/td>\n<td>Disponible con OKC\/TSB 35\/50 o CGC.<\/td>\n<\/tr>\n<tr>\n<td>SR 20 (FX) T-Lux Any1<\/td>\n<td>155 A (100%)<\/td>\n<td>220 A (100%)<\/td>\n<td>0.5 &#8211; 3.2 mm<\/td>\n<td>Solo disponible en OKC\/TSB 35\/50.<\/td>\n<\/tr>\n<tr>\n<td>SR 21 (FX) T-Lux Any1<\/td>\n<td>240 A (100%)<\/td>\n<td>340 A (100%)<\/td>\n<td>0.5 &#8211; 3.2 mm<\/td>\n<td>Disponible con OKC\/TSB 35\/50 o CGC.<\/td>\n<\/tr>\n<tr>\n<td>SR 400 T-Lux Any1<\/td>\n<td>315 A (100%)<\/td>\n<td>450 A (100%)<\/td>\n<td>1.6 &#8211; 4.0 mm<\/td>\n<td>Solo disponible con OKC\/TSB 35\/50.<\/td>\n<\/tr>\n<tr>\n<td>XCT 400W T-Lux Any1<\/td>\n<td>315 A (100%)<\/td>\n<td>450 A (100%)<\/td>\n<td>1.6 &#8211; 4.0 mm<\/td>\n<td>Disponible con OKC\/TSB 35\/50 o CGC.<\/td>\n<\/tr>\n<tr>\n<td>TM250 T-Lux Any<\/td>\n<td>160 A (100%)<\/td>\n<td>220 A (100%)<\/td>\n<td>0.5 &#8211; 3.2 mm<\/td>\n<td>Equipada con TM9\/20. Disponible con OKC\/TSB 35\/50 o CGC.<\/td>\n<\/tr>\n<tr>\n<td>TM250 T-Lux Any1<\/td>\n<td>225 A (100%)<\/td>\n<td>320 A (100%)<\/td>\n<td>1.0 &#8211; 4.0 mm<\/td>\n<td>Equipada con TM17\/18\/26. Disponible con OKC\/TSB 35\/50 o CGC.<\/td>\n<\/tr>\n<\/tbody>\n<\/table>\n","protected":false},"excerpt":{"rendered":"<p>La nueva serie modular TBi T-Lux Any1 combina la ergonom\u00eda y calidad probadas de las antorchas T-Lux con un innovador sistema modular. As\u00ed es como la flexibilidad se convierte en el est\u00e1ndar.<\/p>\n<p>&nbsp;<\/p>\n<p>&nbsp;<\/p>\n[fusion_button link=\"https:\/\/sea-sa.com.mx\/site\/contacto-empresa-soldadura-equipos-antorchas\/?interes=Antorcha T-Lux Any1\" text_transform=\"\" title=\"Cont\u00e1ctanos para asesorarte\" target=\"_self\" link_attributes=\"\" alignment=\"center\" modal=\"\" hide_on_mobile=\"small-visibility,medium-visibility,large-visibility\" class=\"\" id=\"\" color=\"custom\" button_gradient_top_color=\"#ba0000\" button_gradient_bottom_color=\"#a50000\" button_gradient_top_color_hover=\"#a50000\" button_gradient_bottom_color_hover=\"#ba0000\" accent_color=\"#ffffff\" accent_hover_color=\"#eaeaea\" type=\"\" bevel_color=\"\" border_width=\"\" size=\"large\" stretch=\"default\" shape=\"pill\" icon=\"fa-info-circle fas\" icon_position=\"left\" icon_divider=\"yes\" animation_type=\"\" animation_direction=\"left\" animation_speed=\"0.3\" animation_offset=\"\"]SOLICITAR INFORMACI\u00d3N[\/fusion_button]\n","protected":false},"featured_media":16267,"template":"","meta":{"ngg_post_thumbnail":0},"product_brand":[],"product_cat":[19,27,21],"product_tag":[],"class_list":{"0":"post-16265","1":"product","2":"type-product","3":"status-publish","4":"has-post-thumbnail","6":"product_cat-antorchas-soldadura-tbi-industries-mexico","7":"product_cat-antorchas-soldadura-tbi-industries-manuales-tig","8":"product_cat-antorchas-soldadura-tig","9":"product-grid-view","11":"first","12":"instock","13":"shipping-taxable","14":"product-type-simple"},"aioseo_notices":[],"_links":{"self":[{"href":"https:\/\/sea-sa.com.mx\/site\/wp-json\/wp\/v2\/product\/16265","targetHints":{"allow":["GET"]}}],"collection":[{"href":"https:\/\/sea-sa.com.mx\/site\/wp-json\/wp\/v2\/product"}],"about":[{"href":"https:\/\/sea-sa.com.mx\/site\/wp-json\/wp\/v2\/types\/product"}],"wp:featuredmedia":[{"embeddable":true,"href":"https:\/\/sea-sa.com.mx\/site\/wp-json\/wp\/v2\/media\/16267"}],"wp:attachment":[{"href":"https:\/\/sea-sa.com.mx\/site\/wp-json\/wp\/v2\/media?parent=16265"}],"wp:term":[{"taxonomy":"product_brand","embeddable":true,"href":"https:\/\/sea-sa.com.mx\/site\/wp-json\/wp\/v2\/product_brand?post=16265"},{"taxonomy":"product_cat","embeddable":true,"href":"https:\/\/sea-sa.com.mx\/site\/wp-json\/wp\/v2\/product_cat?post=16265"},{"taxonomy":"product_tag","embeddable":true,"href":"https:\/\/sea-sa.com.mx\/site\/wp-json\/wp\/v2\/product_tag?post=16265"}],"curies":[{"name":"wp","href":"https:\/\/api.w.org\/{rel}","templated":true}]}}