{"id":15182,"date":"2025-06-06T22:11:42","date_gmt":"2025-06-06T22:11:42","guid":{"rendered":"https:\/\/sea-sa.com.mx\/site\/?post_type=product&#038;p=15182"},"modified":"2025-06-06T23:31:17","modified_gmt":"2025-06-06T23:31:17","slug":"biseladora-mf3-25-xlmf3-25-xl-monterrey","status":"publish","type":"product","link":"https:\/\/sea-sa.com.mx\/site\/producto\/biseladora-mf3-25-xlmf3-25-xl-monterrey\/","title":{"rendered":"Biseladora MF3-25 XL"},"content":{"rendered":"<p class=\"\" data-start=\"519\" data-end=\"669\">El biselador de tubos MF3-25 XL tiene un rango de trabajo desde un di\u00e1metro interior de 12.5 mm hasta un di\u00e1metro exterior de 76.1 mm, y puede equiparse con un cabezal angular si se solicita. Al utilizar el motor angular opcional, la m\u00e1quina puede operar en espacios reducidos.<\/p>\n<hr class=\"\" data-start=\"855\" data-end=\"858\">\n<h3 class=\"\" data-start=\"2351\" data-end=\"2406\"><strong data-start=\"2355\" data-end=\"2406\">Ventajas \u2013 Biseladora MF3-25 XL<\/strong><\/h3>\n<p><strong data-start=\"0\" data-end=\"35\" data-is-only-node=\"\">Biselado de paneles de membrana<\/strong><br data-start=\"35\" data-end=\"38\">La gran ventaja del modelo MF3-25 XL es que permite biselar paneles de membrana desde di\u00e1metros tan reducidos como \u00d8 20 mm, utilizando cabezales de fresado con punta de herramienta tipo corona. El ancho m\u00ednimo requerido del panel de membrana es de solo 37,0 mm.<\/p>\n<p>&nbsp;<\/p>\n<p><strong data-start=\"0\" data-end=\"14\" data-is-only-node=\"\">Ergon\u00f3mica<\/strong><br data-start=\"14\" data-end=\"17\">Gracias al uso de aleaciones de aluminio, la m\u00e1quina tiene un peso reducido y puede ser operada f\u00e1cilmente por una sola persona.<\/p>\n<p>&nbsp;<\/p>\n<p><strong data-start=\"0\" data-end=\"25\" data-is-only-node=\"\">Herramientas Variadas<\/strong><br data-start=\"25\" data-end=\"28\">Se pueden utilizar cuchillas, portainsertos y portaherramientas con herramientas especiales para lograr una preparaci\u00f3n de bordes de soldadura precisa y de alta calidad.<\/p>\n<hr class=\"\" data-start=\"2346\" data-end=\"2349\">\n<h3 class=\"\" data-start=\"2351\" data-end=\"2406\"><strong data-start=\"2355\" data-end=\"2406\">Especificaciones t\u00e9cnicas \u2013 Biseladora MF3-25 XL<\/strong><\/h3>\n<table>\n<thead>\n<tr>\n<th><strong>Especificaci\u00f3n<\/strong><\/th>\n<th><strong>Detalle<\/strong><\/th>\n<\/tr>\n<\/thead>\n<tbody>\n<tr>\n<td><strong>Rango de trabajo (DI-DE)<\/strong><\/td>\n<td>0,492&#8243; \u2013 2,996&#8243; (12,5 mm \u2013 76,1 mm)<\/td>\n<\/tr>\n<tr>\n<td><strong>Rango de sujeci\u00f3n (DE-DE)<\/strong><\/td>\n<td>0,787&#8243; \u2013 2,996&#8243; (20 mm \u2013 76,1 mm)<\/td>\n<\/tr>\n<tr>\n<td><strong>Espesor m\u00e1ximo de pared<\/strong><\/td>\n<td>0,59&#8243; (15 mm)<\/td>\n<\/tr>\n<tr>\n<td><strong>Avance<\/strong><\/td>\n<td>0,98&#8243; (25 mm)<\/td>\n<\/tr>\n<tr>\n<td><strong>Peso con motor neum\u00e1tico<\/strong><\/td>\n<td>8,8 kg<\/td>\n<\/tr>\n<tr>\n<td><strong>Peso con motor el\u00e9ctrico<\/strong><\/td>\n<td>10 kg<\/td>\n<\/tr>\n<tr>\n<td><strong>Preparaci\u00f3n para soldadura<\/strong><\/td>\n<td>Biselado frontal, preparaci\u00f3n en V y en J, barrenado posterior (counter boring)<\/td>\n<\/tr>\n<tr>\n<td><strong>Materiales compatibles<\/strong><\/td>\n<td>Acero al carb\u00f3n, acero inoxidable, acero d\u00faplex, aceros altamente aleados<\/td>\n<\/tr>\n<tr>\n<td><strong>Herramientas de corte<\/strong><\/td>\n<td>Cuchillas, insertos TiN, herramientas especiales bajo pedido<\/td>\n<\/tr>\n<tr>\n<td><strong>Cuerpo<\/strong><\/td>\n<td>Carcasa ligera<\/td>\n<\/tr>\n<\/tbody>\n<\/table>\n<p class=\"\" data-start=\"2117\" data-end=\"2344\">&nbsp;<\/p>\n<hr class=\"\" data-start=\"2346\" data-end=\"2349\">\n<h3 data-start=\"731\" data-end=\"768\">MF3-25 XL con motor neum\u00e1tico<\/h3>\n<table>\n<thead>\n<tr>\n<th><strong>Especificaci\u00f3n<\/strong><\/th>\n<th><strong>Detalle<\/strong><\/th>\n<\/tr>\n<\/thead>\n<tbody>\n<tr>\n<td><strong>Potencia<\/strong><\/td>\n<td>850 W (1,2 HP)<\/td>\n<\/tr>\n<tr>\n<td><strong>Presi\u00f3n de aire<\/strong><\/td>\n<td>6 bar (87 psi)<\/td>\n<\/tr>\n<tr>\n<td><strong>Consumo de aire<\/strong><\/td>\n<td>0,96 m\u00b3\/min (33,9 cfm)<\/td>\n<\/tr>\n<tr>\n<td><strong>Conexi\u00f3n de manguera de aire<\/strong><\/td>\n<td>1\/4&#8243;<\/td>\n<\/tr>\n<tr>\n<td><strong>Caracter\u00edsticas<\/strong><\/td>\n<td>Control de velocidad<\/td>\n<\/tr>\n<\/tbody>\n<\/table>\n<p class=\"\" data-start=\"2117\" data-end=\"2344\">&nbsp;<\/p>\n<hr class=\"\" data-start=\"2346\" data-end=\"2349\">\n<h3 data-start=\"731\" data-end=\"768\"><strong data-start=\"735\" data-end=\"768\">MF3-25 XL con motor el\u00e9ctrico<\/strong><\/h3>\n<div class=\"_tableContainer_16hzy_1\">\n<div class=\"_tableWrapper_16hzy_14 group flex w-fit flex-col-reverse\" tabindex=\"-1\">&nbsp;<\/div>\n<\/div>\n<table>\n<thead>\n<tr>\n<th><strong>Especificaci\u00f3n<\/strong><\/th>\n<th><strong>Detalle<\/strong><\/th>\n<\/tr>\n<\/thead>\n<tbody>\n<tr>\n<td><strong>Consumo de energ\u00eda<\/strong><\/td>\n<td>1.500 W (110V \/ 230V)<\/td>\n<\/tr>\n<tr>\n<td><strong>Caracter\u00edsticas<\/strong><\/td>\n<td>Protecci\u00f3n contra reinicio y sobrecarga, ajuste de velocidad, control de torque<\/td>\n<\/tr>\n<\/tbody>\n<\/table>\n<p class=\"\" data-start=\"2117\" data-end=\"2344\">&nbsp;<\/p>\n<hr class=\"\" data-start=\"2346\" data-end=\"2349\">\n<h3 class=\"\" data-start=\"2351\" data-end=\"2406\">&nbsp;<\/h3>\n","protected":false},"excerpt":{"rendered":"<p>Biseladora de tubos MF3-25 XL, para trabajos de reparaci\u00f3n de tubos de caldera en sitio y preparaci\u00f3n de extremos de tubos aletados para paneles de pared de agua, as\u00ed como para componentes de calderas de alta presi\u00f3n y tubos individuales.<\/p>\n<p>&nbsp;<\/p>\n[fusion_button link=\"https:\/\/sea-sa.com.mx\/site\/contacto-empresa-soldadura-equipos-antorchas\/?interes=Biseladora Gerima SMA 40\" text_transform=\"\" title=\"Cont\u00e1ctanos para asesorarte\" target=\"_self\" link_attributes=\"\" alignment=\"center\" modal=\"\" hide_on_mobile=\"small-visibility,medium-visibility,large-visibility\" class=\"\" id=\"\" color=\"custom\" button_gradient_top_color=\"#ba0000\" button_gradient_bottom_color=\"#a50000\" button_gradient_top_color_hover=\"#a50000\" button_gradient_bottom_color_hover=\"#ba0000\" accent_color=\"#ffffff\" accent_hover_color=\"#eaeaea\" type=\"\" bevel_color=\"\" border_width=\"\" size=\"large\" stretch=\"default\" shape=\"pill\" icon=\"fa-info-circle fas\" icon_position=\"left\" icon_divider=\"yes\" animation_type=\"\" animation_direction=\"left\" animation_speed=\"0.3\" animation_offset=\"\"]SOLICITAR INFORMACI\u00d3N[\/fusion_button]\n<p>&nbsp;<\/p>\n<p><img loading=\"lazy\" decoding=\"async\" class=\"wp-image-14858 size-full aligncenter\" src=\"https:\/\/sea-sa.com.mx\/site\/wp-content\/uploads\/2025\/04\/gerima-biseladoras-mexico-sea-industria.webp\" alt=\"gerima biseladoras mexico sea industria\" width=\"196\" height=\"64\"><\/p>\n","protected":false},"featured_media":15184,"template":"","meta":{"ngg_post_thumbnail":0},"product_brand":[],"product_cat":[89],"product_tag":[],"class_list":{"0":"post-15182","1":"product","2":"type-product","3":"status-publish","4":"has-post-thumbnail","6":"product_cat-cortadoras-biseladoras-biselado-tubos-dwt","7":"product-grid-view","9":"first","10":"instock","11":"shipping-taxable","12":"product-type-simple"},"aioseo_notices":[],"_links":{"self":[{"href":"https:\/\/sea-sa.com.mx\/site\/wp-json\/wp\/v2\/product\/15182","targetHints":{"allow":["GET"]}}],"collection":[{"href":"https:\/\/sea-sa.com.mx\/site\/wp-json\/wp\/v2\/product"}],"about":[{"href":"https:\/\/sea-sa.com.mx\/site\/wp-json\/wp\/v2\/types\/product"}],"wp:featuredmedia":[{"embeddable":true,"href":"https:\/\/sea-sa.com.mx\/site\/wp-json\/wp\/v2\/media\/15184"}],"wp:attachment":[{"href":"https:\/\/sea-sa.com.mx\/site\/wp-json\/wp\/v2\/media?parent=15182"}],"wp:term":[{"taxonomy":"product_brand","embeddable":true,"href":"https:\/\/sea-sa.com.mx\/site\/wp-json\/wp\/v2\/product_brand?post=15182"},{"taxonomy":"product_cat","embeddable":true,"href":"https:\/\/sea-sa.com.mx\/site\/wp-json\/wp\/v2\/product_cat?post=15182"},{"taxonomy":"product_tag","embeddable":true,"href":"https:\/\/sea-sa.com.mx\/site\/wp-json\/wp\/v2\/product_tag?post=15182"}],"curies":[{"name":"wp","href":"https:\/\/api.w.org\/{rel}","templated":true}]}}