{"id":14860,"date":"2025-04-06T18:39:14","date_gmt":"2025-04-06T18:39:14","guid":{"rendered":"https:\/\/sea-sa.com.mx\/site\/?post_type=product&#038;p=14860"},"modified":"2025-04-06T19:34:03","modified_gmt":"2025-04-06T19:34:03","slug":"biseladora-portatil-sma-40-ber","status":"publish","type":"product","link":"https:\/\/sea-sa.com.mx\/site\/producto\/biseladora-portatil-sma-40-ber\/","title":{"rendered":"Biseladora port\u00e1til SMA 40 BER"},"content":{"rendered":"<h3 class=\"\" data-start=\"482\" data-end=\"518\"><strong data-start=\"486\" data-end=\"516\">\u00a1NUEVA! Tecnolog\u00eda BOOSTER<\/strong><\/h3>\n<p class=\"\" data-start=\"519\" data-end=\"669\">Aumenta la productividad entre un 30 % y 80 % gracias a una mayor remoci\u00f3n de material, al mismo tiempo que reduce significativamente las vibraciones.<\/p>\n<p class=\"\" data-start=\"671\" data-end=\"853\"><strong data-start=\"671\" data-end=\"692\">Menos vibraciones<\/strong><br data-start=\"692\" data-end=\"695\">Mayor vida \u00fatil de la m\u00e1quina y de las plaquitas intercambiables, reduciendo el costo por metro lineal trabajado y mejorando las condiciones para el operador.<\/p>\n<hr class=\"\" data-start=\"855\" data-end=\"858\">\n<h3 class=\"\" data-start=\"860\" data-end=\"891\"><strong data-start=\"864\" data-end=\"889\">Tecnolog\u00eda Spring 2.0<\/strong><\/h3>\n<p class=\"\" data-start=\"892\" data-end=\"1083\">Mayor funcionalidad y seguridad al trabajar. Facilita el posicionamiento sobre la pieza, requiere mucho menos mantenimiento y mejora significativamente la experiencia de uso para el operario.<\/p>\n<hr class=\"\" data-start=\"1085\" data-end=\"1088\">\n<h3 class=\"\" data-start=\"1090\" data-end=\"1129\"><strong data-start=\"1094\" data-end=\"1127\">\u00a1NUEVA! Empu\u00f1adura ergon\u00f3mica<\/strong><\/h3>\n<p class=\"\" data-start=\"1130\" data-end=\"1193\">Fabricada en pl\u00e1stico, dise\u00f1ada para mayor comodidad y control.<\/p>\n<p class=\"\" data-start=\"1195\" data-end=\"1335\"><strong data-start=\"1195\" data-end=\"1218\">Paquete electr\u00f3nico<\/strong><br data-start=\"1218\" data-end=\"1221\">Incluye control de velocidad, paro el\u00e9ctrico de seguridad, protecci\u00f3n contra reinicio accidental y arranque suave.<\/p>\n<hr class=\"\" data-start=\"1337\" data-end=\"1340\">\n<h3 class=\"\" data-start=\"1342\" data-end=\"1403\"><strong data-start=\"1346\" data-end=\"1401\">Sistema de cambio r\u00e1pido del cabezal de fresado 2.0<\/strong><\/h3>\n<p class=\"\" data-start=\"1404\" data-end=\"1561\">Con transmisi\u00f3n de torque, permite cambiar f\u00e1cilmente entre cabezales est\u00e1ndar y cabezales de alto rendimiento, haciendo el trabajo m\u00e1s eficiente y vers\u00e1til.<\/p>\n<hr class=\"\" data-start=\"1563\" data-end=\"1566\">\n<h3 class=\"\" data-start=\"1568\" data-end=\"1596\"><strong data-start=\"1572\" data-end=\"1594\">\u00c1rea de aplicaci\u00f3n<\/strong><\/h3>\n<p class=\"\" data-start=\"1597\" data-end=\"2089\">Ideal para el biselado de bordes medianos y grandes, con un ancho de bisel de hasta 16 mm en superficies rectas y contornos para preparaci\u00f3n de soldadura. Procesamiento de radios entre 1.2 y 8 mm, \u00fatil para preparaci\u00f3n de pintura, recubrimientos o para reducir el efecto de muesca en piezas sometidas a cargas din\u00e1micas. Adecuada tambi\u00e9n para bordes funcionales y \u00f3pticos. El control de velocidad permite trabajar distintos materiales: acero, acero inoxidable, metales no ferrosos, pl\u00e1sticos.<\/p>\n<hr class=\"\" data-start=\"2091\" data-end=\"2094\">\n<h3 class=\"\" data-start=\"2096\" data-end=\"2116\"><strong data-start=\"2100\" data-end=\"2114\">Industrias<\/strong><\/h3>\n<p class=\"\" data-start=\"2117\" data-end=\"2344\">Ingenier\u00eda mec\u00e1nica, construcci\u00f3n de acero, construcci\u00f3n de puentes, construcci\u00f3n naval, fabricaci\u00f3n de gr\u00faas, equipos industriales, construcci\u00f3n de contenedores, ferrocarriles, manufactura industrial, y servicios de maquinado.<\/p>\n<hr class=\"\" data-start=\"2346\" data-end=\"2349\">\n<h3 class=\"\" data-start=\"2351\" data-end=\"2406\"><strong data-start=\"2355\" data-end=\"2406\">Especificaciones t\u00e9cnicas \u2013 SMA 40 BER-13\/23.G1<\/strong><\/h3>\n<div class=\"overflow-x-auto contain-inline-size\">\n<table data-start=\"2408\" data-end=\"3101\">\n<thead data-start=\"2408\" data-end=\"2471\">\n<tr data-start=\"2408\" data-end=\"2471\">\n<th data-start=\"2408\" data-end=\"2437\">Caracter\u00edstica<\/th>\n<th data-start=\"2437\" data-end=\"2471\">Valor<\/th>\n<\/tr>\n<\/thead>\n<tbody data-start=\"2535\" data-end=\"3101\">\n<tr data-start=\"2535\" data-end=\"2597\">\n<td>Rango de ajuste (a)<\/td>\n<td>15 mm<\/td>\n<\/tr>\n<tr data-start=\"2598\" data-end=\"2660\">\n<td>Ancho de bisel (C)<\/td>\n<td>hasta 16 mm<\/td>\n<\/tr>\n<tr data-start=\"2661\" data-end=\"2723\">\n<td>\u00c1ngulo de biselado (\u03b1)<\/td>\n<td>0\u00b0 \u2013 80\u00b0<\/td>\n<\/tr>\n<tr data-start=\"2724\" data-end=\"2786\">\n<td>Radio (r)<\/td>\n<td>1.2 \u2013 8 mm<\/td>\n<\/tr>\n<tr data-start=\"2787\" data-end=\"2849\">\n<td>Sistema de inserci\u00f3n (Z)<\/td>\n<td>3&#215;2 plaquitas intercambiables<\/td>\n<\/tr>\n<tr data-start=\"2850\" data-end=\"2912\">\n<td>Potencia (P)<\/td>\n<td>1,750 W<\/td>\n<\/tr>\n<tr data-start=\"2913\" data-end=\"2975\">\n<td>Velocidad (n)<\/td>\n<td>2,000 \u2013 7,600 rpm<\/td>\n<\/tr>\n<tr data-start=\"2976\" data-end=\"3038\">\n<td>Peso (G)<\/td>\n<td>aprox. 6.6 kg<\/td>\n<\/tr>\n<tr data-start=\"3039\" data-end=\"3101\">\n<td>Voltaje (V)<\/td>\n<td>110 V \/ 230 V<\/td>\n<\/tr>\n<\/tbody>\n<\/table>\n<\/div>\n","protected":false},"excerpt":{"rendered":"<p>Equipo port\u00e1til SMA 40, parte de la nueva generaci\u00f3n de biseladoras port\u00e1tiles con tecnolog\u00eda BOOSTER y SPRING de GERIMA.<\/p>\n[fusion_button link=\"https:\/\/sea-sa.com.mx\/site\/contacto-empresa-soldadura-equipos-antorchas\/?interes=Biseladora Gerima SMA 40\" text_transform=\"\" title=\"Cont\u00e1ctanos para asesorarte\" target=\"_self\" link_attributes=\"\" alignment=\"center\" modal=\"\" hide_on_mobile=\"small-visibility,medium-visibility,large-visibility\" class=\"\" id=\"\" color=\"custom\" button_gradient_top_color=\"#ba0000\" button_gradient_bottom_color=\"#a50000\" button_gradient_top_color_hover=\"#a50000\" button_gradient_bottom_color_hover=\"#ba0000\" accent_color=\"#ffffff\" accent_hover_color=\"#eaeaea\" type=\"\" bevel_color=\"\" border_width=\"\" size=\"large\" stretch=\"default\" shape=\"pill\" icon=\"fa-info-circle fas\" icon_position=\"left\" icon_divider=\"yes\" animation_type=\"\" animation_direction=\"left\" animation_speed=\"0.3\" animation_offset=\"\"]SOLICITAR INFORMACI\u00d3N[\/fusion_button]\n<p>&nbsp;<\/p>\n<p><img loading=\"lazy\" decoding=\"async\" class=\"wp-image-14858 size-full aligncenter\" src=\"https:\/\/sea-sa.com.mx\/site\/wp-content\/uploads\/2025\/04\/gerima-biseladoras-mexico-sea-industria.webp\" alt=\"gerima biseladoras mexico sea industria\" width=\"196\" height=\"64\"><\/p>\n","protected":false},"featured_media":14861,"template":"","meta":{"ngg_post_thumbnail":0},"product_brand":[],"product_cat":[93],"product_tag":[],"class_list":{"0":"post-14860","1":"product","2":"type-product","3":"status-publish","4":"has-post-thumbnail","6":"product_cat-biseladoras-gerima-en-mexico","7":"product-grid-view","9":"first","10":"instock","11":"shipping-taxable","12":"product-type-simple"},"aioseo_notices":[],"_links":{"self":[{"href":"https:\/\/sea-sa.com.mx\/site\/wp-json\/wp\/v2\/product\/14860","targetHints":{"allow":["GET"]}}],"collection":[{"href":"https:\/\/sea-sa.com.mx\/site\/wp-json\/wp\/v2\/product"}],"about":[{"href":"https:\/\/sea-sa.com.mx\/site\/wp-json\/wp\/v2\/types\/product"}],"wp:featuredmedia":[{"embeddable":true,"href":"https:\/\/sea-sa.com.mx\/site\/wp-json\/wp\/v2\/media\/14861"}],"wp:attachment":[{"href":"https:\/\/sea-sa.com.mx\/site\/wp-json\/wp\/v2\/media?parent=14860"}],"wp:term":[{"taxonomy":"product_brand","embeddable":true,"href":"https:\/\/sea-sa.com.mx\/site\/wp-json\/wp\/v2\/product_brand?post=14860"},{"taxonomy":"product_cat","embeddable":true,"href":"https:\/\/sea-sa.com.mx\/site\/wp-json\/wp\/v2\/product_cat?post=14860"},{"taxonomy":"product_tag","embeddable":true,"href":"https:\/\/sea-sa.com.mx\/site\/wp-json\/wp\/v2\/product_tag?post=14860"}],"curies":[{"name":"wp","href":"https:\/\/api.w.org\/{rel}","templated":true}]}}