{"id":14836,"date":"2025-04-04T19:57:38","date_gmt":"2025-04-04T19:57:38","guid":{"rendered":"https:\/\/sea-sa.com.mx\/site\/?post_type=product&#038;p=14836"},"modified":"2025-04-06T18:34:56","modified_gmt":"2025-04-06T18:34:56","slug":"biseladora-portatil-sma-30-ber-mexico","status":"publish","type":"product","link":"https:\/\/sea-sa.com.mx\/site\/producto\/biseladora-portatil-sma-30-ber-mexico\/","title":{"rendered":"Biseladora port\u00e1til SMA 30 BER"},"content":{"rendered":"<h3 class=\"\" data-start=\"472\" data-end=\"508\"><strong data-start=\"476\" data-end=\"506\">\u00a1NUEVA! Tecnolog\u00eda BOOSTER<\/strong><\/h3>\n<p class=\"\" data-start=\"509\" data-end=\"648\">Aumenta la productividad entre un 30 % y 80 % gracias a una mayor remoci\u00f3n de material, mientras reduce significativamente las vibraciones.<\/p>\n<p class=\"\" data-start=\"650\" data-end=\"831\"><strong data-start=\"650\" data-end=\"671\">Menos vibraciones<\/strong><br data-start=\"671\" data-end=\"674\">Mayor vida \u00fatil de la m\u00e1quina y de las plaquitas intercambiables, lo que reduce el costo por metro trabajado y mejora las condiciones laborales del operador.<\/p>\n<p data-start=\"650\" data-end=\"831\">&nbsp;<\/p>\n<h3 class=\"\" data-start=\"838\" data-end=\"877\"><strong data-start=\"842\" data-end=\"875\">\u00a1NUEVA! Empu\u00f1adura ergon\u00f3mica<\/strong><\/h3>\n<p class=\"\" data-start=\"878\" data-end=\"921\">Fabricada en pl\u00e1stico para un mejor manejo.<\/p>\n<p class=\"\" data-start=\"923\" data-end=\"1083\"><strong data-start=\"923\" data-end=\"946\">Paquete electr\u00f3nico<\/strong><br data-start=\"946\" data-end=\"949\">Incluye control de velocidad, paro de seguridad el\u00e9ctrico, protecci\u00f3n contra reinicio, arranque suave y protecci\u00f3n contra sobrecargas.<\/p>\n<p data-start=\"923\" data-end=\"1083\">&nbsp;<\/p>\n<h3 class=\"\" data-start=\"1090\" data-end=\"1149\"><strong data-start=\"1094\" data-end=\"1147\">Sistema 2.0 de cambio r\u00e1pido del cabezal fresador<\/strong><\/h3>\n<p class=\"\" data-start=\"1150\" data-end=\"1298\">Con transmisi\u00f3n de torque, facilita el cambio entre cabezales est\u00e1ndar y cabezales de alto rendimiento. Hace que el trabajo sea mucho m\u00e1s eficiente.<\/p>\n<p data-start=\"1150\" data-end=\"1298\">&nbsp;<\/p>\n<h3 class=\"\" data-start=\"1305\" data-end=\"1333\"><strong data-start=\"1309\" data-end=\"1331\">\u00c1rea de aplicaci\u00f3n<\/strong><\/h3>\n<p class=\"\" data-start=\"1334\" data-end=\"1795\">Procesamiento de biseles peque\u00f1os y medianos de hasta 8 mm de ancho en bordes rectos y contornos para preparaci\u00f3n de soldadura. Procesado de radios de 1.2 a 6 mm para pintura, recubrimientos o para reducir el efecto de muesca en piezas sometidas a cargas din\u00e1micas elevadas. Tambi\u00e9n es ideal para bordes funcionales y \u00f3pticos. El control de velocidad integrado permite trabajar con distintos materiales (acero, acero inoxidable, metales no ferrosos, pl\u00e1sticos).<\/p>\n<p data-start=\"1334\" data-end=\"1795\">&nbsp;<\/p>\n<h3 class=\"\" data-start=\"1802\" data-end=\"1822\"><strong data-start=\"1806\" data-end=\"1820\">Industrias<\/strong><\/h3>\n<p class=\"\" data-start=\"1823\" data-end=\"2044\">Ingenier\u00eda mec\u00e1nica, construcci\u00f3n de acero, construcci\u00f3n de puentes, construcci\u00f3n naval, industria de gr\u00faas, fabricaci\u00f3n de maquinaria, construcci\u00f3n de contenedores, vagones, manufactura de piezas, servicios de maquinado.<\/p>\n<p data-start=\"1823\" data-end=\"2044\">&nbsp;<\/p>\n<h3 class=\"\" data-start=\"2051\" data-end=\"2106\"><strong data-start=\"2055\" data-end=\"2106\">Especificaciones t\u00e9cnicas \u2013 SMA 30 BER-14\/24.G1<\/strong><\/h3>\n<div class=\"overflow-x-auto contain-inline-size\">\n<table data-start=\"2108\" data-end=\"2777\">\n<thead data-start=\"2108\" data-end=\"2168\">\n<tr data-start=\"2108\" data-end=\"2168\">\n<th data-start=\"2108\" data-end=\"2136\">Caracter\u00edstica<\/th>\n<th data-start=\"2136\" data-end=\"2168\">Valor<\/th>\n<\/tr>\n<\/thead>\n<tbody data-start=\"2229\" data-end=\"2777\">\n<tr data-start=\"2229\" data-end=\"2289\">\n<td>Rango de ajuste (a)<\/td>\n<td>7.5 mm<\/td>\n<\/tr>\n<tr data-start=\"2290\" data-end=\"2350\">\n<td>Ancho del bisel (C)<\/td>\n<td>hasta 8 mm<\/td>\n<\/tr>\n<tr data-start=\"2351\" data-end=\"2411\">\n<td>\u00c1ngulo de biselado (\u03b1)<\/td>\n<td>30\u00b0 \/ 45\u00b0 \/ 60\u00b0<\/td>\n<\/tr>\n<tr data-start=\"2412\" data-end=\"2472\">\n<td>Radio (r)<\/td>\n<td>1.2\u20136 mm<\/td>\n<\/tr>\n<tr data-start=\"2473\" data-end=\"2533\">\n<td>Sistema de inserci\u00f3n (Z)<\/td>\n<td>3 plaquitas intercambiables<\/td>\n<\/tr>\n<tr data-start=\"2534\" data-end=\"2594\">\n<td>Potencia (P)<\/td>\n<td>1,500 W<\/td>\n<\/tr>\n<tr data-start=\"2595\" data-end=\"2655\">\n<td>Velocidad (v)<\/td>\n<td>2,500\u20137,900 rpm<\/td>\n<\/tr>\n<tr data-start=\"2656\" data-end=\"2716\">\n<td>Peso (G)<\/td>\n<td>aprox. 5.0 kg<\/td>\n<\/tr>\n<tr data-start=\"2717\" data-end=\"2777\">\n<td>Voltaje (V)<\/td>\n<td>110 V \/ 230 V<\/td>\n<\/tr>\n<\/tbody>\n<\/table>\n<\/div>\n","protected":false},"excerpt":{"rendered":"<p>Equipo port\u00e1til SMA 30, parte de la nueva generaci\u00f3n de biseladoras port\u00e1tiles con tecnolog\u00eda BOOSTER de GERIMA.<\/p>\n[fusion_button link=\"https:\/\/sea-sa.com.mx\/site\/contacto-empresa-soldadura-equipos-antorchas\/?interes=Biseladora Gerima SMA 30\" text_transform=\"\" title=\"Cont\u00e1ctanos para asesorarte\" target=\"_self\" link_attributes=\"\" alignment=\"center\" modal=\"\" hide_on_mobile=\"small-visibility,medium-visibility,large-visibility\" class=\"\" id=\"\" color=\"custom\" button_gradient_top_color=\"#ba0000\" button_gradient_bottom_color=\"#a50000\" button_gradient_top_color_hover=\"#a50000\" button_gradient_bottom_color_hover=\"#ba0000\" accent_color=\"#ffffff\" accent_hover_color=\"#eaeaea\" type=\"\" bevel_color=\"\" border_width=\"\" size=\"large\" stretch=\"default\" shape=\"pill\" icon=\"fa-info-circle fas\" icon_position=\"left\" icon_divider=\"yes\" animation_type=\"\" animation_direction=\"left\" animation_speed=\"0.3\" animation_offset=\"\"]SOLICITAR INFORMACI\u00d3N[\/fusion_button]\n<p>&nbsp;<\/p>\n<p><img loading=\"lazy\" decoding=\"async\" class=\"wp-image-14858 size-full aligncenter\" src=\"https:\/\/sea-sa.com.mx\/site\/wp-content\/uploads\/2025\/04\/gerima-biseladoras-mexico-sea-industria.webp\" alt=\"gerima biseladoras mexico sea industria\" width=\"196\" height=\"64\"><\/p>\n","protected":false},"featured_media":14841,"template":"","meta":{"ngg_post_thumbnail":0},"product_brand":[],"product_cat":[93],"product_tag":[],"class_list":{"0":"post-14836","1":"product","2":"type-product","3":"status-publish","4":"has-post-thumbnail","6":"product_cat-biseladoras-gerima-en-mexico","7":"product-grid-view","9":"first","10":"instock","11":"shipping-taxable","12":"product-type-simple"},"aioseo_notices":[],"_links":{"self":[{"href":"https:\/\/sea-sa.com.mx\/site\/wp-json\/wp\/v2\/product\/14836","targetHints":{"allow":["GET"]}}],"collection":[{"href":"https:\/\/sea-sa.com.mx\/site\/wp-json\/wp\/v2\/product"}],"about":[{"href":"https:\/\/sea-sa.com.mx\/site\/wp-json\/wp\/v2\/types\/product"}],"wp:featuredmedia":[{"embeddable":true,"href":"https:\/\/sea-sa.com.mx\/site\/wp-json\/wp\/v2\/media\/14841"}],"wp:attachment":[{"href":"https:\/\/sea-sa.com.mx\/site\/wp-json\/wp\/v2\/media?parent=14836"}],"wp:term":[{"taxonomy":"product_brand","embeddable":true,"href":"https:\/\/sea-sa.com.mx\/site\/wp-json\/wp\/v2\/product_brand?post=14836"},{"taxonomy":"product_cat","embeddable":true,"href":"https:\/\/sea-sa.com.mx\/site\/wp-json\/wp\/v2\/product_cat?post=14836"},{"taxonomy":"product_tag","embeddable":true,"href":"https:\/\/sea-sa.com.mx\/site\/wp-json\/wp\/v2\/product_tag?post=14836"}],"curies":[{"name":"wp","href":"https:\/\/api.w.org\/{rel}","templated":true}]}}