{"id":14341,"date":"2025-01-10T20:12:03","date_gmt":"2025-01-10T20:12:03","guid":{"rendered":"https:\/\/sea-sa.com.mx\/site\/?post_type=product&#038;p=14341"},"modified":"2025-01-10T20:51:37","modified_gmt":"2025-01-10T20:51:37","slug":"maxifil-clean-kemper-extractor-humos","status":"publish","type":"product","link":"https:\/\/sea-sa.com.mx\/site\/producto\/maxifil-clean-kemper-extractor-humos\/","title":{"rendered":"MaxiFil Clean &#8211; Kemper"},"content":{"rendered":"<p><strong>APLICACIONES<\/strong><\/p>\n<ul>\n<li>Tambi\u00e9n apto para acero al cromo-n\u00edquel<\/li>\n<li>Cantidades grandes de humo\/polvo<\/li>\n<li>Uso continuo<\/li>\n<\/ul>\n<p><strong>VENTAJAS<\/strong><\/p>\n<ul>\n<li>Funcionamiento seguro debido al reconocimiento del sentido de giro<\/li>\n<li>Movimiento menos frecuente del brazo gracias al dise\u00f1o optimizado de la campana<\/li>\n<li>Mayor seguridad gracias al control de filtros<\/li>\n<li>Alta rentabilidad gracias a la gran capacidad y larga vida \u00fatil del filtro<\/li>\n<\/ul>\n<p><strong>CARACTER\u00cdSTICAS<\/strong><\/p>\n<ul>\n<li>Limpieza autom\u00e1tica del filtro<\/li>\n<li>Brazo de aspiraci\u00f3n de hasta 4&nbsp;m<\/li>\n<li>Marcha-paro autom\u00e1tico (opcional)<\/li>\n<li>Iluminaci\u00f3n del \u00e1rea de trabajo (opcional)<\/li>\n<li>Filtro de limpieza<\/li>\n<li>Campana de aspiraci\u00f3n giratoria<\/li>\n<li>F\u00e1cil de usar: Manejo intuitivo &amp; ergon\u00f3mico con un bot\u00f3n<\/li>\n<li>Eliminaci\u00f3n de los humos de soldadura en bolsas desechables<\/li>\n<li>Preseparador de chispas fabricado en malla de aluminio<\/li>\n<\/ul>\n<p><strong>EQUIPAMIENTO ADICIONAL<\/strong><\/p>\n<ul>\n<li>Marcha-paro autom\u00e1tico<\/li>\n<li>Iluminaci\u00f3n, incluye ON \/ OFF en la campana\n<div class=\"row\">\n<div class=\"row\">\n<div id=\"productdetailtabs\" class=\"col-xs-12\">\n<div class=\"tab-content\">\n<div id=\"tab-RelSupplemetaryCombined\" class=\"tab-pane active\">\n<div class=\"row generic\">&nbsp;<\/div>\n<\/div>\n<\/div>\n<\/div>\n<\/div>\n<\/div>\n<\/li>\n<\/ul>\n","protected":false},"excerpt":{"rendered":"<p>MaxiFil Clean dispone de un filtro autolimpiante en combinaci\u00f3n con una descarga de polvo libre de contaminaci\u00f3n. Con su alta movilidad y un radio de acci\u00f3n de 360 grados, es ideal para su uso continuo. Este c\u00f3modo sistema de filtraci\u00f3n funciona sin problemas en aplicaciones con grandes cantidades de humo y polvo.<\/p>\n[fusion_button link=\"https:\/\/sea-sa.com.mx\/site\/contacto-empresa-soldadura-equipos-antorchas\/?interes=MaxiFil Kemper\" text_transform=\"\" title=\"Cont\u00e1ctanos para asesorarte\" target=\"_self\" link_attributes=\"\" alignment=\"center\" modal=\"\" hide_on_mobile=\"small-visibility,medium-visibility,large-visibility\" class=\"\" id=\"\" color=\"custom\" button_gradient_top_color=\"#ba0000\" button_gradient_bottom_color=\"#a50000\" button_gradient_top_color_hover=\"#a50000\" button_gradient_bottom_color_hover=\"#ba0000\" accent_color=\"#ffffff\" accent_hover_color=\"#eaeaea\" type=\"\" bevel_color=\"\" border_width=\"\" size=\"large\" stretch=\"default\" shape=\"pill\" icon=\"fa-info-circle fas\" icon_position=\"left\" icon_divider=\"yes\" animation_type=\"\" animation_direction=\"left\" animation_speed=\"0.3\" animation_offset=\"\"]SOLICITAR INFORMACI\u00d3N[\/fusion_button]\n<p>&nbsp;<\/p>\n","protected":false},"featured_media":14343,"template":"","meta":{"ngg_post_thumbnail":0},"product_brand":[],"product_cat":[55],"product_tag":[],"class_list":{"0":"post-14341","1":"product","2":"type-product","3":"status-publish","4":"has-post-thumbnail","6":"product_cat-unidad-movil-extractor-humo-mexico-soldadura-antorchas","7":"product-grid-view","9":"first","10":"instock","11":"shipping-taxable","12":"product-type-simple"},"aioseo_notices":[],"_links":{"self":[{"href":"https:\/\/sea-sa.com.mx\/site\/wp-json\/wp\/v2\/product\/14341","targetHints":{"allow":["GET"]}}],"collection":[{"href":"https:\/\/sea-sa.com.mx\/site\/wp-json\/wp\/v2\/product"}],"about":[{"href":"https:\/\/sea-sa.com.mx\/site\/wp-json\/wp\/v2\/types\/product"}],"wp:featuredmedia":[{"embeddable":true,"href":"https:\/\/sea-sa.com.mx\/site\/wp-json\/wp\/v2\/media\/14343"}],"wp:attachment":[{"href":"https:\/\/sea-sa.com.mx\/site\/wp-json\/wp\/v2\/media?parent=14341"}],"wp:term":[{"taxonomy":"product_brand","embeddable":true,"href":"https:\/\/sea-sa.com.mx\/site\/wp-json\/wp\/v2\/product_brand?post=14341"},{"taxonomy":"product_cat","embeddable":true,"href":"https:\/\/sea-sa.com.mx\/site\/wp-json\/wp\/v2\/product_cat?post=14341"},{"taxonomy":"product_tag","embeddable":true,"href":"https:\/\/sea-sa.com.mx\/site\/wp-json\/wp\/v2\/product_tag?post=14341"}],"curies":[{"name":"wp","href":"https:\/\/api.w.org\/{rel}","templated":true}]}}