{"id":14332,"date":"2025-01-09T22:56:45","date_gmt":"2025-01-09T22:56:45","guid":{"rendered":"https:\/\/sea-sa.com.mx\/site\/?post_type=product&#038;p=14332"},"modified":"2025-10-30T16:42:42","modified_gmt":"2025-10-30T16:42:42","slug":"smartfil-kemper-mexico-monterrey","status":"publish","type":"product","link":"https:\/\/sea-sa.com.mx\/site\/producto\/smartfil-kemper-mexico-monterrey\/","title":{"rendered":"SmartFil &#8211; Kemper"},"content":{"rendered":"<p><strong>APLICACIONES<\/strong><\/p>\n<ul>\n<li>Tambi\u00e9n apto para acero al cromo-n\u00edquel<\/li>\n<li>Cantidades moderadas de humo\/polvo<\/li>\n<li>Uso frecuente<\/li>\n<li>Puestos de trabajo variables<\/li>\n<\/ul>\n<p><strong>VENTAJAS<\/strong><\/p>\n<ul>\n<li>Movimiento menos frecuente del brazo gracias al dise\u00f1o optimizado de la campana<\/li>\n<li>Mayor seguridad gracias al control de filtros<\/li>\n<li>Mayor seguridad gracias al cambio de filtro libre de contaminaci\u00f3n<\/li>\n<li>Alta rentabilidad gracias a la gran capacidad y larga vida \u00fatil del filtro<\/li>\n<\/ul>\n<p><strong>CARACTER\u00cdSTICAS<\/strong><\/p>\n<ul>\n<li>Campana giratoria a 360\u00b0 con v\u00e1lvula reguladora<\/li>\n<li>25m\u00b2 superficie de filtraci\u00f3n<\/li>\n<li>Dise\u00f1o compacto y robusto<\/li>\n<li>Con certificaci\u00f3n W3\/IFA<\/li>\n<li>Marcha-paro autom\u00e1tico (opcional)<\/li>\n<li>Iluminaci\u00f3n del \u00e1rea de trabajo (opcional)<\/li>\n<li>Brazo de extracci\u00f3n 3 m<\/li>\n<\/ul>\n<p><strong>EQUIPAMIENTO ADICIONAL<\/strong><\/p>\n<ul>\n<li>Marcha-paro autom\u00e1tico<\/li>\n<li>Iluminaci\u00f3n, incluye ON \/ OFF en la campana\n<div class=\"row\">\n<div class=\"row\">\n<div id=\"productdetailtabs\" class=\"col-xs-12\">\n<div class=\"tab-content\">\n<div id=\"tab-RelSupplemetaryCombined\" class=\"tab-pane active\">\n<div class=\"row generic\">&nbsp;<\/div>\n<\/div>\n<\/div>\n<\/div>\n<\/div>\n<\/div>\n<\/li>\n<\/ul>\n","protected":false},"excerpt":{"rendered":"<p>SmartFil es una unidad m\u00f3vil de filtrado de humos de soldadura, para uso regular en la soldadura con cantidades medianas de humos y polvo. El filtro de un solo uso de la unidad de extracci\u00f3n tiene una superficie filtrante especialmente grande de 25 m\u00b2 y se cambia completamente libre de contaminaci\u00f3n cuando est\u00e1 saturado. SmartFil protege eficazmente al usuario de los humos de la soldadura y es especialmente econ\u00f3mico gracias a su larga vida \u00fatil.<\/p>\n[fusion_button link=\"https:\/\/sea-sa.com.mx\/site\/contacto-empresa-soldadura-equipos-antorchas\/?interes=SmartFil Kemper\" text_transform=\"\" title=\"Cont\u00e1ctanos para asesorarte\" target=\"_self\" link_attributes=\"\" alignment=\"center\" modal=\"\" hide_on_mobile=\"small-visibility,medium-visibility,large-visibility\" class=\"\" id=\"\" color=\"custom\" button_gradient_top_color=\"#ba0000\" button_gradient_bottom_color=\"#a50000\" button_gradient_top_color_hover=\"#a50000\" button_gradient_bottom_color_hover=\"#ba0000\" accent_color=\"#ffffff\" accent_hover_color=\"#eaeaea\" type=\"\" bevel_color=\"\" border_width=\"\" size=\"large\" stretch=\"default\" shape=\"pill\" icon=\"fa-info-circle fas\" icon_position=\"left\" icon_divider=\"yes\" animation_type=\"\" animation_direction=\"left\" animation_speed=\"0.3\" animation_offset=\"\"]SOLICITAR INFORMACI\u00d3N[\/fusion_button]\n<p>&nbsp;<\/p>\n","protected":false},"featured_media":14333,"template":"","meta":{"ngg_post_thumbnail":0},"product_brand":[],"product_cat":[55],"product_tag":[],"class_list":{"0":"post-14332","1":"product","2":"type-product","3":"status-publish","4":"has-post-thumbnail","6":"product_cat-unidad-movil-extractor-humo-mexico-soldadura-antorchas","7":"product-grid-view","9":"first","10":"instock","11":"shipping-taxable","12":"product-type-simple"},"aioseo_notices":[],"_links":{"self":[{"href":"https:\/\/sea-sa.com.mx\/site\/wp-json\/wp\/v2\/product\/14332","targetHints":{"allow":["GET"]}}],"collection":[{"href":"https:\/\/sea-sa.com.mx\/site\/wp-json\/wp\/v2\/product"}],"about":[{"href":"https:\/\/sea-sa.com.mx\/site\/wp-json\/wp\/v2\/types\/product"}],"wp:featuredmedia":[{"embeddable":true,"href":"https:\/\/sea-sa.com.mx\/site\/wp-json\/wp\/v2\/media\/14333"}],"wp:attachment":[{"href":"https:\/\/sea-sa.com.mx\/site\/wp-json\/wp\/v2\/media?parent=14332"}],"wp:term":[{"taxonomy":"product_brand","embeddable":true,"href":"https:\/\/sea-sa.com.mx\/site\/wp-json\/wp\/v2\/product_brand?post=14332"},{"taxonomy":"product_cat","embeddable":true,"href":"https:\/\/sea-sa.com.mx\/site\/wp-json\/wp\/v2\/product_cat?post=14332"},{"taxonomy":"product_tag","embeddable":true,"href":"https:\/\/sea-sa.com.mx\/site\/wp-json\/wp\/v2\/product_tag?post=14332"}],"curies":[{"name":"wp","href":"https:\/\/api.w.org\/{rel}","templated":true}]}}