{"id":14086,"date":"2024-12-05T18:26:16","date_gmt":"2024-12-05T18:26:16","guid":{"rendered":"https:\/\/sea-sa.com.mx\/site\/?post_type=product&#038;p=14086"},"modified":"2024-12-05T22:41:58","modified_gmt":"2024-12-05T22:41:58","slug":"maquina-corte-biselado-en-frio-dlw-dwt","status":"publish","type":"product","link":"https:\/\/sea-sa.com.mx\/site\/producto\/maquina-corte-biselado-en-frio-dlw-dwt\/","title":{"rendered":"M\u00e1quina corte y biselado en frio DLW"},"content":{"rendered":"<p>La m\u00e1quina de corte y biselar en fr\u00edo DLW ha sido desarrollada en cooperaci\u00f3n con la industria marina europea. Esta destacada m\u00e1quina de corte en fr\u00edo cuenta con una alta tasa de remoci\u00f3n de metal, un amplio rango de ajuste y un ajuste f\u00e1cil. El equipo de corte en fr\u00edo port\u00e1til para tubos evita cualquier zona afectada por calor (haz; heat affected zone) y fue dise\u00f1ada especialmente para corte en fr\u00edo de tubos de acero en aplicaciones para trabajo pesado en sitio y fuera del sitio. La alta velocidad de trabajo y la preparaci\u00f3n para uso r\u00e1pida permite la fabricaci\u00f3n econ\u00f3mica de estas m\u00e1quinas.<\/p>\n<p>&nbsp;<\/p>\n<h3>Resumen del producto<\/h3>\n<table border=\"1\" cellspacing=\"0\" cellpadding=\"5\">\n<thead>\n<tr>\n<th>Tipo<\/th>\n<th>Tubo OD<\/th>\n<th>M\u00e1x. Espesor de la pared<\/th>\n<th>Peso<\/th>\n<\/tr>\n<\/thead>\n<tbody>\n<tr>\n<td>DLW 2-6<\/td>\n<td>60,6 &#8211; 168,3 mm<\/td>\n<td>80 mm<\/td>\n<td>23 kg<\/td>\n<\/tr>\n<tr>\n<td>DLW 4-8<\/td>\n<td>88,9 &#8211; 219,1 mm<\/td>\n<td>80 mm<\/td>\n<td>27 kg<\/td>\n<\/tr>\n<tr>\n<td>DLW 5-10<\/td>\n<td>114,3 &#8211; 273,1 mm<\/td>\n<td>80 mm<\/td>\n<td>30 kg<\/td>\n<\/tr>\n<tr>\n<td>DLW 6-12<\/td>\n<td>141,3 &#8211; 323,9 mm<\/td>\n<td>80 mm<\/td>\n<td>34 kg<\/td>\n<\/tr>\n<tr>\n<td>DLW 8-14<\/td>\n<td>193,7 &#8211; 355,6 mm<\/td>\n<td>80 mm<\/td>\n<td>38 kg<\/td>\n<\/tr>\n<tr>\n<td>DLW 10-16<\/td>\n<td>244,5 &#8211; 406,4 mm<\/td>\n<td>80 mm<\/td>\n<td>42 kg<\/td>\n<\/tr>\n<tr>\n<td>DLW 12-18<\/td>\n<td>298,5 &#8211; 457 mm<\/td>\n<td>80 mm<\/td>\n<td>45 kg<\/td>\n<\/tr>\n<tr>\n<td>DLW 14-20<\/td>\n<td>330,2 &#8211; 508 mm<\/td>\n<td>80 mm<\/td>\n<td>50 kg<\/td>\n<\/tr>\n<tr>\n<td>DLW 18-24<\/td>\n<td>431,8 &#8211; 610 mm<\/td>\n<td>80 mm<\/td>\n<td>60 kg<\/td>\n<\/tr>\n<tr>\n<td>DLW 24-30<\/td>\n<td>584,6 &#8211; 762 mm<\/td>\n<td>80 mm<\/td>\n<td>83 kg<\/td>\n<\/tr>\n<tr>\n<td>DLW 30-36<\/td>\n<td>736,6 &#8211; 914,4 mm<\/td>\n<td>80 mm<\/td>\n<td>93 kg<\/td>\n<\/tr>\n<tr>\n<td>DLW 36-43<\/td>\n<td>889 &#8211; 1092,2 mm<\/td>\n<td>80 mm<\/td>\n<td>102 kg<\/td>\n<\/tr>\n<tr>\n<td>DLW 40-48<\/td>\n<td>990,6 &#8211; 1219,2 mm<\/td>\n<td>80 mm<\/td>\n<td>194 kg<\/td>\n<\/tr>\n<\/tbody>\n<\/table>\n<p>&nbsp;<\/p>\n<h3>Ventajas<\/h3>\n<ul>\n<li>Tecnolog\u00eda de marco divido. Para tubos de hasta 1219,2 mm de di\u00e1metro exterior y 80 mm de espesor de pared.<\/li>\n<li>Fabricado en Alemania. Desarrollado con conocimientos t\u00e9cnicos &#8220;in situ&#8221; y fabricado y montado en Alemania.<\/li>\n<li>Corte perfecto de tubos en fr\u00edo. La M\u00e1quina corte y biselado en frio DLW es vers\u00e1til en aplicaciones de maquinaria y puede realizar muchas operaciones.<br \/>\nEl corte de tuber\u00edas con este equipo proporciona la mejor soluci\u00f3n.<\/li>\n<li>Aleta de tibur\u00f3n. El escudo de protecci\u00f3n est\u00e1ndar aleta de &#8220;tibur\u00f3n&#8221; protege contra el aplastamiento y la intervenci\u00f3n involuntaria al operar la DLW.<\/li>\n<li>Mando a distancia. Mando a distancia disponible opcionalmente para ajustar el avance.<\/li>\n<li>Unidad de seguridad. Unidad de mantenimiento de seguridad disponible opcionalmente con parada de emergencia y pedal.<\/li>\n<\/ul>\n<p style=\"text-align: center;\"><iframe loading=\"lazy\" src=\"https:\/\/www.youtube.com\/embed\/SrqVcXr2EZQ?si=lHBahYqA8NIGuOMs\" width=\"560\" height=\"315\" frameborder=\"0\" allowfullscreen=\"allowfullscreen\"><span data-mce-type=\"bookmark\" style=\"display: inline-block; width: 0px; overflow: hidden; line-height: 0;\" class=\"mce_SELRES_start\">\ufeff<\/span><span data-mce-type=\"bookmark\" style=\"display: inline-block; width: 0px; overflow: hidden; line-height: 0;\" class=\"mce_SELRES_start\">\ufeff<\/span><\/iframe><\/p>\n","protected":false},"excerpt":{"rendered":"<p>La Biseladora para tuber\u00eda DLW est\u00e1 dise\u00f1ada para el corte, biselado y contrataladrado de tuber\u00edas, conductos para producci\u00f3n y reparaciones. Con un adaptador especial se pueden realizar preparaciones de bridas.<\/p>\n<p>\u00b7 \u00c1rea de uso hasta: 1219,2 mm<br \/>\n\u00b7 Espesor de la pared del tubo: m\u00e1x. 80 mm<br \/>\n\u00b7 Sin zona afectada por el calor (HAZ) con el corte en fr\u00edo<br \/>\n\u00b7 Sujeci\u00f3n y ajuste r\u00e1pidos y seguros<br \/>\n\u00b7 Tecnolog\u00eda de bastidor dividido para tubos de acero de pared gruesa sin fin<\/p>\n[fusion_button link=\"https:\/\/sea-sa.com.mx\/site\/contacto-empresa-soldadura-equipos-antorchas\/?interes=Biseladora&nbsp;en frio DLW\" text_transform=\"\" title=\"Cont\u00e1ctanos para asesorarte\" target=\"_self\" link_attributes=\"\" alignment=\"center\" modal=\"\" hide_on_mobile=\"small-visibility,medium-visibility,large-visibility\" class=\"\" id=\"\" color=\"custom\" button_gradient_top_color=\"#ba0000\" button_gradient_bottom_color=\"#a50000\" button_gradient_top_color_hover=\"#a50000\" button_gradient_bottom_color_hover=\"#ba0000\" accent_color=\"#ffffff\" accent_hover_color=\"#eaeaea\" type=\"\" bevel_color=\"\" border_width=\"\" size=\"large\" stretch=\"default\" shape=\"pill\" icon=\"fa-info-circle fas\" icon_position=\"left\" icon_divider=\"yes\" animation_type=\"\" animation_direction=\"left\" animation_speed=\"0.3\" animation_offset=\"\"]SOLICITAR INFORMACI\u00d3N[\/fusion_button]\n<p>&nbsp;<\/p>\n<p><img loading=\"lazy\" decoding=\"async\" class=\"size-full wp-image-11239 aligncenter\" src=\"https:\/\/sea-sa.com.mx\/site\/wp-content\/uploads\/2022\/11\/dwt-pipe-tools-made-in-germany-sea-3.png\" alt=\"dwt-pipe-tools-made-in-germany-sea-3\" width=\"196\" height=\"85\"><\/p>\n","protected":false},"featured_media":14087,"template":"","meta":{"ngg_post_thumbnail":0},"product_brand":[],"product_cat":[89],"product_tag":[],"class_list":{"0":"post-14086","1":"product","2":"type-product","3":"status-publish","4":"has-post-thumbnail","6":"product_cat-cortadoras-biseladoras-biselado-tubos-dwt","7":"product-grid-view","9":"first","10":"instock","11":"shipping-taxable","12":"product-type-simple"},"aioseo_notices":[],"_links":{"self":[{"href":"https:\/\/sea-sa.com.mx\/site\/wp-json\/wp\/v2\/product\/14086","targetHints":{"allow":["GET"]}}],"collection":[{"href":"https:\/\/sea-sa.com.mx\/site\/wp-json\/wp\/v2\/product"}],"about":[{"href":"https:\/\/sea-sa.com.mx\/site\/wp-json\/wp\/v2\/types\/product"}],"wp:featuredmedia":[{"embeddable":true,"href":"https:\/\/sea-sa.com.mx\/site\/wp-json\/wp\/v2\/media\/14087"}],"wp:attachment":[{"href":"https:\/\/sea-sa.com.mx\/site\/wp-json\/wp\/v2\/media?parent=14086"}],"wp:term":[{"taxonomy":"product_brand","embeddable":true,"href":"https:\/\/sea-sa.com.mx\/site\/wp-json\/wp\/v2\/product_brand?post=14086"},{"taxonomy":"product_cat","embeddable":true,"href":"https:\/\/sea-sa.com.mx\/site\/wp-json\/wp\/v2\/product_cat?post=14086"},{"taxonomy":"product_tag","embeddable":true,"href":"https:\/\/sea-sa.com.mx\/site\/wp-json\/wp\/v2\/product_tag?post=14086"}],"curies":[{"name":"wp","href":"https:\/\/api.w.org\/{rel}","templated":true}]}}