{"id":13068,"date":"2024-01-17T18:19:17","date_gmt":"2024-01-17T18:19:17","guid":{"rendered":"https:\/\/sea-sa.com.mx\/site\/?post_type=product&#038;p=13068"},"modified":"2024-01-18T16:28:13","modified_gmt":"2024-01-18T16:28:13","slug":"tbi-lux-7w","status":"publish","type":"product","link":"https:\/\/sea-sa.com.mx\/site\/producto\/tbi-lux-7w\/","title":{"rendered":"Antorcha MIG\/MAG TBi &#8211; 7W \/ T-Lux"},"content":{"rendered":"<p>Caracter\u00edsticas clave:<br \/>\n\u2022 Empu\u00f1adura o mango de antorcha moderno de 2 componentes.<br \/>\n\u2022&nbsp;R\u00f3tula con un rango de giro definido que evita mangueras trenzadas o retorcidas en el paquete de cables.<br \/>\n\u2022&nbsp;Se puede equipar con varios interruptores auxiliares o m\u00f3dulos de control remoto<br \/>\n\u2022&nbsp;Compatible con nuestros modelos de antorchas m\u00e1s potentes.<\/p>\n","protected":false},"excerpt":{"rendered":"<p>Antorcha de soldadura MIG MAG refrigerada por agua<\/p>\n<p>La empu\u00f1adura TBi T-Lux ha sido dise\u00f1ado con una ergonom\u00eda perfecta y un aspecto atractivo.<\/p>\n<ul>\n<li>Rendimiento (gas mixto): 450A (100%)<\/li>\n<li>Caudal de gas: 16 l\/min<\/li>\n<li>Di\u00e1metro del hilo: 1.0-1.6 mm<\/li>\n<\/ul>\n[fusion_button link=\"https:\/\/sea-sa.com.mx\/site\/contacto-empresa-soldadura-equipos-antorchas\/?interes=Antorcha 7w\" text_transform=\"\" title=\"Cont\u00e1ctanos para asesorarte\" target=\"_self\" link_attributes=\"\" alignment=\"center\" modal=\"\" hide_on_mobile=\"small-visibility,medium-visibility,large-visibility\" class=\"\" id=\"\" color=\"custom\" button_gradient_top_color=\"#ba0000\" button_gradient_bottom_color=\"#a50000\" button_gradient_top_color_hover=\"#a50000\" button_gradient_bottom_color_hover=\"#ba0000\" accent_color=\"#ffffff\" accent_hover_color=\"#eaeaea\" type=\"\" bevel_color=\"\" border_width=\"\" size=\"large\" stretch=\"default\" shape=\"pill\" icon=\"fa-info-circle fas\" icon_position=\"left\" icon_divider=\"yes\" animation_type=\"\" animation_direction=\"left\" animation_speed=\"0.3\" animation_offset=\"\"]SOLICITAR INFORMACI\u00d3N[\/fusion_button]\n","protected":false},"featured_media":13099,"template":"","meta":{"ngg_post_thumbnail":0},"product_brand":[],"product_cat":[19,18,91],"product_tag":[],"class_list":{"0":"post-13068","1":"product","2":"type-product","3":"status-publish","4":"has-post-thumbnail","6":"product_cat-antorchas-soldadura-tbi-industries-mexico","7":"product_cat-antorchas-soldadura-mig-mag","8":"product_cat-antorchas-mig-mag-con-mango-t-lux","9":"product-grid-view","11":"first","12":"instock","13":"shipping-taxable","14":"product-type-simple"},"aioseo_notices":[],"_links":{"self":[{"href":"https:\/\/sea-sa.com.mx\/site\/wp-json\/wp\/v2\/product\/13068","targetHints":{"allow":["GET"]}}],"collection":[{"href":"https:\/\/sea-sa.com.mx\/site\/wp-json\/wp\/v2\/product"}],"about":[{"href":"https:\/\/sea-sa.com.mx\/site\/wp-json\/wp\/v2\/types\/product"}],"wp:featuredmedia":[{"embeddable":true,"href":"https:\/\/sea-sa.com.mx\/site\/wp-json\/wp\/v2\/media\/13099"}],"wp:attachment":[{"href":"https:\/\/sea-sa.com.mx\/site\/wp-json\/wp\/v2\/media?parent=13068"}],"wp:term":[{"taxonomy":"product_brand","embeddable":true,"href":"https:\/\/sea-sa.com.mx\/site\/wp-json\/wp\/v2\/product_brand?post=13068"},{"taxonomy":"product_cat","embeddable":true,"href":"https:\/\/sea-sa.com.mx\/site\/wp-json\/wp\/v2\/product_cat?post=13068"},{"taxonomy":"product_tag","embeddable":true,"href":"https:\/\/sea-sa.com.mx\/site\/wp-json\/wp\/v2\/product_tag?post=13068"}],"curies":[{"name":"wp","href":"https:\/\/api.w.org\/{rel}","templated":true}]}}