{"id":12902,"date":"2023-11-29T19:35:10","date_gmt":"2023-11-29T19:35:10","guid":{"rendered":"https:\/\/sea-sa.com.mx\/site\/?post_type=product&#038;p=12902"},"modified":"2025-12-11T23:15:44","modified_gmt":"2025-12-11T23:15:44","slug":"equipo-soldadura-welding-positioner-pth","status":"publish","type":"product","link":"https:\/\/sea-sa.com.mx\/site\/producto\/equipo-soldadura-welding-positioner-pth\/","title":{"rendered":"Axis Hydraulic Welding Positioner \u2013 PT-H"},"content":{"rendered":"<ul>\n<li style=\"list-style-type: none;\">\n<ul>\n<li>Las capacidades var\u00edan de 100 a 5,000 kilogramos de rotaci\u00f3n de 360\u00b0, inclinaciones de 135\u00b0 en todos los modelos.<\/li>\n<li>Alta frecuencia protegida.<\/li>\n<li>Mesa de ranuras &#8220;T&#8221; mecanizadas con piloto y orificio pasante.<\/li>\n<li>Reductores de tornillo de alta calidad.<\/li>\n<li>Opci\u00f3n de altura de mesa ajustable tipo AD disponible.<\/li>\n<li>Rotaci\u00f3n est\u00e1ndar de avance\/retroceso y control de velocidad variable.<\/li>\n<\/ul>\n<\/li>\n<\/ul>\n<p>&nbsp;<\/p>\n<p><iframe loading=\"lazy\" src=\"https:\/\/www.youtube.com\/watch?v=J4oh1B3BnXQ\" name=\"iframe\" width=\"100%\" height=\"600px\" frameborder=\"0\" allowfullscreen=\"allowfullscreen\"><\/iframe><\/p>\n<p><strong>Informaci\u00f3n t\u00e9cnica:<\/strong><\/p>\n<p><a href=\"https:\/\/sea-sa.com.mx\/site\/wp-content\/uploads\/2020\/03\/SEA_Posicionadores-para-soldadura_Welding-Positioner_Modelos.pdf\">Descargar Folleto Posicionador Axis Hydraulic Welding Positioner \u2013 PT-H<\/a><\/p>\n<p><a href=\"https:\/\/sea-sa.com.mx\/site\/wp-content\/uploads\/2023\/11\/3-axis-welding-pth.pdf\" target=\"_blank\" rel=\"noopener\"><img loading=\"lazy\" decoding=\"async\" class=\"lazyload alignnone wp-image-12915\" title=\"Posicionador para soldadura Axis Hydraulic Welding PTH\" src=\"https:\/\/sea-sa.com.mx\/site\/wp-content\/uploads\/2023\/11\/miniatura-3-axis-welding-pth.jpg\" data-orig-src=\"https:\/\/sea-sa.com.mx\/site\/wp-content\/uploads\/2023\/11\/miniatura-3-axis-welding-pth.jpg\" alt=\"\" width=\"193\" height=\"275\" srcset=\"data:image\/svg+xml,%3Csvg%20xmlns%3D%27http%3A%2F%2Fwww.w3.org%2F2000%2Fsvg%27%20width%3D%27193%27%20height%3D%27275%27%20viewBox%3D%270%200%20193%20275%27%3E%3Crect%20width%3D%27193%27%20height%3D%273275%27%20fill-opacity%3D%220%22%2F%3E%3C%2Fsvg%3E\" data-srcset=\"https:\/\/sea-sa.com.mx\/site\/wp-content\/uploads\/2023\/11\/miniatura-3-axis-welding-pth-200x285.jpg 200w, https:\/\/sea-sa.com.mx\/site\/wp-content\/uploads\/2023\/11\/miniatura-3-axis-welding-pth-400x569.jpg 400w, https:\/\/sea-sa.com.mx\/site\/wp-content\/uploads\/2023\/11\/miniatura-3-axis-welding-pth-500x711.jpg 500w, https:\/\/sea-sa.com.mx\/site\/wp-content\/uploads\/2023\/11\/miniatura-3-axis-welding-pth-600x854.jpg 600w, https:\/\/sea-sa.com.mx\/site\/wp-content\/uploads\/2023\/11\/miniatura-3-axis-welding-pth.jpg 634w\" data-sizes=\"auto\" data-orig-sizes=\"auto, (max-width: 193px) 100vw, 193px\" \/><\/a><\/p>\n","protected":false},"excerpt":{"rendered":"<p>Los posicionadores de soldadura de la serie <strong>ProArc PT<\/strong> permiten al operador de los talleres de fabricaci\u00f3n de acero posicionar los trabajos para la posici\u00f3n &#8220;descendente&#8221; en el menor tiempo posible, sin el uso de gr\u00faas y mano de obra.<\/p>\n[fusion_button link=\"https:\/\/sea-sa.com.mx\/site\/contacto-empresa-soldadura-equipos-antorchas\/?interes=Welding Positioner PT\" text_transform=\"\" title=\"Cont\u00e1ctanos para asesorarte\" target=\"_self\" link_attributes=\"\" alignment=\"center\" modal=\"\" hide_on_mobile=\"small-visibility,medium-visibility,large-visibility\" class=\"\" id=\"\" color=\"custom\" button_gradient_top_color=\"#ba0000\" button_gradient_bottom_color=\"#a50000\" button_gradient_top_color_hover=\"#a50000\" button_gradient_bottom_color_hover=\"#ba0000\" accent_color=\"#ffffff\" accent_hover_color=\"#eaeaea\" type=\"\" bevel_color=\"\" border_width=\"\" size=\"large\" stretch=\"default\" shape=\"pill\" icon=\"fa-info-circle fas\" icon_position=\"left\" icon_divider=\"yes\" animation_type=\"\" animation_direction=\"left\" animation_speed=\"0.3\" animation_offset=\"\"]SOLICITAR INFORMACI\u00d3N[\/fusion_button]\n","protected":false},"featured_media":12903,"template":"","meta":{"ngg_post_thumbnail":0},"product_brand":[],"product_cat":[72],"product_tag":[81],"class_list":{"0":"post-12902","1":"product","2":"type-product","3":"status-publish","4":"has-post-thumbnail","6":"product_cat-posicionador-soldadura-proarc-welding-positioner-pt","7":"product_tag-proarc","8":"product-grid-view","10":"first","11":"instock","12":"shipping-taxable","13":"product-type-simple"},"aioseo_notices":[],"_links":{"self":[{"href":"https:\/\/sea-sa.com.mx\/site\/wp-json\/wp\/v2\/product\/12902","targetHints":{"allow":["GET"]}}],"collection":[{"href":"https:\/\/sea-sa.com.mx\/site\/wp-json\/wp\/v2\/product"}],"about":[{"href":"https:\/\/sea-sa.com.mx\/site\/wp-json\/wp\/v2\/types\/product"}],"wp:featuredmedia":[{"embeddable":true,"href":"https:\/\/sea-sa.com.mx\/site\/wp-json\/wp\/v2\/media\/12903"}],"wp:attachment":[{"href":"https:\/\/sea-sa.com.mx\/site\/wp-json\/wp\/v2\/media?parent=12902"}],"wp:term":[{"taxonomy":"product_brand","embeddable":true,"href":"https:\/\/sea-sa.com.mx\/site\/wp-json\/wp\/v2\/product_brand?post=12902"},{"taxonomy":"product_cat","embeddable":true,"href":"https:\/\/sea-sa.com.mx\/site\/wp-json\/wp\/v2\/product_cat?post=12902"},{"taxonomy":"product_tag","embeddable":true,"href":"https:\/\/sea-sa.com.mx\/site\/wp-json\/wp\/v2\/product_tag?post=12902"}],"curies":[{"name":"wp","href":"https:\/\/api.w.org\/{rel}","templated":true}]}}