{"id":11714,"date":"2023-02-09T18:35:09","date_gmt":"2023-02-09T18:35:09","guid":{"rendered":"https:\/\/sea-sa.com.mx\/site\/?post_type=product&#038;p=11714"},"modified":"2023-02-09T19:48:29","modified_gmt":"2023-02-09T19:48:29","slug":"maquina-soldadura-tig-tetrix-350","status":"publish","type":"product","link":"https:\/\/sea-sa.com.mx\/site\/producto\/maquina-soldadura-tig-tetrix-350\/","title":{"rendered":"Tetrix XQ 350 puls AC\/DC W EX 5P"},"content":{"rendered":"<p><strong>Datos t\u00e9cnicos:<\/strong><\/p>\n<ul>\n<li style=\"font-weight: 400;\"><span style=\"font-weight: 400;\">Rango de ajuste de corriente de soldadura: 3 A &#8211; 350 A<\/span><\/li>\n<li style=\"font-weight: 400;\">Factor de marcha 40\u00b0C:\u00a0 350 A \/ 100 %<\/li>\n<li>Tensi\u00f3n en vac\u00edo: 82 V<\/li>\n<li>Tensi\u00f3n en red: 3 x 400 V<\/li>\n<li>Tolerancias: -25 % hasta +20 %<\/li>\n<li>Frecuencia de red: 50 Hz \/ 60Hz<\/li>\n<li>Potencia del generador recomendada: 14.7 kVA<\/li>\n<li>Potencia de refrigeraci\u00f3n a 1 l\/min: 1000 W<\/li>\n<li>Presi\u00f3n de la bomba: 3,5 bar<\/li>\n<li>Capacidad de dep\u00f3sito: 8L<\/li>\n<li>Tipo de protecci\u00f3n: IP23<\/li>\n<li style=\"font-weight: 400;\">Dimensiones: Largo x Ancho x Alto en mm: 1150 x 678 x 972<\/li>\n<li>Peso: 128.5 kg<\/li>\n<\/ul>\n","protected":false},"excerpt":{"rendered":"<p>M\u00e1quina de soldadura de pulsos AC\/DC TIG, equipo demodular con control Expert 3.0.<\/p>\n<ul class=\"description_list\">\n<li title=\"394-506771-10800\" data-id=\"124658\" data-acckind=\"394115:Funktionsbrenner, 5-polig\">Antorcha multifuncional TIG Retox XQ de EWM con funciones de visualizaci\u00f3n y control remoto, refrigeraci\u00f3n por agua, 4 m.<\/li>\n<li title=\"092-000013-00000\" data-id=\"91640\" data-acckind=\"9559:Werkst\u00fcckleitungen\">Conducto de piezas de trabajo con apriete, 450 A \/ 60 %, 70 mm\u00b2<\/li>\n<li title=\"094-000010-00001\" data-id=\"6105\" data-acckind=\"435:Allgemein\">Manguera de gas, 2 m.<\/li>\n<li title=\"394-008488-10015\" data-id=\"124396\" data-acckind=\"10530:Druckminderer\">Reductor de presi\u00f3n con man\u00f3metro, 15 l.<\/li>\n<li title=\"094-000530-00005\" data-id=\"42833\" data-acckind=\"672:K\u00fchlmittel\">L\u00edquido de refrigeraci\u00f3n hasta -10 \u00b0C (14 \u00b0F), 5 l.<\/li>\n<li class=\"last-item\" title=\"092-008215-00000\" data-id=\"8776\" data-acckind=\"39948:Optionen f\u00fcr Schwei\u00dfger\u00e4te\">Conector montado.<\/li>\n<\/ul>\n[fusion_button link=\"https:\/\/sea-sa.com.mx\/site\/contacto-empresa-soldadura-equipos-antorchas\/?interes=Tetrix XQ 350 puls AC\/DC\" text_transform=\"\" title=\"Cont\u00e1ctanos para asesorarte\" target=\"_self\" link_attributes=\"\" alignment=\"center\" modal=\"\" hide_on_mobile=\"small-visibility,medium-visibility,large-visibility\" class=\"\" id=\"\" color=\"custom\" button_gradient_top_color=\"#ba0000\" button_gradient_bottom_color=\"#a50000\" button_gradient_top_color_hover=\"#a50000\" button_gradient_bottom_color_hover=\"#ba0000\" accent_color=\"#ffffff\" accent_hover_color=\"#eaeaea\" type=\"\" bevel_color=\"\" border_width=\"\" size=\"large\" stretch=\"default\" shape=\"pill\" icon=\"fa-info-circle fas\" icon_position=\"left\" icon_divider=\"yes\" animation_type=\"\" animation_direction=\"left\" animation_speed=\"0.3\" animation_offset=\"\"]SOLICITAR INFORMACI\u00d3N[\/fusion_button]\n","protected":false},"featured_media":11715,"template":"","meta":{"ngg_post_thumbnail":0},"product_brand":[],"product_cat":[32,38,47],"product_tag":[],"class_list":{"0":"post-11714","1":"product","2":"type-product","3":"status-publish","4":"has-post-thumbnail","6":"product_cat-maquinas-soldadura-soldar-ewm-mexico","7":"product_cat-maquinas-soldadura-tig-dc","8":"product_cat-maquina-soldadura-ewm-group-tig-dc-tetrix-industrial","9":"product-grid-view","11":"first","12":"instock","13":"shipping-taxable","14":"product-type-simple"},"aioseo_notices":[],"_links":{"self":[{"href":"https:\/\/sea-sa.com.mx\/site\/wp-json\/wp\/v2\/product\/11714","targetHints":{"allow":["GET"]}}],"collection":[{"href":"https:\/\/sea-sa.com.mx\/site\/wp-json\/wp\/v2\/product"}],"about":[{"href":"https:\/\/sea-sa.com.mx\/site\/wp-json\/wp\/v2\/types\/product"}],"wp:featuredmedia":[{"embeddable":true,"href":"https:\/\/sea-sa.com.mx\/site\/wp-json\/wp\/v2\/media\/11715"}],"wp:attachment":[{"href":"https:\/\/sea-sa.com.mx\/site\/wp-json\/wp\/v2\/media?parent=11714"}],"wp:term":[{"taxonomy":"product_brand","embeddable":true,"href":"https:\/\/sea-sa.com.mx\/site\/wp-json\/wp\/v2\/product_brand?post=11714"},{"taxonomy":"product_cat","embeddable":true,"href":"https:\/\/sea-sa.com.mx\/site\/wp-json\/wp\/v2\/product_cat?post=11714"},{"taxonomy":"product_tag","embeddable":true,"href":"https:\/\/sea-sa.com.mx\/site\/wp-json\/wp\/v2\/product_tag?post=11714"}],"curies":[{"name":"wp","href":"https:\/\/api.w.org\/{rel}","templated":true}]}}